{"id":11218,"date":"2025-10-14T17:36:00","date_gmt":"2025-10-14T15:36:00","guid":{"rendered":"https:\/\/www.naranjo-sat.com\/module-sat-programm\/sat-5-perspectives-collectives-de-transformation\/"},"modified":"2026-01-31T15:56:01","modified_gmt":"2026-01-31T14:56:01","slug":"sat-5-kollektive-perspektiven-der-transformation","status":"publish","type":"page","link":"https:\/\/www.naranjo-sat.com\/de\/module-sat-programm\/sat-5-kollektive-perspektiven-der-transformation\/","title":{"rendered":"SAT 5 :  Kollektive Perspektiven der Transformation"},"content":{"rendered":"<p>[et_pb_section fb_built=&#8220;1&#8243; _builder_version=&#8220;4.27.4&#8243; _module_preset=&#8220;default&#8220; background_color=&#8220;#f8f8f8&#8243; background_enable_image=&#8220;off&#8220; background_size=&#8220;contain&#8220; background_position=&#8220;top_left&#8220; custom_margin=&#8220;0px||||false|false&#8220; custom_margin_tablet=&#8220;0px||0px||false|false&#8220; custom_margin_phone=&#8220;163px||0px||false|false&#8220; custom_margin_last_edited=&#8220;on|tablet&#8220; custom_padding=&#8220;0px||29px||false|false&#8220; global_colors_info=&#8220;{}&#8220;][et_pb_row custom_padding_last_edited=&#8220;on|tablet&#8220; disabled_on=&#8220;on|off|off&#8220; _builder_version=&#8220;4.27.4&#8243; _module_preset=&#8220;default&#8220; module_alignment=&#8220;right&#8220; custom_margin=&#8220;0px||0px|0px|false|false&#8220; custom_margin_tablet=&#8220;9px||0px|0px|false|false&#8220; custom_margin_phone=&#8220;66px||0px|0px|false|false&#8220; custom_margin_last_edited=&#8220;on|tablet&#8220; custom_padding=&#8220;0px||12px||false|false&#8220; custom_padding_tablet=&#8220;0px||2px||false|false&#8220; custom_padding_phone=&#8220;||63px||false|false&#8220; saved_tabs=&#8220;all&#8220; global_colors_info=&#8220;{}&#8220;][et_pb_column type=&#8220;4_4&#8243; _builder_version=&#8220;4.16&#8243; _module_preset=&#8220;default&#8220; global_colors_info=&#8220;{}&#8220;][dipi_breadcrumbs bc_custom_home=&#8220;on&#8220; bc_home_text=&#8220;Startseite&#8220; bc_home_icon=&#8220;off&#8220; bc_items_alignment=&#8220;dipi-bc-right&#8220; bc_schema=&#8220;off&#8220; bc_separator_color=&#8220;#897470&#8243; bc_active_item_color=&#8220;RGBA(255,255,255,0)&#8220; disabled_on=&#8220;on|off|off&#8220; _builder_version=&#8220;4.27.5&#8243; _module_preset=&#8220;default&#8220; items_font=&#8220;Fira Sans|300|||||||&#8220; items_font_size=&#8220;0.9em&#8220; hover_text_color=&#8220;#897470&#8243; active_text_color=&#8220;#897470&#8243; module_alignment=&#8220;center&#8220; custom_margin=&#8220;0px||||false|false&#8220; custom_padding=&#8220;69px|35px|||false|false&#8220; locked=&#8220;off&#8220; global_colors_info=&#8220;{}&#8220;][\/dipi_breadcrumbs][\/et_pb_column][\/et_pb_row][et_pb_row column_structure=&#8220;2_5,3_5&#8243; use_custom_gutter=&#8220;on&#8220; gutter_width=&#8220;1&#8243; custom_padding_last_edited=&#8220;on|tablet&#8220; _builder_version=&#8220;4.27.4&#8243; _module_preset=&#8220;default&#8220; width_tablet=&#8220;&#8220; width_phone=&#8220;90%&#8220; width_last_edited=&#8220;on|tablet&#8220; module_alignment=&#8220;center&#8220; custom_margin=&#8220;0px|0px||0px|false|false&#8220; custom_margin_tablet=&#8220;0px||||false|false&#8220; custom_margin_phone=&#8220;0px||||false|false&#8220; custom_margin_last_edited=&#8220;on|tablet&#8220; custom_padding=&#8220;0px||33px||false|false&#8220; custom_padding_tablet=&#8220;0px||3px||false|false&#8220; custom_padding_phone=&#8220;0px||7px||false|false&#8220; module_alignment_tablet=&#8220;center&#8220; module_alignment_phone=&#8220;center&#8220; module_alignment_last_edited=&#8220;on|tablet&#8220; global_colors_info=&#8220;{}&#8220;][et_pb_column type=&#8220;2_5&#8243; _builder_version=&#8220;4.16&#8243; _module_preset=&#8220;default&#8220; global_colors_info=&#8220;{}&#8220;][et_pb_image src=&#8220;https:\/\/www.naranjo-sat.com\/wp-content\/uploads\/2025\/10\/img-module-sat-5-3.png&#8220; title_text=&#8220;img-module-sat-5&#8243; align_tablet=&#8220;&#8220; align_phone=&#8220;left&#8220; align_last_edited=&#8220;on|desktop&#8220; _builder_version=&#8220;4.27.5&#8243; _module_preset=&#8220;default&#8220; width=&#8220;40%&#8220; width_tablet=&#8220;29%&#8220; width_phone=&#8220;54%&#8220; width_last_edited=&#8220;on|phone&#8220; module_alignment=&#8220;right&#8220; custom_margin=&#8220;|0px||0px|false|false&#8220; custom_padding=&#8220;52px|35px||0px|false|false&#8220; module_alignment_tablet=&#8220;left&#8220; module_alignment_phone=&#8220;left&#8220; module_alignment_last_edited=&#8220;on|desktop&#8220; global_colors_info=&#8220;{}&#8220;][\/et_pb_image][\/et_pb_column][et_pb_column type=&#8220;3_5&#8243; _builder_version=&#8220;4.16&#8243; _module_preset=&#8220;default&#8220; global_colors_info=&#8220;{}&#8220;][et_pb_text _builder_version=&#8220;4.27.5&#8243; _module_preset=&#8220;default&#8220; header_font=&#8220;Merriweather|700|on||||||&#8220; header_font_size=&#8220;24px&#8220; header_line_height=&#8220;1.2em&#8220; custom_margin=&#8220;64px||0px||false|false&#8220; custom_margin_tablet=&#8220;0px||||false|false&#8220; custom_margin_phone=&#8220;0px||0px||false|false&#8220; custom_margin_last_edited=&#8220;on|tablet&#8220; custom_padding=&#8220;0px|40px|0px|40px|false|true&#8220; border_width_left=&#8220;4px&#8220; border_color_left=&#8220;#FDB940&#8243; global_colors_info=&#8220;{}&#8220;]<\/p>\n<h1><strong>SAT 5<br \/>Kollektive Perspektiven der Transformation<br \/><\/strong><\/h1>\n<p>Wie k\u00f6nnen wir unsere innere Reise\u202f\u00fcber uns hinaus\u202fverf\u00fcgbar machen?<br \/>Dieses Modul bietet den Raum f\u00fcr einen Erfahrungsaustausch\u202fzu verschiedenen aktuellen Fragestellungen, die sowohl unsere pers\u00f6nliche als auch soziale Verantwortung umfassen. Es geht darum, den Ver\u00e4nderungen zu begegnen, die durch politische, technologische und klimatische Umbr\u00fcche ausgel\u00f6st werden \u2013 und dabei eine innere Balance zu entwickeln, die im Einklang mit der Natur steht.<\/p>\n<ul><\/ul>\n<p>[\/et_pb_text][\/et_pb_column][\/et_pb_row][\/et_pb_section][et_pb_section fb_built=&#8220;1&#8243; _builder_version=&#8220;4.27.4&#8243; _module_preset=&#8220;default&#8220; background_color=&#8220;RGBA(255,255,255,0)&#8220; background_enable_image=&#8220;off&#8220; custom_margin=&#8220;0px||||false|false&#8220; custom_padding=&#8220;0px||0px||false|false&#8220; global_colors_info=&#8220;{}&#8220;][et_pb_row custom_padding_last_edited=&#8220;on|tablet&#8220; _builder_version=&#8220;4.27.4&#8243; background_enable_image=&#8220;off&#8220; background_size=&#8220;contain&#8220; background_position=&#8220;top_left&#8220; custom_margin=&#8220;|auto|0px|auto|false|false&#8220; custom_margin_tablet=&#8220;|auto|0px|auto|false|false&#8220; custom_margin_phone=&#8220;0px||||false|false&#8220; custom_margin_last_edited=&#8220;on|phone&#8220; custom_padding=&#8220;||0px||false|false&#8220; custom_padding_tablet=&#8220;||3px||false|false&#8220; custom_padding_phone=&#8220;81px||3px||false|false&#8220; global_colors_info=&#8220;{}&#8220;][et_pb_column type=&#8220;4_4&#8243; _builder_version=&#8220;4.16&#8243; global_colors_info=&#8220;{}&#8220;][et_pb_text _builder_version=&#8220;4.27.5&#8243; _module_preset=&#8220;907ab508-df1b-4006-b13d-d8c630f5397a&#8220; header_2_font=&#8220;Merriweather|700|on||||||&#8220; header_2_font_size=&#8220;25px&#8220; custom_margin=&#8220;16px||16px||false|false&#8220; global_colors_info=&#8220;{}&#8220;]<\/p>\n<h2 style=\"text-align: center;\">N\u00e4chstes SAT 5<\/h2>\n<p>[\/et_pb_text][\/et_pb_column][\/et_pb_row][et_pb_row custom_padding_last_edited=&#8220;on|desktop&#8220; _builder_version=&#8220;4.27.5&#8243; _module_preset=&#8220;default&#8220; background_color=&#8220;RGBA(255,255,255,0)&#8220; background_image=&#8220;https:\/\/www.naranjo-sat.com\/wp-content\/uploads\/2024\/11\/naranjo-sat-ennea-symbole-bck.png&#8220; background_size=&#8220;contain&#8220; height=&#8220;416px&#8220; custom_margin=&#8220;||||false|false&#8220; custom_padding=&#8220;||80px|3px|false|false&#8220; custom_padding_tablet=&#8220;||80px|3px|false|false&#8220; custom_padding_phone=&#8220;||80px|3px|false|false&#8220; locked=&#8220;off&#8220; global_colors_info=&#8220;{}&#8220;][et_pb_column type=&#8220;4_4&#8243; _builder_version=&#8220;4.27.4&#8243; _module_preset=&#8220;default&#8220; global_colors_info=&#8220;{}&#8220;][et_pb_text _builder_version=&#8220;4.27.5&#8243; _module_preset=&#8220;_initial&#8220; custom_margin=&#8220;4px||112px||false|false&#8220; custom_padding=&#8220;0px|40px|0px|40px|false|true&#8220; custom_padding_phone=&#8220;4px|0px|5px|15px|false|false&#8220; global_colors_info=&#8220;{}&#8220;]<\/p>\n<p style=\"text-align: center;\">Dieses Modul wird derzeit programmiert<\/p>\n<p>[\/et_pb_text][et_pb_blurb title=&#8220;Informationen, Preise und Unterk\u00fcnfte&#8220; url=&#8220;https:\/\/www.naranjo-sat.com\/de\/sat-entdecken\/termine-und-preise\/#preise&#8220; image=&#8220;https:\/\/www.naranjo-sat.com\/wp-content\/uploads\/2026\/01\/ico-info.png&#8220; image_icon_width=&#8220;74px&#8220; icon_alignment=&#8220;left&#8220; icon_alignment_tablet=&#8220;left&#8220; icon_alignment_phone=&#8220;left&#8220; icon_alignment_last_edited=&#8220;on|desktop&#8220; _builder_version=&#8220;4.27.5&#8243; _module_preset=&#8220;default&#8220; header_level=&#8220;h3&#8243; header_font=&#8220;Fira Sans||||||||&#8220; header_text_color=&#8220;#393D41&#8243; header_font_size=&#8220;19px&#8220; custom_margin=&#8220;||||false|false&#8220; custom_padding=&#8220;22px||||false|false&#8220; custom_css_blurb_image=&#8220;margin-top: 15px;&#8220; custom_css_blurb_title=&#8220;margin-top: -15px;&#8220; global_module=&#8220;11566&#8243; saved_tabs=&#8220;all&#8220; locked=&#8220;off&#8220; global_colors_info=&#8220;{}&#8220;][\/et_pb_blurb][\/et_pb_column][\/et_pb_row][\/et_pb_section][et_pb_section fb_built=&#8220;1&#8243; admin_label=&#8220;INTRO 3 PHASES&#8220; _builder_version=&#8220;4.27.4&#8243; _module_preset=&#8220;default&#8220; background_color=&#8220;RGBA(255,255,255,0)&#8220; min_height_tablet=&#8220;&#8220; min_height_phone=&#8220;400px&#8220; min_height_last_edited=&#8220;on|tablet&#8220; custom_margin=&#8220;57px||0px||false|false&#8220; custom_margin_tablet=&#8220;0px||||false|false&#8220; custom_margin_phone=&#8220;20px||||false|false&#8220; custom_margin_last_edited=&#8220;on|phone&#8220; custom_padding=&#8220;0px||0px||false|false&#8220; bottom_divider_flip=&#8220;vertical&#8220; collapsed=&#8220;off&#8220; global_colors_info=&#8220;{}&#8220;][et_pb_row custom_padding_last_edited=&#8220;on|tablet&#8220; _builder_version=&#8220;4.27.4&#8243; custom_margin=&#8220;|auto|0px|auto|false|false&#8220; custom_padding=&#8220;||0px||false|false&#8220; custom_padding_tablet=&#8220;41px||17px||false|false&#8220; custom_padding_phone=&#8220;||2px||false|false&#8220; global_colors_info=&#8220;{}&#8220;][et_pb_column type=&#8220;4_4&#8243; _builder_version=&#8220;4.16&#8243; global_colors_info=&#8220;{}&#8220;][et_pb_text _builder_version=&#8220;4.27.5&#8243; _module_preset=&#8220;907ab508-df1b-4006-b13d-d8c630f5397a&#8220; header_2_font=&#8220;Merriweather|700|on||||||&#8220; header_2_font_size=&#8220;25px&#8220; custom_margin=&#8220;16px||16px||false|false&#8220; global_colors_info=&#8220;{}&#8220;]<\/p>\n<h2 style=\"text-align: center;\">Die anderen Module des SAT-Programms<\/h2>\n<p>[\/et_pb_text][\/et_pb_column][\/et_pb_row][et_pb_row column_structure=&#8220;1_4,1_4,1_4,1_4&#8243; custom_padding_last_edited=&#8220;on|tablet&#8220; _builder_version=&#8220;4.27.4&#8243; width=&#8220;47%&#8220; custom_margin=&#8220;0px|auto|0px|auto|false|false&#8220; custom_padding=&#8220;||159px||false|false&#8220; custom_padding_tablet=&#8220;||63px||false|false&#8220; custom_padding_phone=&#8220;||98px||false|false&#8220; locked=&#8220;off&#8220; global_colors_info=&#8220;{}&#8220;][et_pb_column type=&#8220;1_4&#8243; _builder_version=&#8220;4.16&#8243; global_colors_info=&#8220;{}&#8220;][et_pb_image src=&#8220;https:\/\/www.naranjo-sat.com\/wp-content\/uploads\/2024\/11\/naranjo-sat-1.png&#8220; title_text=&#8220;naranjo-sat-1&#8243; url=&#8220;@ET-DC@eyJkeW5hbWljIjp0cnVlLCJjb250ZW50IjoicG9zdF9saW5rX3VybF9wYWdlIiwic2V0dGluZ3MiOnsicG9zdF9pZCI6Ijk1OTkifX0=@&#8220; align=&#8220;right&#8220; align_tablet=&#8220;right&#8220; align_phone=&#8220;right&#8220; align_last_edited=&#8220;on|desktop&#8220; _builder_version=&#8220;4.27.5&#8243; _dynamic_attributes=&#8220;url&#8220; _module_preset=&#8220;default&#8220; width=&#8220;84%&#8220; width_tablet=&#8220;71%&#8220; width_phone=&#8220;75%&#8220; width_last_edited=&#8220;on|tablet&#8220; module_alignment=&#8220;right&#8220; module_alignment_tablet=&#8220;left&#8220; module_alignment_phone=&#8220;center&#8220; module_alignment_last_edited=&#8220;on|tablet&#8220; border_radii=&#8220;on|10px|10px|10px|10px&#8220; global_colors_info=&#8220;{}&#8220;][\/et_pb_image][\/et_pb_column][et_pb_column type=&#8220;1_4&#8243; _builder_version=&#8220;4.27.5&#8243; _module_preset=&#8220;default&#8220; global_colors_info=&#8220;{}&#8220;][et_pb_image src=&#8220;https:\/\/www.naranjo-sat.com\/wp-content\/uploads\/2025\/07\/naranjo-sat-2.png&#8220; title_text=&#8220;naranjo-sat-2&#8243; url=&#8220;@ET-DC@eyJkeW5hbWljIjp0cnVlLCJjb250ZW50IjoicG9zdF9saW5rX3VybF9wYWdlIiwic2V0dGluZ3MiOnsicG9zdF9pZCI6IjEwMDEyIn19@&#8220; align=&#8220;right&#8220; align_tablet=&#8220;right&#8220; align_phone=&#8220;right&#8220; align_last_edited=&#8220;on|desktop&#8220; _builder_version=&#8220;4.27.5&#8243; _dynamic_attributes=&#8220;url&#8220; _module_preset=&#8220;default&#8220; width=&#8220;84%&#8220; width_tablet=&#8220;71%&#8220; width_phone=&#8220;75%&#8220; width_last_edited=&#8220;on|tablet&#8220; module_alignment=&#8220;right&#8220; module_alignment_tablet=&#8220;left&#8220; module_alignment_phone=&#8220;center&#8220; module_alignment_last_edited=&#8220;on|tablet&#8220; border_radii=&#8220;on|10px|10px|10px|10px&#8220; global_colors_info=&#8220;{}&#8220;][\/et_pb_image][\/et_pb_column][et_pb_column type=&#8220;1_4&#8243; _builder_version=&#8220;4.16&#8243; global_colors_info=&#8220;{}&#8220;][et_pb_image src=&#8220;https:\/\/www.naranjo-sat.com\/wp-content\/uploads\/2025\/07\/naranjo-sat-3.png&#8220; title_text=&#8220;naranjo-sat-3&#8243; url=&#8220;@ET-DC@eyJkeW5hbWljIjp0cnVlLCJjb250ZW50IjoicG9zdF9saW5rX3VybF9wYWdlIiwic2V0dGluZ3MiOnsicG9zdF9pZCI6IjEwMDI4In19@&#8220; align=&#8220;right&#8220; align_tablet=&#8220;right&#8220; align_phone=&#8220;right&#8220; align_last_edited=&#8220;on|desktop&#8220; _builder_version=&#8220;4.27.5&#8243; _dynamic_attributes=&#8220;url&#8220; _module_preset=&#8220;default&#8220; width=&#8220;84%&#8220; width_tablet=&#8220;71%&#8220; width_phone=&#8220;75%&#8220; width_last_edited=&#8220;on|tablet&#8220; module_alignment=&#8220;right&#8220; module_alignment_tablet=&#8220;left&#8220; module_alignment_phone=&#8220;center&#8220; module_alignment_last_edited=&#8220;on|tablet&#8220; border_radii=&#8220;on|10px|10px|10px|10px&#8220; global_colors_info=&#8220;{}&#8220;][\/et_pb_image][\/et_pb_column][et_pb_column type=&#8220;1_4&#8243; _builder_version=&#8220;4.16&#8243; global_colors_info=&#8220;{}&#8220;][et_pb_image src=&#8220;https:\/\/www.naranjo-sat.com\/wp-content\/uploads\/2024\/11\/naranjo-sat-4.png&#8220; title_text=&#8220;naranjo-sat-4&#8243; url=&#8220;@ET-DC@eyJkeW5hbWljIjp0cnVlLCJjb250ZW50IjoicG9zdF9saW5rX3VybF9wYWdlIiwic2V0dGluZ3MiOnsicG9zdF9pZCI6IjEwMDQ5In19@&#8220; align=&#8220;right&#8220; align_tablet=&#8220;right&#8220; align_phone=&#8220;right&#8220; align_last_edited=&#8220;on|desktop&#8220; _builder_version=&#8220;4.27.5&#8243; _dynamic_attributes=&#8220;url&#8220; _module_preset=&#8220;default&#8220; width=&#8220;84%&#8220; width_tablet=&#8220;71%&#8220; width_phone=&#8220;75%&#8220; width_last_edited=&#8220;on|tablet&#8220; module_alignment=&#8220;right&#8220; module_alignment_tablet=&#8220;left&#8220; module_alignment_phone=&#8220;center&#8220; module_alignment_last_edited=&#8220;on|tablet&#8220; border_radii=&#8220;on|10px|10px|10px|10px&#8220; global_colors_info=&#8220;{}&#8220;][\/et_pb_image][\/et_pb_column][\/et_pb_row][\/et_pb_section][et_pb_section fb_built=&#8220;1&#8243; _builder_version=&#8220;4.27.5&#8243; _module_preset=&#8220;default&#8220; background_color=&#8220;#f2bb59&#8243; custom_margin=&#8220;0px||0px||false|false&#8220; custom_margin_tablet=&#8220;&#8220; custom_margin_phone=&#8220;0px||||false|false&#8220; custom_margin_last_edited=&#8220;on|phone&#8220; custom_padding=&#8220;0px||0px||false|false&#8220; hover_enabled=&#8220;0&#8243; global_colors_info=&#8220;{}&#8220; sticky_enabled=&#8220;0&#8243;][et_pb_row custom_padding_last_edited=&#8220;on|tablet&#8220; _builder_version=&#8220;4.27.4&#8243; _module_preset=&#8220;default&#8220; background_color=&#8220;#f2bb59&#8243; custom_margin=&#8220;0px||||false|false&#8220; custom_margin_tablet=&#8220;25px||||false|false&#8220; custom_margin_phone=&#8220;0px||||false|false&#8220; custom_margin_last_edited=&#8220;on|phone&#8220; custom_padding=&#8220;67px||50px||false|false&#8220; custom_padding_tablet=&#8220;||63px||false|false&#8220; custom_padding_phone=&#8220;||63px||false|false&#8220; global_colors_info=&#8220;{}&#8220;][et_pb_column type=&#8220;4_4&#8243; _builder_version=&#8220;4.16&#8243; _module_preset=&#8220;default&#8220; global_colors_info=&#8220;{}&#8220;][et_pb_cta button_url=&#8220;https:\/\/www.naranjo-sat.com\/de\/sat-entdecken\/termine-und-preise\/#info&#8220; button_text=&#8220;Kostenlose Online-Pr\u00e4sentationsworkshops&#8220; _builder_version=&#8220;4.27.5&#8243; _module_preset=&#8220;default&#8220; header_font=&#8220;|600|on||||||&#8220; header_text_color=&#8220;#393D41&#8243; header_font_size=&#8220;26px&#8220; header_line_height=&#8220;1.4em&#8220; background_color=&#8220;#f2bb59&#8243; custom_button=&#8220;on&#8220; button_text_size=&#8220;16px&#8220; button_text_color=&#8220;#393D41&#8243; button_bg_color=&#8220;#FDB940&#8243; button_border_color=&#8220;#ffffff&#8220; button_font=&#8220;Fira Sans|||on|||||&#8220; button_use_icon=&#8220;off&#8220; button_custom_margin=&#8220;30px||||false|false&#8220; button_custom_padding=&#8220;5px||5px||true|false&#8220; width=&#8220;77%&#8220; width_tablet=&#8220;&#8220; width_phone=&#8220;100%&#8220; width_last_edited=&#8220;on|phone&#8220; module_alignment=&#8220;center&#8220; custom_margin=&#8220;|||0px|false|false&#8220; custom_margin_tablet=&#8220;|||0px|false|false&#8220; custom_margin_phone=&#8220;0px||||false|false&#8220; custom_margin_last_edited=&#8220;on|phone&#8220; custom_padding=&#8220;0px|0px||0px|false|false&#8220; button_text_color_tablet=&#8220;&#8220; button_text_color_phone=&#8220;&#8220; button_text_color_last_edited=&#8220;on|phone&#8220; global_colors_info=&#8220;{}&#8220; button_text_color__hover_enabled=&#8220;off|hover&#8220;]<\/p>\n<h2>Wie kann ich Informationen zum SAT-Programm erhalten?<\/h2>\n<p>[\/et_pb_cta][\/et_pb_column][\/et_pb_row][\/et_pb_section]<\/p>\n","protected":false},"excerpt":{"rendered":"<p><div class=\"et_pb_module dipi_breadcrumbs dipi_breadcrumbs_0\">\n\t\t\t\t\n\t\t\t\t\n\t\t\t\t\n\t\t\t\t\n\t\t\t\t\n\t\t\t\t\n\t\t\t\t<div class=\"et_pb_module_inner\">\n\t\t\t\t\t<div class=\"dipi-breadcrumbs dipi-bc-right\">\n                <ul >\n                    \n                                                        <li  class=\"dipi-breadcrumb-item dipi-breadcrumb-home\">\n\n                        \n                            <a  href=\"\">\n                                <span  content=\"Startseite\">\n                                                                        Startseite                                <\/span>\n                            <\/a>\n\n                                                <meta itemprop=\"position\" content=\"1\"\/>                    <\/li>\n\n                    <li class=\"dipi-breadcrumb-separator\">\n                    <span class=\"et-pb-icon dipi-separator-icon\">$<\/span>\n                <\/li>                            \n                <\/ul>\n            <\/div>\n\t\t\t\t<\/div>\n\t\t\t<\/div>SAT 5Kollektive Perspektiven der Transformation Wie k\u00f6nnen wir unsere innere Reise\u202f\u00fcber uns hinaus\u202fverf\u00fcgbar machen?Dieses Modul bietet den Raum f\u00fcr einen Erfahrungsaustausch\u202fzu verschiedenen aktuellen Fragestellungen, die sowohl unsere pers\u00f6nliche als auch soziale Verantwortung umfassen. Es geht [&hellip;]<\/p>\n","protected":false},"author":7,"featured_media":0,"parent":11082,"menu_order":0,"comment_status":"closed","ping_status":"closed","template":"","meta":{"_et_pb_use_builder":"on","_et_pb_old_content":"","_et_gb_content_width":"","footnotes":""},"dipi_cpt_category":[],"class_list":["post-11218","page","type-page","status-publish","hentry"],"aioseo_notices":[],"_links":{"self":[{"href":"https:\/\/www.naranjo-sat.com\/de\/wp-json\/wp\/v2\/pages\/11218","targetHints":{"allow":["GET"]}}],"collection":[{"href":"https:\/\/www.naranjo-sat.com\/de\/wp-json\/wp\/v2\/pages"}],"about":[{"href":"https:\/\/www.naranjo-sat.com\/de\/wp-json\/wp\/v2\/types\/page"}],"author":[{"embeddable":true,"href":"https:\/\/www.naranjo-sat.com\/de\/wp-json\/wp\/v2\/users\/7"}],"replies":[{"embeddable":true,"href":"https:\/\/www.naranjo-sat.com\/de\/wp-json\/wp\/v2\/comments?post=11218"}],"version-history":[{"count":12,"href":"https:\/\/www.naranjo-sat.com\/de\/wp-json\/wp\/v2\/pages\/11218\/revisions"}],"predecessor-version":[{"id":11641,"href":"https:\/\/www.naranjo-sat.com\/de\/wp-json\/wp\/v2\/pages\/11218\/revisions\/11641"}],"up":[{"embeddable":true,"href":"https:\/\/www.naranjo-sat.com\/de\/wp-json\/wp\/v2\/pages\/11082"}],"wp:attachment":[{"href":"https:\/\/www.naranjo-sat.com\/de\/wp-json\/wp\/v2\/media?parent=11218"}],"wp:term":[{"taxonomy":"dipi_cpt_category","embeddable":true,"href":"https:\/\/www.naranjo-sat.com\/de\/wp-json\/wp\/v2\/dipi_cpt_category?post=11218"}],"curies":[{"name":"wp","href":"https:\/\/api.w.org\/{rel}","templated":true}]}}