{"id":8477,"date":"2021-06-14T19:51:25","date_gmt":"2021-06-14T17:51:25","guid":{"rendered":"https:\/\/www.naranjo-sat.com\/rechtliche-hinweise\/"},"modified":"2025-08-18T21:42:45","modified_gmt":"2025-08-18T19:42:45","slug":"impressum","status":"publish","type":"page","link":"https:\/\/www.naranjo-sat.com\/de\/impressum\/","title":{"rendered":"IMPRESSUM"},"content":{"rendered":"<p>[et_pb_section fb_built=&#8220;1&#8243; _builder_version=&#8220;4.27.4&#8243; _module_preset=&#8220;default&#8220; background_color=&#8220;RGBA(255,255,255,0)&#8220; hover_enabled=&#8220;0&#8243; global_colors_info=&#8220;{}&#8220; custom_margin_last_edited=&#8220;on|phone&#8220; custom_margin_phone=&#8220;50px||||false|false&#8220; sticky_enabled=&#8220;0&#8243;][et_pb_row column_structure=&#8220;3_4,1_4&#8243; _builder_version=&#8220;4.16&#8243; _module_preset=&#8220;default&#8220; global_colors_info=&#8220;{}&#8220;][et_pb_column type=&#8220;3_4&#8243; _builder_version=&#8220;4.16&#8243; _module_preset=&#8220;default&#8220; global_colors_info=&#8220;{}&#8220;][et_pb_text _builder_version=&#8220;4.27.4&#8243; _module_preset=&#8220;default&#8220; header_font=&#8220;Fira Sans|600|||||||&#8220; header_2_font=&#8220;Fira Sans|600|||||||&#8220; header_2_font_size=&#8220;18px&#8220; header_font_size_phone=&#8220;26px&#8220; global_colors_info=&#8220;{}&#8220;]<\/p>\n<h1>IMPRESSUM<\/h1>\n<p>&nbsp;<\/p>\n<p>Diese Webseite (www.naranjo-sat.com) geh\u00f6rt der IH&amp;SAT UG (haftungsbeschr\u00e4nkt) und wird von ihr betrieben.<\/p>\n<p><strong>IH&amp;SAT UG (haftungsbeschr\u00e4nkt)<\/strong><br \/>Stadtstrasse 11,<br \/>79104 Freiburg,<br \/>Deutschland<br \/>Tel.: +49 761 50362595<br \/>E-Mail : info@naranjo-sat.com<\/p>\n<p>Steuernummer: 06433\/42777<br \/>USt-IdNr. DE351106782<\/p>\n<p><strong>Handelsregister<\/strong><span data-ccp-props=\"{&quot;335559739&quot;:0}\"><strong>\u00a0<\/strong><br \/><\/span><span data-contrast=\"auto\">Amtsgericht Freiburg HRB 725857<\/span><span data-ccp-props=\"{&quot;335559739&quot;:0}\">\u00a0<\/span><\/p>\n<p><strong>Webseiten-Verantwortliche<\/strong><br \/>Dr. Katrin Reuter<br \/>Diplom Psychologin und Psychologische Psychotherapeutin<br \/>Gesch\u00e4ftsf\u00fchrerin der IH&amp;SAT UG<\/p>\n<p><strong>1) Nutzungsbedingungen <\/strong><br \/>Die Nutzung der Webseite und ihrer Dienste setzt die uneingeschr\u00e4nkte Zustimmung zu den hier aufgef\u00fchrten Nutzungsbedingungen sowie zu den allgemeinen Gesch\u00e4ftsbedingungen voraus.<\/p>\n<p><strong>2) Urheberrechte <\/strong><br \/>Alle Inhalte der Webseite sind Eigentum der IH&amp;SAT UG und ihrer Ersteller. Dazu geh\u00f6ren Bilder, Texte, Logos, herunterladbare Dateien und die allgemeine Struktur der Webseite. Die Nutzung der Webseite und ihrer Inhalte ist ausschlie\u00dflich f\u00fcr pers\u00f6nliche Zwecke gestattet. Jede Vervielf\u00e4ltigung oder Verbreitung ohne vorherige schriftliche Genehmigung ist untersagt.<\/p>\n<p><strong>3) Beschreibung der angebotenen Dienste <\/strong><br \/>Die Webseite informiert \u00fcber die Angebote der IH&amp;SAT UG, einschlie\u00dflich Seminaren zur Pers\u00f6nlichkeitsentwicklung (online und in Pr\u00e4senz) sowie Einzelberatungen (online). IH&amp;SAT UG bem\u00fcht sich um genaue und vollst\u00e4ndige Informationen, \u00fcbernimmt jedoch keine Haftung f\u00fcr m\u00f6gliche Auslassungen oder Aktualisierungsfehler.<\/p>\n<p><strong> 4) Datenschutz <\/strong><br \/>Die Datenschutzrichtlinie von IH&amp;SAT UG, die den Bestimmungen der Datenschutz-Grundverordnung (&#8222;DSGVO&#8220;) entspricht, gilt f\u00fcr die Nutzer der Website, Kunden und Abonnenten unserer Mitteilungen. Sie k\u00f6nnen sie <a title=\"Datenschutz\" href=\"\/?page_id=6675\" target=\"_blank\" rel=\"noopener\">hier<\/a> einsehen.<\/p>\n<p><strong>5) Haftungsbeschr\u00e4nkung <\/strong><br \/>IH&amp;SAT UG legt gro\u00dfen Wert auf die Qualit\u00e4t der Informationen auf der Webseite, kann jedoch keine absolute Richtigkeit garantieren. Die Nutzung der Webseite erfolgt auf eigene Verantwortung des Nutzers. IH&amp;SAT UG ist nicht haftbar f\u00fcr eventuelle Sch\u00e4den durch die Nutzung, Unterbrechungen oder mangelnde Verf\u00fcgbarkeit der Webseite und ihrer Dienste.<br \/>Die Webseite enth\u00e4lt m\u00f6glicherweise Links zu Webseites Dritter. Diese Links bedeuten keine Bef\u00fcrwortung ihres Inhalts durch IH&amp;SAT UG, und IH&amp;SAT UG \u00fcbernimmt keine Verantwortung f\u00fcr die Inhalte dieser externen Websites.<\/p>\n<p><strong>6) Design und Erstellung <\/strong><br \/>Sarah Buyo www.sarah-buyo.com<\/p>\n<p><strong>7) Hosting<\/strong><br \/>Infomaniak Network SA www.infomaniak.ch<\/p>\n<p><strong>8) Aktualisierungen und \u00c4nderungen<\/strong><br \/>IH&amp;SAT UG beh\u00e4lt sich das Recht vor, die Nutzungsbedingungen sowie die angebotenen Dienste jederzeit anzupassen, um den geltenden rechtlichen Anforderungen zu entsprechen. \u00c4nderungen treten zum Zeitpunkt ihrer Ver\u00f6ffentlichung in Kraft.<\/p>\n<p>Aktuelle Version des Impressums: 11\/2024<\/p>\n<p>&nbsp;<\/p>\n<p>[\/et_pb_text][\/et_pb_column][et_pb_column type=&#8220;1_4&#8243; _builder_version=&#8220;4.16&#8243; _module_preset=&#8220;default&#8220; global_colors_info=&#8220;{}&#8220;][\/et_pb_column][\/et_pb_row][\/et_pb_section]<\/p>\n","protected":false},"excerpt":{"rendered":"<p>IMPRESSUM &nbsp; Diese Webseite (www.naranjo-sat.com) geh\u00f6rt der IH&amp;SAT UG (haftungsbeschr\u00e4nkt) und wird von ihr betrieben. IH&amp;SAT UG (haftungsbeschr\u00e4nkt)Stadtstrasse 11,79104 Freiburg,DeutschlandTel.: +49 761 50362595E-Mail : info@naranjo-sat.com Steuernummer: 06433\/42777USt-IdNr. DE351106782 Handelsregister\u00a0Amtsgericht Freiburg HRB 725857\u00a0 Webseiten-VerantwortlicheDr. Katrin ReuterDiplom Psychologin und Psychologische PsychotherapeutinGesch\u00e4ftsf\u00fchrerin der IH&amp;SAT UG 1) Nutzungsbedingungen Die Nutzung der Webseite und ihrer Dienste setzt die uneingeschr\u00e4nkte Zustimmung [&hellip;]<\/p>\n","protected":false},"author":1,"featured_media":0,"parent":0,"menu_order":0,"comment_status":"closed","ping_status":"closed","template":"","meta":{"_et_pb_use_builder":"on","_et_pb_old_content":"","_et_gb_content_width":"","footnotes":""},"dipi_cpt_category":[],"class_list":["post-8477","page","type-page","status-publish","hentry"],"aioseo_notices":[],"_links":{"self":[{"href":"https:\/\/www.naranjo-sat.com\/de\/wp-json\/wp\/v2\/pages\/8477","targetHints":{"allow":["GET"]}}],"collection":[{"href":"https:\/\/www.naranjo-sat.com\/de\/wp-json\/wp\/v2\/pages"}],"about":[{"href":"https:\/\/www.naranjo-sat.com\/de\/wp-json\/wp\/v2\/types\/page"}],"author":[{"embeddable":true,"href":"https:\/\/www.naranjo-sat.com\/de\/wp-json\/wp\/v2\/users\/1"}],"replies":[{"embeddable":true,"href":"https:\/\/www.naranjo-sat.com\/de\/wp-json\/wp\/v2\/comments?post=8477"}],"version-history":[{"count":11,"href":"https:\/\/www.naranjo-sat.com\/de\/wp-json\/wp\/v2\/pages\/8477\/revisions"}],"predecessor-version":[{"id":9736,"href":"https:\/\/www.naranjo-sat.com\/de\/wp-json\/wp\/v2\/pages\/8477\/revisions\/9736"}],"wp:attachment":[{"href":"https:\/\/www.naranjo-sat.com\/de\/wp-json\/wp\/v2\/media?parent=8477"}],"wp:term":[{"taxonomy":"dipi_cpt_category","embeddable":true,"href":"https:\/\/www.naranjo-sat.com\/de\/wp-json\/wp\/v2\/dipi_cpt_category?post=8477"}],"curies":[{"name":"wp","href":"https:\/\/api.w.org\/{rel}","templated":true}]}}