{"id":8511,"date":"2021-06-14T19:52:12","date_gmt":"2021-06-14T17:52:12","guid":{"rendered":"https:\/\/www.naranjo-sat.com\/therms-ans-conditions\/"},"modified":"2025-08-18T21:40:46","modified_gmt":"2025-08-18T19:40:46","slug":"allgemeine-geschaeftsbedingungen","status":"publish","type":"page","link":"https:\/\/www.naranjo-sat.com\/de\/allgemeine-geschaeftsbedingungen\/","title":{"rendered":"ALLGEMEINE GESCH\u00c4FTSBEDINGUNGEN"},"content":{"rendered":"<p>[et_pb_section fb_built=&#8220;1&#8243; _builder_version=&#8220;4.27.4&#8243; _module_preset=&#8220;default&#8220; background_color=&#8220;RGBA(255,255,255,0)&#8220; hover_enabled=&#8220;0&#8243; global_colors_info=&#8220;{}&#8220; custom_margin_last_edited=&#8220;on|phone&#8220; custom_margin_phone=&#8220;50px||||false|false&#8220; sticky_enabled=&#8220;0&#8243;][et_pb_row column_structure=&#8220;3_4,1_4&#8243; _builder_version=&#8220;4.16&#8243; _module_preset=&#8220;default&#8220; global_colors_info=&#8220;{}&#8220;][et_pb_column type=&#8220;3_4&#8243; _builder_version=&#8220;4.16&#8243; _module_preset=&#8220;default&#8220; global_colors_info=&#8220;{}&#8220;][et_pb_text _builder_version=&#8220;4.27.4&#8243; _module_preset=&#8220;default&#8220; header_font=&#8220;Fira Sans|600|||||||&#8220; header_2_font=&#8220;Fira Sans|600|||||||&#8220; header_2_font_size=&#8220;18px&#8220; header_font_size_phone=&#8220;26px&#8220; global_colors_info=&#8220;{}&#8220;]<\/p>\n<h1><span class=\"TextRun MacChromeBold SCXW95799196 BCX8\" lang=\"DE-DE\" xml:lang=\"DE-DE\" data-contrast=\"none\"><span class=\"NormalTextRun SCXW95799196 BCX8\" data-ccp-charstyle=\"Strong\">ALLGEMEINE GESCH\u00c4FTSBEDINGUNGEN<\/span><\/span><span class=\"EOP SCXW95799196 BCX8\" data-ccp-props=\"{&quot;134245417&quot;:false,&quot;201341983&quot;:1,&quot;335551550&quot;:6,&quot;335551620&quot;:6,&quot;335559737&quot;:-111,&quot;335559740&quot;:340}\">\u00a0<\/span><\/h1>\n<p><span data-ccp-props=\"{&quot;134233117&quot;:false,&quot;134233118&quot;:false,&quot;335551550&quot;:6,&quot;335551620&quot;:6,&quot;335559738&quot;:0,&quot;335559739&quot;:0}\">\u00a0<\/span><span data-contrast=\"none\">Die IH&amp;SAT UG (haftungsbeschr\u00e4nkt), mit Sitz in der Stadtstrasse 11, D-79104 Freiburg, ist ein Institut f\u00fcr Pers\u00f6nlichkeitsentwicklung. Die IH&amp;SAT UG entwickelt und f\u00fchrt Seminare sowohl als Pr\u00e4senz-, und Online-Seminare (live oder aufgenommen) durch, als auch in Hybridformen, mit einer Kombination aus Pr\u00e4senz- und Online-Formaten.<\/span><span data-ccp-props=\"{&quot;134233117&quot;:false,&quot;134233118&quot;:false,&quot;335551550&quot;:6,&quot;335551620&quot;:6,&quot;335559738&quot;:0,&quot;335559739&quot;:0}\">\u00a0<\/span><\/p>\n<p><span data-ccp-props=\"{&quot;134233117&quot;:false,&quot;134233118&quot;:false,&quot;335551550&quot;:6,&quot;335551620&quot;:6,&quot;335559738&quot;:0,&quot;335559739&quot;:0}\">\u00a0<\/span><span data-contrast=\"none\" style=\"font-size: 16px;\">Diese Allgemeinen Gesch\u00e4ftsbedingungen gelten f\u00fcr alle von der IH&amp;SAT UG durchgef\u00fchrten Veranstaltungen.<\/span><span data-ccp-props=\"{&quot;134233117&quot;:false,&quot;134233118&quot;:false,&quot;335551550&quot;:6,&quot;335551620&quot;:6,&quot;335559738&quot;:0,&quot;335559739&quot;:0}\" style=\"font-size: 16px;\">\u00a0<\/span><\/p>\n<p><span data-ccp-props=\"{&quot;134233117&quot;:false,&quot;134233118&quot;:false,&quot;335551550&quot;:6,&quot;335551620&quot;:6,&quot;335559738&quot;:0,&quot;335559739&quot;:0}\">\u00a0<\/span><\/p>\n<p><span data-contrast=\"none\"><strong> 1. VERTRAGSABSCHLUSS:<\/strong> Eine Anmeldung kann schriftlich oder online \u00fcber die Internetseiten der IH&amp;SAT UG erfolgen. Wenn eine Online-Anmeldung \u00fcber die Internetseiten der IH&amp;SAT UG vorgenommen wird, erh\u00e4lt der\/die Absender:in an die angegebene E-Mail-Adresse eine Kopie der Anmeldedaten und einen individuellen Best\u00e4tigungslink. Die Anmeldung stellt noch keinen Vertragsabschluss dar. Der Vertrag kommt erst mit schriftlicher Seminaranmeldebest\u00e4tigung durch die IH&amp;SAT UG zustande.<\/span><\/p>\n<p><span data-ccp-props=\"{&quot;134233117&quot;:false,&quot;134233118&quot;:false,&quot;335551550&quot;:6,&quot;335551620&quot;:6,&quot;335559738&quot;:0,&quot;335559739&quot;:0}\">\u00a0<\/span><\/p>\n<p><span data-contrast=\"none\"><strong> 2. VERTRAGSERF\u00dcLLUNG:<\/strong> Der Vertrag wird durch die Durchf\u00fchrung des Seminars erf\u00fcllt. IH&amp;SAT UG beh\u00e4lt sich das Recht vor, Veranstaltungen bis zu 14 Tage vor dem geplanten Termin abzusagen, falls die Mindestteilnehmerzahl nicht erreicht wird. Wird die Veranstaltung aus diesem Grund abgesagt, oder muss zu einem sp\u00e4teren Zeitpunkt aus Gr\u00fcnden abgesagt werden, die IH&amp;SAT UG nicht zu vertreten haben, z.\u202fB. weil der\/die Seminarleiter:in begr\u00fcndet verhindert ist, im Falle h\u00f6herer Gewalt, beh\u00f6rdlicher Anordnungen oder anderer unvorhersehbarer und nicht von IH&amp;SAT UG zu vertretenen Ereignissen, ist IH&amp;SAT UG nicht verpflichtet, die Veranstaltung abzuhalten. Es informiert seine Teilnehmer:innen dar\u00fcber unverz\u00fcglich schriftlich. Im Falle der Verhinderung des Seminarleiters\/der Seminarleiterin, beh\u00e4lt sich IH&amp;SAT UG das Recht vor, einen gleichwertigen Ersatz bereitzustellen. In diesem Fall besteht hinsichtlich der Teilnahmegeb\u00fchr kein R\u00fcckzahlungsrecht<\/span><\/p>\n<p><span data-ccp-props=\"{&quot;134233117&quot;:false,&quot;134233118&quot;:false,&quot;335551550&quot;:6,&quot;335551620&quot;:6,&quot;335559738&quot;:0,&quot;335559739&quot;:0}\">\u00a0<\/span><\/p>\n<p><span data-contrast=\"none\"><strong> 3. ABSAGE:<\/strong> Wird eine Veranstaltung abgesagt, versucht IH&amp;SAT UG den\/die Teilnehmer:in auf ein sp\u00e4teres Seminardatum umzumelden, vorausgesetzt der\/die Teilnehmer:in stimmt dem zu. Ansonsten werden bereits erbrachte Seminargeb\u00fchren vollst\u00e4ndig zur\u00fcckerstattet. Wird ein Seminar aus irgendeinem der oben genannten Gr\u00fcnde abgesagt, nachdem es schon begonnen hat, erfolgt eine anteilige R\u00fcckzahlung. Weitergehende Haftungs- und Schadensersatzanspr\u00fcche, die nicht die Verletzung von Leben, K\u00f6rper oder Gesundheit betreffen, sind, soweit nicht Vorsatz oder grobe Fahrl\u00e4ssigkeit von IH&amp;SAT UG oder seinen Mitarbeitern\/Mitarbeiterinnen vorliegt, ausgeschlossen. Dies gilt auch f\u00fcr vergebliche Aufwendungen (z.\u202fB. von gebuchten Hotelzimmern, Flug- oder Bahntickets). Im \u00dcbrigen gelten die Bestimmungen des Abschnittes \u201eHaftung\u201c.\u00a0<\/span><\/p>\n<p><span data-ccp-props=\"{&quot;134233117&quot;:false,&quot;134233118&quot;:false,&quot;335551550&quot;:6,&quot;335551620&quot;:6,&quot;335559738&quot;:0,&quot;335559739&quot;:0}\">\u00a0<\/span><\/p>\n<p><span data-contrast=\"none\"><strong> 4. SEMINARINHALTE:<\/strong> Inhalt und Durchf\u00fchrung des jeweiligen Seminars richten sich nach dem jeweiligen Seminarprogramm, das insoweit Bestandteil dieses Vertrages ist. IH&amp;SAT UG beh\u00e4lt sich das Recht vor, einzelne Seminarinhalte aus fachlichen Gr\u00fcnden ohne Zustimmung des\/der Teilnehmer:in zu \u00e4ndern, sofern dadurch der wesentliche Kern des vereinbarten Seminarinhalts unber\u00fchrt bleibt.<\/span><\/p>\n<p><span data-ccp-props=\"{&quot;134233117&quot;:false,&quot;134233118&quot;:false,&quot;335551550&quot;:6,&quot;335551620&quot;:6,&quot;335559738&quot;:0,&quot;335559739&quot;:0}\">\u00a0<\/span><\/p>\n<p><span data-contrast=\"none\"><strong> 5. HAFTUNGSKLAUSEL:<\/strong> Die folgenden Haftungsbeschr\u00e4nkungen gelten nicht f\u00fcr Sch\u00e4den, die auf grober Fahrl\u00e4ssigkeit oder Vorsatz beruhen sowie f\u00fcr Verletzungen des Lebens, des K\u00f6rpers oder der Gesundheit. F\u00fcr andere Sch\u00e4den haftet IH&amp;SAT UG nur, wenn sie auf vors\u00e4tzlichem oder grob fahrl\u00e4ssigem Handeln oder auf der schuldhaften Verletzung einer wesentlichen Vertragspflicht durch IH&amp;SAT UG und\/oder seinen Mitarbeitern\/Mitarbeiterinnen beruhen. Eine weitergehende Haftung f\u00fcr Sch\u00e4den, auch f\u00fcr Sch\u00e4den jeglicher Art, die durch Nichtbeachtung der Grundregeln durch den\/die Teilnehmer:in entstehen, ist, soweit gesetzlich zul\u00e4ssig, ausgeschlossen. Eine vorvertragliche Haftung ist ausgeschlossen. IH&amp;SAT UG haftet nicht f\u00fcr Sch\u00e4den, die durch Unf\u00e4lle und\/oder den Verlust oder Diebstahl von in die Arbeits-\/Seminarr\u00e4ume mitgebrachten Gegenst\u00e4nden, insbesondere von Garderobe oder Wertgegenst\u00e4nden, entstehen.<\/span><\/p>\n<p><span data-ccp-props=\"{&quot;134233117&quot;:false,&quot;134233118&quot;:false,&quot;335551550&quot;:6,&quot;335551620&quot;:6,&quot;335559738&quot;:0,&quot;335559739&quot;:0}\">\u00a0<\/span><\/p>\n<p><span data-contrast=\"none\"><strong> 6. SELBSTVERPFLICHTUNG DES SEMINARTEILNEHMERS:<\/strong> Durch die Anmeldung best\u00e4tigt jede\/r Teilnehmer:in, dass er\/sie die volle Verantwortung f\u00fcr seine\/ihre Handlungen \u00fcbernimmt. Er\/Sie erkl\u00e4rt sich einverstanden, vor der Veranstaltung wahrheitsgetreu \u00fcber seine\/ihre k\u00f6rperlichen oder psychischen Probleme Auskunft zu geben. Befindet sich der\/die Teilnehmer:in in medizinischer oder therapeutischer Behandlung, behalten wir uns das Recht vor, das Einverst\u00e4ndnis des Arztes\/der \u00c4rztin f\u00fcr die Teilnahme am gew\u00fcnschten Seminar einzuholen. Wir behalten uns das Recht vor, Teilnehmer:innen in gerechtfertigten F\u00e4llen und gem\u00e4\u00df den wesentlichen therapeutischen Grunds\u00e4tzen von einer weiteren Teilnahme auszuschlie\u00dfen, wobei die Teilnahmegeb\u00fchr in diesem Fall nicht erstattet wird.<\/span><\/p>\n<p><span data-ccp-props=\"{&quot;134233117&quot;:false,&quot;134233118&quot;:false,&quot;335551550&quot;:6,&quot;335551620&quot;:6,&quot;335559738&quot;:0,&quot;335559739&quot;:0}\">\u00a0<\/span><\/p>\n<p><span data-contrast=\"none\"><strong> 7. ZAHLUNGS- UND STORNOBEDINGUNGEN:<\/strong> Die Seminargeb\u00fchr beinhaltet alle in der Beschreibung bzw. in der Anmeldebest\u00e4tigung zum Seminar beschriebenen Leistungen. Bei Seminaranmeldung wird eine Reservierungsgeb\u00fchr f\u00e4llig, deren H\u00f6he auf der Website angegeben ist. IH&amp;SAT UG pr\u00fcft die Anmeldung. Im Falle der Best\u00e4tigung wird aus der Reservierungsgeb\u00fchr eine Anzahlung zum Seminar. Der restliche Betrag ist sp\u00e4testens 4 Wochen vor Seminarstart f\u00e4llig. Findet ein Fr\u00fchbucherrabatt Anwendung, ist der Gesamtbetrag sofort nach der Anmeldebest\u00e4tigung durch IH&amp;SAT UG f\u00e4llig. Mit der Anmeldung und\/oder \u00dcberweisung weniger als 14 Tage vor Kursbeginn und dem Erscheinen zum Kursbeginn erkl\u00e4rt sich der\/die Teilnehmer:in damit einverstanden, dass die Dienstleistung der IH&amp;SAT UG bereits w\u00e4hrend der Widerrufsfrist (siehe Widerrufsbelehrungen) beginnen soll. F\u00fcr Online-Seminare f\u00e4llt keine Reservierungsgeb\u00fchr an. Hier wird der volle Teilnahmebetrag f\u00e4llig, sobald IH&amp;SAT UG die Anmeldung best\u00e4tigt hat. <\/span>Bei Pr\u00e4senz- und Hybridseminaren sind Ratenzahlungen gegen eine zus\u00e4tzliche Bearbeitungsgeb\u00fchr von 70 \u20ac m\u00f6glich. Die Verschiebung der Teilnahme auf einen sp\u00e4teren Termin des Seminars ist bis zu 4 Wochen vor Seminarbeginn einmalig ohne zus\u00e4tzliche Kosten m\u00f6glich. Nach diesem Zeitpunkt finden die R\u00fccktrittsbedingungen von Pkt &amp; Anwendung.<\/p>\n<p><span data-ccp-props=\"{&quot;134233117&quot;:false,&quot;134233118&quot;:false,&quot;335551550&quot;:6,&quot;335551620&quot;:6,&quot;335559738&quot;:0,&quot;335559739&quot;:0}\">\u00a0<\/span><\/p>\n<p><span data-contrast=\"none\"><strong> 8. R\u00dcCKTRITT:<\/strong> Ein R\u00fccktritt vom Vertrag ist jederzeit in Textform m\u00f6glich. Zur Fristwahrung muss die R\u00fccktrittserkl\u00e4rung schriftlich per Post, per Fax oder per E-Mail bei IH&amp;SAT UG eingehen.<\/span>Tritt der\/die Teilnehmer:in nach Erhalt der Anmeldebest\u00e4tigung und Ablauf der Widerrufsfrist bis zu 4 Wochen vor Seminarstart zur\u00fcck, erstattet IH&amp;SAT UG die Anzahlung abz\u00fcglich 70 \u20ac Bearbeitungsgeb\u00fchr. Ab der 4. Woche vor Seminarstart werden 50% und ab einer Woche vor Seminarstart 100% der Teilnahmegeb\u00fchr erhoben. Erscheint ein\/eine Teilnehmer:in nicht zu einer Veranstaltung, wird die volle Teilnahmegeb\u00fchr berechnet. Bei Online-Seminaren kann bis zu 2 Wochen vor dem Veranstaltungstermin kostenfrei storniert werden. Bei sp\u00e4terer Absage wird der volle Preis erhoben.<span data-ccp-props=\"{&quot;134233117&quot;:false,&quot;134233118&quot;:false,&quot;335551550&quot;:6,&quot;335551620&quot;:6,&quot;335559738&quot;:0,&quot;335559739&quot;:0}\">\u00a0<\/span><\/p>\n<p><span data-ccp-props=\"{&quot;134233117&quot;:false,&quot;134233118&quot;:false,&quot;335551550&quot;:6,&quot;335551620&quot;:6,&quot;335559738&quot;:0,&quot;335559739&quot;:0}\">\u00a0<\/span><\/p>\n<p><span data-contrast=\"none\"><strong>9. URHEBERRECHT:<\/strong> Alle ausgegebenen Arbeitsunterlagen sind urheberrechtlich gesch\u00fctzt. Sie werden ausschlie\u00dflich den am Seminar Teilnehmenden zur Verf\u00fcgung gestellt. IH&amp;SAT UG beh\u00e4lt sich alle Rechte, auch die der \u00dcbersetzung, des Nachdrucks und der Vervielf\u00e4ltigung der Unterlagen oder von Teilen daraus vor. S\u00e4mtliche Unterlagen, auch auszugsweise, d\u00fcrfen ohne schriftliche Genehmigung der IH&amp;SAT UG in keiner Form vervielf\u00e4ltigt, bearbeitet, kopiert, verbreitet oder zur \u00f6ffentlichen Wiedergabe benutzt werden.<\/span><\/p>\n<p><span data-ccp-props=\"{&quot;134233117&quot;:false,&quot;134233118&quot;:false,&quot;335551550&quot;:6,&quot;335551620&quot;:6,&quot;335559738&quot;:0,&quot;335559739&quot;:0}\">\u00a0<\/span><\/p>\n<p><span data-contrast=\"none\"><strong>10. VERTRAULICHKEIT:<\/strong> Der\/die Teilnehmer:in verpflichtet sich ausdr\u00fccklich, angesichts der personenbezogenen Daten und pers\u00f6nlichen Erfahrungen der anderen Seminarteilnehmer:innen Vertraulichkeit zu wahren. W\u00e4hrend Seminaren d\u00fcrfen ohne die ausdr\u00fcckliche Zustimmung von IH&amp;SAT UG und dem\/der betroffenen Teilnehmer:in keine Foto-, Video- oder Audioaufnahmen gemacht und in irgendeiner Form ver\u00f6ffentlicht werden. Kontaktdaten von Teilnehmer:innen d\u00fcrfen ohne die ausdr\u00fcckliche Zustimmung der I&amp;SAT UG und der betroffenen Personen in keiner Weise verwendet werden.<\/span><\/p>\n<p><span data-ccp-props=\"{&quot;134233117&quot;:false,&quot;134233118&quot;:false,&quot;335551550&quot;:6,&quot;335551620&quot;:6,&quot;335559738&quot;:0,&quot;335559739&quot;:0}\">\u00a0<\/span><\/p>\n<p><span data-contrast=\"none\"><strong>11. ZUS\u00c4TZLICHE KOSTEN:<\/strong> Die Preise sind reine Seminargeb\u00fchren ohne \u00dcbernachtungs- und\/oder Verpflegungskosten. Wenn die Teilnahme am Seminar Unterbringung und Verpflegung erforderlich machen, muss der\/die Teilnehmer:in diese eigens bezahlen.<br \/><\/span><\/p>\n<p><span data-ccp-props=\"{&quot;134233117&quot;:false,&quot;134233118&quot;:false,&quot;335551550&quot;:6,&quot;335551620&quot;:6,&quot;335559738&quot;:0,&quot;335559739&quot;:0}\">\u00a0<\/span><\/p>\n<p><span data-contrast=\"none\"><strong>12. UNTERKUNFT UND VERPFLEGUNG:<\/strong> Die Seminare finden in verschiedenen Seminarzentren statt. Mit dem Zustandekommen des Seminarvertrags beauftragt der\/die Teilnehmer:in IH&amp;SAT UG mit der Reservierung der Unterbringung bei dem Seminarzentrum. IH&amp;SAT UG gibt den Unterkunftswunsch an das Seminarzentrum weiter. Dieses bem\u00fcht sich, dem Unterkunftswunsch der Teilnehmer:innen zu entsprechen. Auf die Erf\u00fcllung der ersten Wahl besteht jedoch kein Anspruch. Einzelzimmern werden dar\u00fcber hinaus i.d.R. an Teilnehmer:innen vergeben, die die vollen Seminargeb\u00fchren (ohne Reduktion f\u00fcr Sch\u00fcler, Studenten, Arbeitssuchende) bezahlen. Die Abrechnung erfolgt direkt mit dem jeweiligen Seminarzentrum. Bei Widerruf oder fr\u00fchzeitiger Abreise ist der\/die Teilnehmer:in f\u00fcr die Stornierungskosten verantwortlich.<\/span><\/p>\n<p><span data-ccp-props=\"{&quot;134233117&quot;:false,&quot;134233118&quot;:false,&quot;335551550&quot;:6,&quot;335551620&quot;:6,&quot;335559738&quot;:0,&quot;335559739&quot;:0}\">\u00a0<\/span><\/p>\n<p><span data-contrast=\"none\"><strong>13. SCHLUSSBESTIMMUNGEN:<\/strong> Diese Teilnahmebedingungen enthalten alle Rechte und Pflichten der Vertragsparteien. Ist der\/die Teilnehmer:in Kaufmann\/Kauffrau oder hat er\/sie keinen Wohnsitz in der Europ\u00e4ischen Union, ist der Sitz der IH&amp;SAT UG ausschlie\u00dflicher Gerichtsstand f\u00fcr alle Streitigkeiten zwischen den Vertragsparteien, einschlie\u00dflich Wechsel- und Scheckklagen. Es gilt ausschlie\u00dflich deutsches Recht, unter Ausschluss der Vorschriften des UN-Kaufrechts. Im Verkehr mit Teilnehmer:innen innerhalb der Europ\u00e4ischen Union kann auch das Recht am Wohnsitz des\/der Teilnehmer:innen Anwendung finden, sofern es sich um zwingende Bestimmungen des Verbraucherrechts handelt. Sollte eine dieser Bestimmungen unwirksam sein, so bleibt die Wirksamkeit der \u00fcbrigen Bestimmungen hiervon unber\u00fchrt. Bei Streitigkeiten zwischen dem\/der Teilnehmer:in und der IH&amp;SAT UG wird eine g\u00fctliche Einigung angestrebt.<\/span><\/p>\n<p>[\/et_pb_text][\/et_pb_column][et_pb_column type=&#8220;1_4&#8243; _builder_version=&#8220;4.16&#8243; _module_preset=&#8220;default&#8220; global_colors_info=&#8220;{}&#8220;][\/et_pb_column][\/et_pb_row][\/et_pb_section]<\/p>\n","protected":false},"excerpt":{"rendered":"<p>ALLGEMEINE GESCH\u00c4FTSBEDINGUNGEN\u00a0 \u00a0Die IH&amp;SAT UG (haftungsbeschr\u00e4nkt), mit Sitz in der Stadtstrasse 11, D-79104 Freiburg, ist ein Institut f\u00fcr Pers\u00f6nlichkeitsentwicklung. Die IH&amp;SAT UG entwickelt und f\u00fchrt Seminare sowohl als Pr\u00e4senz-, und Online-Seminare (live oder aufgenommen) durch, als auch in Hybridformen, mit einer Kombination aus Pr\u00e4senz- und Online-Formaten.\u00a0 \u00a0Diese Allgemeinen Gesch\u00e4ftsbedingungen gelten f\u00fcr alle von der IH&amp;SAT [&hellip;]<\/p>\n","protected":false},"author":1,"featured_media":0,"parent":0,"menu_order":0,"comment_status":"closed","ping_status":"closed","template":"","meta":{"_et_pb_use_builder":"on","_et_pb_old_content":"","_et_gb_content_width":"","footnotes":""},"dipi_cpt_category":[],"class_list":["post-8511","page","type-page","status-publish","hentry"],"aioseo_notices":[],"_links":{"self":[{"href":"https:\/\/www.naranjo-sat.com\/de\/wp-json\/wp\/v2\/pages\/8511","targetHints":{"allow":["GET"]}}],"collection":[{"href":"https:\/\/www.naranjo-sat.com\/de\/wp-json\/wp\/v2\/pages"}],"about":[{"href":"https:\/\/www.naranjo-sat.com\/de\/wp-json\/wp\/v2\/types\/page"}],"author":[{"embeddable":true,"href":"https:\/\/www.naranjo-sat.com\/de\/wp-json\/wp\/v2\/users\/1"}],"replies":[{"embeddable":true,"href":"https:\/\/www.naranjo-sat.com\/de\/wp-json\/wp\/v2\/comments?post=8511"}],"version-history":[{"count":11,"href":"https:\/\/www.naranjo-sat.com\/de\/wp-json\/wp\/v2\/pages\/8511\/revisions"}],"predecessor-version":[{"id":9734,"href":"https:\/\/www.naranjo-sat.com\/de\/wp-json\/wp\/v2\/pages\/8511\/revisions\/9734"}],"wp:attachment":[{"href":"https:\/\/www.naranjo-sat.com\/de\/wp-json\/wp\/v2\/media?parent=8511"}],"wp:term":[{"taxonomy":"dipi_cpt_category","embeddable":true,"href":"https:\/\/www.naranjo-sat.com\/de\/wp-json\/wp\/v2\/dipi_cpt_category?post=8511"}],"curies":[{"name":"wp","href":"https:\/\/api.w.org\/{rel}","templated":true}]}}