{"id":11845,"date":"2022-08-16T19:43:23","date_gmt":"2022-08-16T17:43:23","guid":{"rendered":"https:\/\/www.naranjo-sat.com\/chateau-de-la-linotte\/"},"modified":"2026-02-17T14:59:57","modified_gmt":"2026-02-17T13:59:57","slug":"chateau-de-la-linotte","status":"publish","type":"page","link":"https:\/\/www.naranjo-sat.com\/en\/chateau-de-la-linotte\/","title":{"rendered":"Ch\u00e2teau de la Linotte"},"content":{"rendered":"<p>[et_pb_section fb_built=&#8221;1&#8243; _builder_version=&#8221;4.27.4&#8243; _module_preset=&#8221;default&#8221; background_color=&#8221;RGBA(255,255,255,0)&#8221; background_image=&#8221;https:\/\/www.naranjo-sat.com\/wp-content\/uploads\/2021\/07\/hoffman-france-bck-symbole-half.png&#8221; background_size=&#8221;initial&#8221; background_position=&#8221;top_left&#8221; custom_margin=&#8221;0px||22px||false|false&#8221; custom_padding=&#8221;0px||0px||false|false&#8221; global_colors_info=&#8221;{}&#8221;][et_pb_row custom_padding_last_edited=&#8221;on|tablet&#8221; disabled_on=&#8221;on|off|off&#8221; _builder_version=&#8221;4.27.4&#8243; _module_preset=&#8221;default&#8221; module_alignment=&#8221;right&#8221; custom_margin=&#8221;0px||0px|0px|false|false&#8221; custom_margin_tablet=&#8221;9px||0px|0px|false|false&#8221; custom_margin_phone=&#8221;66px||0px|0px|false|false&#8221; custom_margin_last_edited=&#8221;on|tablet&#8221; custom_padding=&#8221;0px||12px||false|false&#8221; custom_padding_tablet=&#8221;0px||2px||false|false&#8221; custom_padding_phone=&#8221;||63px||false|false&#8221; saved_tabs=&#8221;all&#8221; global_colors_info=&#8221;{}&#8221;][et_pb_column type=&#8221;4_4&#8243; _builder_version=&#8221;4.16&#8243; _module_preset=&#8221;default&#8221; global_colors_info=&#8221;{}&#8221;][dipi_breadcrumbs bc_custom_home=&#8221;on&#8221; bc_home_text=&#8221;Accueil&#8221; bc_home_icon=&#8221;off&#8221; bc_items_alignment=&#8221;dipi-bc-right&#8221; bc_schema=&#8221;off&#8221; bc_separator_color=&#8221;#897470&#8243; bc_active_item_color=&#8221;RGBA(255,255,255,0)&#8221; disabled_on=&#8221;on|off|off&#8221; _builder_version=&#8221;4.27.5&#8243; _module_preset=&#8221;default&#8221; items_font=&#8221;Fira Sans|300|||||||&#8221; items_font_size=&#8221;0.9em&#8221; hover_text_color=&#8221;#897470&#8243; active_text_color=&#8221;#897470&#8243; module_alignment=&#8221;center&#8221; custom_margin=&#8221;0px||||false|false&#8221; custom_padding=&#8221;69px|35px|||false|false&#8221; locked=&#8221;off&#8221; global_colors_info=&#8221;{}&#8221;][\/dipi_breadcrumbs][\/et_pb_column][\/et_pb_row][et_pb_row _builder_version=&#8221;4.16&#8243; custom_margin=&#8221;15px|auto|0px|auto|false|false&#8221; custom_margin_tablet=&#8221;&#8221; custom_margin_phone=&#8221;15px|auto|2px|auto|false|false&#8221; custom_margin_last_edited=&#8221;on|phone&#8221; custom_padding=&#8221;0px||5px||false|false&#8221; global_colors_info=&#8221;{}&#8221;][et_pb_column type=&#8221;4_4&#8243; _builder_version=&#8221;4.16&#8243; global_colors_info=&#8221;{}&#8221;][et_pb_text _builder_version=&#8221;4.17.4&#8243; _module_preset=&#8221;_initial&#8221; header_font=&#8221;|600|||||||&#8221; custom_margin=&#8221;100px||40px|0px|false|false&#8221; header_font_size_phone=&#8221;26px&#8221; global_colors_info=&#8221;{}&#8221;]<\/p>\n<h1 style=\"text-align: center;\">Le Ch\u00e2teau de la Linotte,<br \/>centre de s\u00e9minaire en Haute-Sa\u00f4ne (70)<\/h1>\n<p>[\/et_pb_text][et_pb_text _builder_version=&#8221;4.17.4&#8243; _module_preset=&#8221;_initial&#8221; header_2_font=&#8221;|600|on||||||&#8221; header_2_text_color=&#8221;#393D41&#8243; custom_margin=&#8221;52px||2px||false|false&#8221; custom_padding=&#8221;0px|40px|45px|40px|false|true&#8221; global_colors_info=&#8221;{}&#8221;]<\/p>\n<h2>Retraite proche de la nature, en Bourgogne-Franche-Comt\u00e9<\/h2>\n<p>Au c\u0153ur de la Haute-Sa\u00f4ne, dans un lieu plein de charme de la r\u00e9gion Bourgogne-Franche-Comt\u00e9, cet endroit unique est lieu plein de charme, de calme et d\u2019oxyg\u00e8ne, abrit\u00e9 \u00e0 l\u2019ombre de ginkgos. Ce centre holistique est un lieu d\u00e9di\u00e9 au bien-\u00eatre et \u00e0 l\u2019\u00e9panouissement personnel, et propose une cuisine authentique, inspir\u00e9e par l&#8217;improvisation, les rencontres et les voyages\u2026 et surtout de saison, concoct\u00e9e avec les produits locaux.<\/p>\n<p>Il va donc sans dire qu\u2019\u00e0 cette occasion l\u2019apprentissage sera ponctu\u00e9 de beaux moments de convivialit\u00e9 autour d\u2019une table internationale, riche en couleurs et saveurs, et de moments de loisirs dans une nature splendide !<br \/>Chaque participant \u00e0 notre formation de groupe y trouvera \u00e9galement le lieu id\u00e9al pour travailler en toute confidentialit\u00e9 sur sa biographie personnelle.<\/p>\n<p>[\/et_pb_text][\/et_pb_column][\/et_pb_row][et_pb_row _builder_version=&#8221;4.16&#8243; _module_preset=&#8221;default&#8221; width=&#8221;70%&#8221; width_tablet=&#8221;100%&#8221; width_phone=&#8221;100%&#8221; width_last_edited=&#8221;on|tablet&#8221; custom_margin=&#8221;0px|auto|13px|auto|false|false&#8221; custom_padding=&#8221;|0px||0px|false|true&#8221; locked=&#8221;off&#8221; global_colors_info=&#8221;{}&#8221;][et_pb_column type=&#8221;4_4&#8243; _builder_version=&#8221;4.16&#8243; _module_preset=&#8221;default&#8221; global_colors_info=&#8221;{}&#8221;][dipi_masonry_gallery images=&#8221;4924,4923,4922,4921,4920,4919,4918,4916,4915&#8243; gallery_ids=&#8221;4924,4923,4922,4921,4920,4919,4918,4916,4915&#8243; use_overlay=&#8221;off&#8221; icon_in_overlay=&#8221;off&#8221; columns=&#8221;2&#8243; gutter=&#8221;6&#8243; show_overflow=&#8221;on&#8221; use_thumbnails=&#8221;on&#8221; overlay_bg_color_gradient_type_tablet=&#8221;linear&#8221; overlay_bg_color_gradient_type_phone=&#8221;linear&#8221; _builder_version=&#8221;4.17.4&#8243; _module_preset=&#8221;default&#8221; global_colors_info=&#8221;{}&#8221; overlay_bg_color_gradient_type__hover=&#8221;linear&#8221; image_bg_color_gradient_type__hover=&#8221;linear&#8221;][\/dipi_masonry_gallery][\/et_pb_column][\/et_pb_row][\/et_pb_section][et_pb_section fb_built=&#8221;1&#8243; custom_padding_last_edited=&#8221;on|desktop&#8221; _builder_version=&#8221;4.16&#8243; _module_preset=&#8221;default&#8221; background_color=&#8221;#EEEEEE&#8221; custom_margin=&#8221;104px||||false|false&#8221; custom_padding=&#8221;52px||230px||false|false&#8221; custom_padding_tablet=&#8221;52px||97px||false|false&#8221; custom_padding_phone=&#8221;&#8221; global_colors_info=&#8221;{}&#8221;][et_pb_row column_structure=&#8221;1_2,1_2&#8243; use_custom_gutter=&#8221;on&#8221; gutter_width=&#8221;4&#8243; _builder_version=&#8221;4.16&#8243; _module_preset=&#8221;default&#8221; background_color=&#8221;#f9f9f9&#8243; width=&#8221;70%&#8221; width_tablet=&#8221;100%&#8221; width_phone=&#8221;100%&#8221; width_last_edited=&#8221;on|phone&#8221; module_alignment=&#8221;center&#8221; custom_margin=&#8221;0px|0px||0px|false|false&#8221; custom_padding=&#8221;68px|55px||55px|false|true&#8221; global_colors_info=&#8221;{}&#8221;][et_pb_column type=&#8221;1_2&#8243; _builder_version=&#8221;4.16&#8243; _module_preset=&#8221;default&#8221; global_colors_info=&#8221;{}&#8221;][et_pb_text _builder_version=&#8221;4.16&#8243; _module_preset=&#8221;_initial&#8221; header_4_font=&#8221;Fira Sans|600|||||||&#8221; header_4_font_size=&#8221;20px&#8221; custom_margin=&#8221;0px||-1px||false|false&#8221; custom_padding=&#8221;0px|0px|0px|0px|false|false&#8221; custom_padding_phone=&#8221;0px|0px|15px|15px|false|false&#8221; border_color_all=&#8221;#897470&#8243; global_colors_info=&#8221;{}&#8221;]<\/p>\n<h4>Tarifs<\/h4>\n<p>[\/et_pb_text][et_pb_divider color=&#8221;#897470&#8243; _builder_version=&#8221;4.16&#8243; _module_preset=&#8221;default&#8221; custom_margin=&#8221;0px||0px||false|false&#8221; custom_padding=&#8221;0px||||false|false&#8221; border_radii=&#8221;on|2px|2px|2px|2px&#8221; border_color_all=&#8221;RGBA(0,0,0,0)&#8221; border_width_top=&#8221;2px&#8221; border_color_top=&#8221;#393D41&#8243; global_colors_info=&#8221;{}&#8221;][\/et_pb_divider][et_pb_text _builder_version=&#8221;4.27.5&#8243; _module_preset=&#8221;_initial&#8221; custom_margin=&#8221;0px||5px||false|false&#8221; custom_padding=&#8221;0px|0px|0px|0px|true|true&#8221; custom_padding_phone=&#8221;15px|0px|15px|15px|false|false&#8221; border_color_all=&#8221;#897470&#8243; global_colors_info=&#8221;{}&#8221;]<\/p>\n<p><strong>Chambre individuelle :<br \/><\/strong>132 \u20ac \u2013 Chambre individuelle avec douche\/WC<br \/>105 \u20ac \u2013 Chambre individuelle avec douche\/WC partag\u00e9es<\/p>\n<p><strong>Chambre \u00e0 deux\/trois lits :<br \/><\/strong>85 \u20ac \u2013 Chambre \u00e0 2 lits avec douche\/WC\u00a0<br \/>85 \u20ac \u2013 Chambre \u00e0 2 lits avec douche\/WC partag\u00e9es<\/p>\n<p>Tarifs par jour et par personne, en pension compl\u00e8te, incluant pauses et mise \u00e0 disposition des lieux de r\u00e9union et autres espaces collectifs.<\/p>\n<p>La r\u00e9servation des nuit\u00e9es pour les stages r\u00e9sidentiels du Programme SAT doit se faire \u00e0 travers notre secr\u00e9tariat apr\u00e8s de la confirmation de votre place.<\/p>\n<p>&nbsp;<\/p>\n<p>[\/et_pb_text][et_pb_text _builder_version=&#8221;4.16&#8243; _module_preset=&#8221;_initial&#8221; header_4_font=&#8221;Fira Sans|600|||||||&#8221; header_4_font_size=&#8221;20px&#8221; custom_margin=&#8221;50px||-1px||false|false&#8221; custom_padding=&#8221;0px|0px|0px|0px|false|false&#8221; custom_padding_phone=&#8221;15px|0px|15px|15px|false|false&#8221; border_color_all=&#8221;#897470&#8243; global_colors_info=&#8221;{}&#8221;]<\/p>\n<h4>Adresse<\/h4>\n<p>[\/et_pb_text][et_pb_divider color=&#8221;#897470&#8243; _builder_version=&#8221;4.16&#8243; _module_preset=&#8221;default&#8221; custom_margin=&#8221;0px||0px||false|false&#8221; custom_padding=&#8221;0px||||false|false&#8221; border_radii=&#8221;on|2px|2px|2px|2px&#8221; border_color_all=&#8221;RGBA(0,0,0,0)&#8221; border_width_top=&#8221;2px&#8221; border_color_top=&#8221;#393D41&#8243; global_colors_info=&#8221;{}&#8221;][\/et_pb_divider][et_pb_text _builder_version=&#8221;4.17.4&#8243; _module_preset=&#8221;_initial&#8221; custom_margin=&#8221;0px||4px||false|false&#8221; custom_padding=&#8221;0px|0px|0px|0px|true|true&#8221; custom_padding_phone=&#8221;0px|0px|15px|15px|false|false&#8221; border_color_all=&#8221;#897470&#8243; global_colors_info=&#8221;{}&#8221;]<\/p>\n<p><strong>Le Ch\u00e2teau de la Linotte<br \/><\/strong><span>70230 Roche-sur-Linotte<\/span><span><br \/><\/span><span>FRANCE<\/span><\/p>\n<p>&nbsp;<\/p>\n<p>[\/et_pb_text][et_pb_map google_api_key=&#8221;AIzaSyCsSUi6mBmnEiL3RMQT0QI34bC7N1D24tk&#8221; address=&#8221;70230 Roche-sur-Linotte-et-Sorans-les-Cordiers, France&#8221; zoom_level=&#8221;6&#8243; address_lat=&#8221;47.4735652&#8243; address_lng=&#8221;6.1934441&#8243; use_grayscale_filter=&#8221;on&#8221; grayscale_filter_amount=&#8221;36&#8243; _builder_version=&#8221;4.27.4&#8243; _module_preset=&#8221;default&#8221; width=&#8221;100%&#8221; height=&#8221;350px&#8221; custom_margin=&#8221;7px||||false|false&#8221; custom_margin_tablet=&#8221;&#8221; custom_margin_phone=&#8221;0px||||false|false&#8221; custom_margin_last_edited=&#8221;on|phone&#8221; child_filter_hue_rotate=&#8221;341deg&#8221; child_filter_saturate=&#8221;0%&#8221; child_filter_contrast=&#8221;137%&#8221; border_color_all=&#8221;RGBA(0,0,0,0)&#8221; border_width_top=&#8221;3px&#8221; border_width_bottom=&#8221;3px&#8221; global_colors_info=&#8221;{}&#8221;][et_pb_map_pin title=&#8221;Ch\u00e2teau de la Linotte&#8221; pin_address=&#8221;70230 Roche-sur-Linotte-et-Sorans-les-Cordiers, France&#8221; zoom_level=&#8221;9&#8243; pin_address_lat=&#8221;47.4735652&#8243; pin_address_lng=&#8221;6.1934441&#8243; _builder_version=&#8221;4.17.4&#8243; _module_preset=&#8221;default&#8221; global_colors_info=&#8221;{}&#8221;][\/et_pb_map_pin][\/et_pb_map][et_pb_text _builder_version=&#8221;4.16&#8243; _module_preset=&#8221;_initial&#8221; header_4_font=&#8221;Fira Sans|600|||||||&#8221; header_4_font_size=&#8221;20px&#8221; custom_margin=&#8221;117px||-1px||false|false&#8221; custom_padding=&#8221;0px|0px|0px|0px|false|false&#8221; custom_padding_phone=&#8221;15px|0px|15px|15px|false|false&#8221; border_color_all=&#8221;#897470&#8243; global_colors_info=&#8221;{}&#8221;]<\/p>\n<h4>Site web<\/h4>\n<p>[\/et_pb_text][et_pb_divider color=&#8221;#897470&#8243; _builder_version=&#8221;4.16&#8243; _module_preset=&#8221;default&#8221; custom_margin=&#8221;0px||0px||false|false&#8221; custom_padding=&#8221;0px||||false|false&#8221; border_radii=&#8221;on|2px|2px|2px|2px&#8221; border_color_all=&#8221;RGBA(0,0,0,0)&#8221; border_width_top=&#8221;2px&#8221; border_color_top=&#8221;#393D41&#8243; global_colors_info=&#8221;{}&#8221;][\/et_pb_divider][et_pb_text _builder_version=&#8221;4.17.4&#8243; _module_preset=&#8221;_initial&#8221; custom_margin=&#8221;0px||4px||false|false&#8221; custom_padding=&#8221;0px|0px|0px|0px|true|true&#8221; custom_padding_phone=&#8221;0px|0px|15px|15px|false|false&#8221; link_option_url=&#8221;https:\/\/www.hameaudeletoile.com\/&#8221; border_color_all=&#8221;#897470&#8243; global_colors_info=&#8221;{}&#8221;]<\/p>\n<p><a https:=\"\" hameaudeletoile=\"\" com=\"\" target=\"_blank\" rel=\"noopener\" title=\"Le Ch\u00e2teau de la Linotte\" href=\"https:\/\/www.lechateaudelalinotte.com\/\"><span>Le Ch\u00e2teau de la Linotte<\/span><\/a><\/p>\n<p>&nbsp;<\/p>\n<p>[\/et_pb_text][\/et_pb_column][et_pb_column type=&#8221;1_2&#8243; _builder_version=&#8221;4.16&#8243; _module_preset=&#8221;default&#8221; global_colors_info=&#8221;{}&#8221;][et_pb_image src=&#8221;https:\/\/www.naranjo-sat.com\/wp-content\/uploads\/2022\/08\/hoffman-france-chateau-linotte-07.jpg&#8221; title_text=&#8221;hoffman-france-chateau-linotte-07&#8243; _builder_version=&#8221;4.17.4&#8243; _module_preset=&#8221;default&#8221; custom_margin=&#8221;33px||||false|false&#8221; custom_margin_tablet=&#8221;-30px||38px||false|false&#8221; custom_margin_phone=&#8221;-43px||40px||false|false&#8221; custom_margin_last_edited=&#8221;on|phone&#8221; global_colors_info=&#8221;{}&#8221;][\/et_pb_image][\/et_pb_column][\/et_pb_row][\/et_pb_section][et_pb_section fb_built=&#8221;1&#8243; _builder_version=&#8221;4.27.4&#8243; _module_preset=&#8221;default&#8221; background_color=&#8221;RGBA(255,255,255,0)&#8221; custom_padding=&#8221;||125px||false|false&#8221; locked=&#8221;off&#8221; global_colors_info=&#8221;{}&#8221;][et_pb_row _builder_version=&#8221;4.16&#8243; _module_preset=&#8221;default&#8221; global_colors_info=&#8221;{}&#8221;][et_pb_column type=&#8221;4_4&#8243; _builder_version=&#8221;4.16&#8243; _module_preset=&#8221;default&#8221; global_colors_info=&#8221;{}&#8221;][et_pb_text _builder_version=&#8221;4.16&#8243; _module_preset=&#8221;default&#8221; header_2_font=&#8221;|600|on||||||&#8221; custom_margin=&#8221;52px|0px|2px|0px|false|false&#8221; custom_margin_phone=&#8221;0px|0px|-15px|0px|false|false&#8221; custom_padding=&#8221;0px|40px|0px|0px|true|false&#8221; custom_padding_phone=&#8221;0px|0px|15px|15px|false|false&#8221; global_colors_info=&#8221;{}&#8221;]<\/p>\n<h2>D\u00e9couvrez nos autres lieux de retraite en France\u00a0:<\/h2>\n<p>[\/et_pb_text][\/et_pb_column][\/et_pb_row][et_pb_row column_structure=&#8221;1_3,1_3,1_3&#8243; use_custom_gutter=&#8221;on&#8221; gutter_width=&#8221;4&#8243; _builder_version=&#8221;4.27.4&#8243; _module_preset=&#8221;default&#8221; width=&#8221;68%&#8221; width_tablet=&#8221;50%&#8221; width_phone=&#8221;75%&#8221; width_last_edited=&#8221;on|tablet&#8221; custom_margin=&#8221;0px|auto||auto|false|false&#8221; custom_padding=&#8221;2px||23px||false|false&#8221; global_colors_info=&#8221;{}&#8221;][et_pb_column type=&#8221;1_3&#8243; _builder_version=&#8221;4.16&#8243; _module_preset=&#8221;default&#8221; global_colors_info=&#8221;{}&#8221;][dipi_hover_box content_title=&#8221;Domaine de la Chapelle&#8221; body_text=&#8221;<\/p>\n<p>Les Alpes-de-Haute-Provence (04)<br \/>R\u00e9gion Provence-Alpes-C\u00f4te d\u2019Azur<\/p>\n<p><strong><\/strong><\/p>\n<p>&#8221; use_force_square=&#8221;on&#8221; content_bg_color=&#8221;#897470&#8243; content_hover_bg_color=&#8221;#BCBDC0&#8243; content_hover_bg_image=&#8221;https:\/\/www.naranjo-sat.com\/wp-content\/uploads\/2025\/10\/2025_Domaine-la-Chapelle-16.jpg&#8221; content_hover_bg_blend=&#8221;luminosity&#8221; admin_label=&#8221;Domaine de la Chapelle&#8221; _builder_version=&#8221;4.27.4&#8243; _dynamic_attributes=&#8221;link_option_url&#8221; _module_preset=&#8221;default&#8221; content_title_font=&#8221;||||||||&#8221; content_title_text_color=&#8221;#ffffff&#8221; content_desc_font=&#8221;||||||||&#8221; content_desc_text_color=&#8221;#EEEEEE&#8221; content_desc_font_size=&#8221;16px&#8221; content_desc_line_height=&#8221;1.4em&#8221; content_hover_title_text_color=&#8221;#EEEEEE&#8221; content_hover_title_font_size=&#8221;11px&#8221; content_hover_desc_text_color=&#8221;#FFFFFF&#8221; content_hover_desc_font_size=&#8221;15px&#8221; content_hover_desc_line_height=&#8221;1.3em&#8221; background_color=&#8221;#393D41&#8243; background_enable_image=&#8221;off&#8221; custom_content_hover_button=&#8221;on&#8221; content_hover_button_text_size=&#8221;16px&#8221; content_hover_button_text_color=&#8221;#393D41&#8243; content_hover_button_bg_color=&#8221;#FDB940&#8243; content_hover_button_border_color=&#8221;RGBA(0,0,0,0)&#8221; content_hover_button_border_radius=&#8221;4px&#8221; content_hover_button_letter_spacing=&#8221;1px&#8221; content_hover_button_font=&#8221;|600||on|||||&#8221; content_hover_button_use_icon=&#8221;off&#8221; content_hover_button_custom_padding=&#8221;5px|30px|5px|30px|true|true&#8221; link_option_url=&#8221;@ET-DC@eyJkeW5hbWljIjp0cnVlLCJjb250ZW50IjoicG9zdF9saW5rX3VybF9wYWdlIiwic2V0dGluZ3MiOnsicG9zdF9pZCI6IjEwMTg3In19@&#8221; link_option_url_new_window=&#8221;on&#8221; content_hover_button_text_size_tablet=&#8221;&#8221; content_hover_button_text_size_phone=&#8221;&#8221; content_hover_button_text_size_last_edited=&#8221;on|desktop&#8221; border_color_all_content_hover_image=&#8221;RGBA(255,255,255,0)&#8221; locked=&#8221;off&#8221; global_colors_info=&#8221;{}&#8221; content_hover_button_bg_color__hover_enabled=&#8221;on|hover&#8221; content_hover_button_bg_color__hover=&#8221;#FDB940&#8243; content_hover_button_bg_enable_color__hover=&#8221;on&#8221; content_hover_button_text_size__hover_enabled=&#8221;on|hover&#8221; content_hover_button_text_color__hover_enabled=&#8221;on|desktop&#8221; content_hover_button_text_color__hover=&#8221;#ffffff&#8221; content_hover_button_text_size__hover=&#8221;16px&#8221; overlay_bg_color_gradient_type_tablet=&#8221;linear&#8221; overlay_bg_color_gradient_type_phone=&#8221;linear&#8221; overlay_bg_color_gradient_type__hover=&#8221;linear&#8221; image_bg_color_gradient_type__hover=&#8221;linear&#8221;][\/dipi_hover_box][\/et_pb_column][et_pb_column type=&#8221;1_3&#8243; _builder_version=&#8221;4.27.4&#8243; _module_preset=&#8221;default&#8221; global_colors_info=&#8221;{}&#8221;][dipi_hover_box content_title=&#8221;Les Jardins Int\u00e9rieurs&#8221; body_text=&#8221;<\/p>\n<p>Ard\u00e8che (07)<br \/>R\u00e9gion Auvergne-Rh\u00f4ne-Alpes<\/p>\n<p><strong><\/strong><\/p>\n<p>&#8221; use_force_square=&#8221;on&#8221; content_bg_color=&#8221;#C8B493&#8243; content_hover_bg_color=&#8221;#BCBDC0&#8243; content_hover_bg_image=&#8221;https:\/\/www.naranjo-sat.com\/wp-content\/uploads\/2025\/10\/processus-hoffman-jardins-interieurs-jardin-09.jpg&#8221; content_hover_bg_blend=&#8221;luminosity&#8221; admin_label=&#8221;Jardins int\u00e9rieurs&#8221; _builder_version=&#8221;4.27.4&#8243; _dynamic_attributes=&#8221;link_option_url&#8221; _module_preset=&#8221;default&#8221; content_title_font=&#8221;||||||||&#8221; content_title_text_color=&#8221;#393D41&#8243; content_desc_font=&#8221;||||||||&#8221; content_desc_text_color=&#8221;#393D41&#8243; content_desc_font_size=&#8221;16px&#8221; content_desc_line_height=&#8221;1.4em&#8221; content_hover_title_text_color=&#8221;#EEEEEE&#8221; content_hover_title_font_size=&#8221;11px&#8221; content_hover_desc_text_color=&#8221;#FFFFFF&#8221; content_hover_desc_font_size=&#8221;15px&#8221; content_hover_desc_line_height=&#8221;1.3em&#8221; background_color=&#8221;#393D41&#8243; background_enable_image=&#8221;off&#8221; custom_content_hover_button=&#8221;on&#8221; content_hover_button_text_size=&#8221;16px&#8221; content_hover_button_text_color=&#8221;#393D41&#8243; content_hover_button_bg_color=&#8221;#FDB940&#8243; content_hover_button_border_color=&#8221;RGBA(0,0,0,0)&#8221; content_hover_button_border_radius=&#8221;4px&#8221; content_hover_button_letter_spacing=&#8221;1px&#8221; content_hover_button_font=&#8221;|600||on|||||&#8221; content_hover_button_use_icon=&#8221;off&#8221; content_hover_button_custom_padding=&#8221;5px|30px|5px|30px|true|true&#8221; link_option_url=&#8221;@ET-DC@eyJkeW5hbWljIjp0cnVlLCJjb250ZW50IjoicG9zdF9saW5rX3VybF9wYWdlIiwic2V0dGluZ3MiOnsicG9zdF9pZCI6IjEwMTQ1In19@&#8221; link_option_url_new_window=&#8221;on&#8221; content_hover_button_text_size_tablet=&#8221;&#8221; content_hover_button_text_size_phone=&#8221;&#8221; content_hover_button_text_size_last_edited=&#8221;on|desktop&#8221; border_color_all_content_hover_image=&#8221;RGBA(255,255,255,0)&#8221; locked=&#8221;off&#8221; global_colors_info=&#8221;{}&#8221; content_hover_button_bg_color__hover_enabled=&#8221;on|hover&#8221; content_hover_button_bg_color__hover=&#8221;#FDB940&#8243; content_hover_button_bg_enable_color__hover=&#8221;on&#8221; content_hover_button_text_size__hover_enabled=&#8221;on|hover&#8221; content_hover_button_text_color__hover_enabled=&#8221;on|desktop&#8221; content_hover_button_text_color__hover=&#8221;#ffffff&#8221; content_hover_button_text_size__hover=&#8221;16px&#8221; overlay_bg_color_gradient_type_tablet=&#8221;linear&#8221; overlay_bg_color_gradient_type_phone=&#8221;linear&#8221; overlay_bg_color_gradient_type__hover=&#8221;linear&#8221; image_bg_color_gradient_type__hover=&#8221;linear&#8221;][\/dipi_hover_box][\/et_pb_column][et_pb_column type=&#8221;1_3&#8243; _builder_version=&#8221;4.16&#8243; _module_preset=&#8221;default&#8221; global_colors_info=&#8221;{}&#8221;][\/et_pb_column][\/et_pb_row][\/et_pb_section]<\/p>\n","protected":false},"excerpt":{"rendered":"<p><div class=\"et_pb_module dipi_breadcrumbs dipi_breadcrumbs_0\">\n\t\t\t\t\n\t\t\t\t\n\t\t\t\t\n\t\t\t\t\n\t\t\t\t\n\t\t\t\t\n\t\t\t\t<div class=\"et_pb_module_inner\">\n\t\t\t\t\t<div class=\"dipi-breadcrumbs dipi-bc-right\">\n                <ul >\n                    \n                                                        <li  class=\"dipi-breadcrumb-item dipi-breadcrumb-home\">\n\n                        \n                            <a  href=\"\">\n                                <span  content=\"Home\">\n                                                                        Accueil                                <\/span>\n                            <\/a>\n\n                                                <meta itemprop=\"position\" content=\"1\"\/>                    <\/li>\n\n                    <li class=\"dipi-breadcrumb-separator\">\n                    <span class=\"et-pb-icon dipi-separator-icon\">$<\/span>\n                <\/li>                            \n                <\/ul>\n            <\/div>\n\t\t\t\t<\/div>\n\t\t\t<\/div>Le Ch\u00e2teau de la Linotte,centre de s\u00e9minaire en Haute-Sa\u00f4ne (70)Retraite proche de la nature, en Bourgogne-Franche-Comt\u00e9 Au c\u0153ur de la Haute-Sa\u00f4ne, dans un lieu plein de charme de la r\u00e9gion Bourgogne-Franche-Comt\u00e9, cet endroit unique est [&hellip;]<\/p>\n","protected":false},"author":1,"featured_media":0,"parent":0,"menu_order":0,"comment_status":"closed","ping_status":"closed","template":"","meta":{"_et_pb_use_builder":"on","_et_pb_old_content":"","_et_gb_content_width":"","footnotes":""},"dipi_cpt_category":[],"class_list":["post-11845","page","type-page","status-publish","hentry"],"aioseo_notices":[],"_links":{"self":[{"href":"https:\/\/www.naranjo-sat.com\/en\/wp-json\/wp\/v2\/pages\/11845","targetHints":{"allow":["GET"]}}],"collection":[{"href":"https:\/\/www.naranjo-sat.com\/en\/wp-json\/wp\/v2\/pages"}],"about":[{"href":"https:\/\/www.naranjo-sat.com\/en\/wp-json\/wp\/v2\/types\/page"}],"author":[{"embeddable":true,"href":"https:\/\/www.naranjo-sat.com\/en\/wp-json\/wp\/v2\/users\/1"}],"replies":[{"embeddable":true,"href":"https:\/\/www.naranjo-sat.com\/en\/wp-json\/wp\/v2\/comments?post=11845"}],"version-history":[{"count":2,"href":"https:\/\/www.naranjo-sat.com\/en\/wp-json\/wp\/v2\/pages\/11845\/revisions"}],"predecessor-version":[{"id":11849,"href":"https:\/\/www.naranjo-sat.com\/en\/wp-json\/wp\/v2\/pages\/11845\/revisions\/11849"}],"wp:attachment":[{"href":"https:\/\/www.naranjo-sat.com\/en\/wp-json\/wp\/v2\/media?parent=11845"}],"wp:term":[{"taxonomy":"dipi_cpt_category","embeddable":true,"href":"https:\/\/www.naranjo-sat.com\/en\/wp-json\/wp\/v2\/dipi_cpt_category?post=11845"}],"curies":[{"name":"wp","href":"https:\/\/api.w.org\/{rel}","templated":true}]}}