{"id":6462,"date":"2023-02-28T12:01:37","date_gmt":"2023-02-28T11:01:37","guid":{"rendered":"https:\/\/sat.kelab.io\/espacios-nacientes\/"},"modified":"2024-11-10T17:52:08","modified_gmt":"2024-11-10T16:52:08","slug":"espacios-nacientes","status":"publish","type":"page","link":"https:\/\/www.naranjo-sat.com\/es\/espacios-nacientes\/","title":{"rendered":"Espacios Nacientes"},"content":{"rendered":"<p>[et_pb_section fb_built=\u00bb1&#8243; _builder_version=\u00bb4.16&#8243; _module_preset=\u00bbdefault\u00bb background_image=\u00bbhttps:\/\/www.naranjo-sat.com\/wp-content\/uploads\/2021\/07\/hoffman-france-bck-symbole-half.png\u00bb background_size=\u00bbinitial\u00bb background_position=\u00bbcenter_left\u00bb custom_margin=\u00bb0px||0px||false|false\u00bb custom_margin_tablet=\u00bb\u00bb custom_margin_phone=\u00bb0px||-34px||false|false\u00bb custom_margin_last_edited=\u00bbon|phone\u00bb custom_padding=\u00bb0px||200px||false|false\u00bb global_colors_info=\u00bb{}\u00bb][et_pb_row _builder_version=\u00bb4.14.9&#8243; _module_preset=\u00bbdefault\u00bb module_alignment=\u00bbright\u00bb custom_margin=\u00bb||0px|0px|false|false\u00bb custom_margin_tablet=\u00bb66px||0px|0px|false|false\u00bb custom_margin_phone=\u00bb66px||0px|0px|false|false\u00bb custom_margin_last_edited=\u00bbon|tablet\u00bb custom_padding=\u00bb0px|46px|0px|0px|false|false\u00bb global_module=\u00bb4422&#8243; saved_tabs=\u00bball\u00bb global_colors_info=\u00bb{}\u00bb][et_pb_column type=\u00bb4_4&#8243; _builder_version=\u00bb4.16&#8243; _module_preset=\u00bbdefault\u00bb global_colors_info=\u00bb{}\u00bb][dipi_breadcrumbs bc_custom_home=\u00bbon\u00bb bc_home_text=\u00bbAccueil\u00bb bc_home_icon=\u00bboff\u00bb bc_items_alignment=\u00bbdipi-bc-right\u00bb bc_schema=\u00bboff\u00bb bc_separator_color=\u00bb#897470&#8243; bc_active_item_color=\u00bbRGBA(255,255,255,0)\u00bb disabled_on=\u00bbon|off|off\u00bb _builder_version=\u00bb4.16&#8243; _module_preset=\u00bbdefault\u00bb items_font=\u00bbFira Sans|300|||||||\u00bb items_font_size=\u00bb0.9em\u00bb hover_text_color=\u00bb#897470&#8243; active_text_color=\u00bb#897470&#8243; module_alignment=\u00bbcenter\u00bb custom_margin=\u00bb0px||||false|false\u00bb custom_padding=\u00bb69px||||false|false\u00bb locked=\u00bboff\u00bb global_colors_info=\u00bb{}\u00bb][\/dipi_breadcrumbs][\/et_pb_column][\/et_pb_row][et_pb_row _builder_version=\u00bb4.16&#8243; width=\u00bb70%\u00bb module_alignment=\u00bbcenter\u00bb custom_margin=\u00bb15px|auto|26px|auto|false|false\u00bb custom_margin_tablet=\u00bb\u00bb custom_margin_phone=\u00bb15px|auto|2px|auto|false|false\u00bb custom_margin_last_edited=\u00bbon|phone\u00bb custom_padding=\u00bb0px||||false|false\u00bb global_colors_info=\u00bb{}\u00bb][et_pb_column type=\u00bb4_4&#8243; _builder_version=\u00bb4.16&#8243; global_colors_info=\u00bb{}\u00bb][et_pb_text _builder_version=\u00bb4.19.0&#8243; _module_preset=\u00bb61b2e47c-56be-4bb9-b370-20b9669b204b\u00bb custom_margin=\u00bb100px||40px|39px|false|false\u00bb custom_margin_tablet=\u00bb100px||40px|0px|false|false\u00bb custom_margin_phone=\u00bb100px||40px|0px|false|false\u00bb custom_margin_last_edited=\u00bbon|tablet\u00bb custom_padding_phone=\u00bb15px||||false|false\u00bb hover_enabled=\u00bb0&#8243; header_font_tablet=\u00bb\u00bb header_font_phone=\u00bb\u00bb header_font_last_edited=\u00bbon|phone\u00bb header_line_height_phone=\u00bb1.3em\u00bb global_colors_info=\u00bb{}\u00bb sticky_enabled=\u00bb0&#8243;]<\/p>\n<h1 style=\"text-align: center;\">Espacios Nacientes con Cherif Chalakani<\/h1>\n<p>[\/et_pb_text][\/et_pb_column][\/et_pb_row][et_pb_row column_structure=\u00bb1_2,1_2&#8243; use_custom_gutter=\u00bbon\u00bb gutter_width=\u00bb1&#8243; custom_padding_last_edited=\u00bbon|phone\u00bb _builder_version=\u00bb4.16&#8243; _module_preset=\u00bbdefault\u00bb custom_padding=\u00bb||64px|||\u00bb custom_padding_tablet=\u00bb\u00bb custom_padding_phone=\u00bb0px||0px||false|false\u00bb global_colors_info=\u00bb{}\u00bb][et_pb_column type=\u00bb1_2&#8243; _builder_version=\u00bb4.16&#8243; _module_preset=\u00bbdefault\u00bb global_colors_info=\u00bb{}\u00bb][\/et_pb_column][et_pb_column type=\u00bb1_2&#8243; _builder_version=\u00bb4.16&#8243; _module_preset=\u00bbdefault\u00bb global_colors_info=\u00bb{}\u00bb][et_pb_text _builder_version=\u00bb4.19.0&#8243; _module_preset=\u00bbdefault\u00bb header_2_font=\u00bb|600|on||||||\u00bb header_3_font=\u00bbFira Sans||||||||\u00bb header_3_font_size=\u00bb18px\u00bb header_3_line_height=\u00bb0em\u00bb custom_margin=\u00bb0px||2px||false|false\u00bb custom_padding_phone=\u00bb7px|0px|15px|15px|false|false\u00bb hover_enabled=\u00bb0&#8243; global_colors_info=\u00bb{}\u00bb sticky_enabled=\u00bb0&#8243;]<\/p>\n<p>ESPACIOS NACIENTES se realiza en la continuidad natural del trabajo terap\u00e9utico con las figuras parentales.<\/p>\n<p>El espacio de reconciliaci\u00f3n logrado con los padres biol\u00f3gicos significa una disponibilidad psicol\u00f3gica que permite crear una nueva triada interior de Madre, Padre e Hij@.<\/p>\n<p>M\u00e1s all\u00e1 de las circunstancias externas de nuestras vidas est\u00e1 en nuestras manos crear una familiar interior amorosa en el seno de la cual \u201crenacer\u201d. Una nueva familia que reconoce y atiende nuestras necesidades presentes y anhelos futuros.<\/p>\n<p>Es una trinidad arquet\u00edpica que brinda un sano proceso de \u201cmaternaje\u201d y \u201cpaternaje\u201d a nuestro ni\u00f1o interior y libera sus movimientos amorosos interrumpidos.<\/p>\n<p>ESPACIOS NACIENTES permite explorar las creencias, las emociones y las conductas en relaci\u00f3n al nacer, aportando la informaci\u00f3n vital necesaria para sanar las heridas prenatales. Se atienden y se elaboran las posibles dificultades asociadas a nuestro nacimiento biol\u00f3gico, nuestro primer gran cambio, que consiste en pasar del agua al aire, de la oscuridad a la luz, de la fusi\u00f3n a la autonom\u00eda.<\/p>\n<p>Este proceso de sanaci\u00f3n nos permite abordar, sin la huella de las memorias traum\u00e1ticas, los futuros cambios y transiciones que la vida nos propone, que metaf\u00f3ricamente son otros nacimientos.<\/p>\n<p>ESPACIOS NACIENTES invita al cambio, soltando viejos patrones, gestando y incorporando nuevas modalidades atencionales y amorosas.<\/p>\n<p>El bien nacer y el bien morir nos acercan al bien vivir.<\/p>\n<p>ESPACIOS NACIENTES ES:<\/p>\n<p>Nacer a un campo atencional neutral que abraza lo emergente, individual y grupal, con aceptaci\u00f3n.<br \/>Nacer a la confianza, a la gentileza, a la autorregulaci\u00f3n organ\u00edsmica, reconociendo el miedo, la violencia y los automatismos, frutos de los condicionamientos.<br \/>Nacer a otros ritmos y tiempos, a lo lento y la quietud, umbrales hacia los paisajes interiores y el sabor a eternidad del instante.<br \/>Nacer a los diferentes oleajes respiratorios y sus amplias posibilidades de contacto e intimidad.<br \/>Nacer al cuerpo que somos, habitando sus sensaciones y honrando el patrimonio que representa.<br \/>Nacer a la danza de la vida, celebrando sus matices, en quietud y en movimiento.<br \/>Nacer al esp\u00edritu de aventura hacia nuevos territorios, sostenidos por la fuerza y la sabidur\u00eda del grupo.<br \/>Nacer al viaje inici\u00e1tico que nos lleva de lo individual a lo universal, de lo personal a lo transpersonal, de lo ilusorio a lo real.<br \/>Los nuevos recursos atencionales y amorosos, cultivados y afinados desde diferentes percepciones del espacio, del tiempo y de la respiraci\u00f3n, conforman entonces una generosa \u201cmatriz\u201d donde se pueden concebir, gestar y alumbrar todas las posibilidades.<br \/>Las dos modalidades de Espacios Nacientes:<\/p>\n<p>Taller intensivo de siete d\u00edas<br \/>Es una propuesta estructurada para vivenciar con dulzura el nacer a ser Madre, Padre e Hij@. Se plantea este residencial al inicio de agosto. En 2023 sera del 6 al 13 de agosto.<\/p>\n<p>Un ciclo de Espacios Nacientes<br \/>Se da a lo largo de 12 meses y consiste en seis encuentros residenciales.<\/p>\n<p>El proximo ciclo, del a\u00f1o 2023, ser\u00e1 en M\u00e9xico y est\u00e1 a cargo de Montse de Pablo.<\/p>\n<p>Informaci\u00f3n : montsedepablo@hotmail.com<\/p>\n<p>[\/et_pb_text][\/et_pb_column][\/et_pb_row][\/et_pb_section]<\/p>\n","protected":false},"excerpt":{"rendered":"<p><div class=\"et_pb_module dipi_breadcrumbs dipi_breadcrumbs_0\">\n\t\t\t\t\n\t\t\t\t\n\t\t\t\t\n\t\t\t\t\n\t\t\t\t\n\t\t\t\t\n\t\t\t\t<div class=\"et_pb_module_inner\">\n\t\t\t\t\t<div class=\"dipi-breadcrumbs dipi-bc-right\">\n                <ul >\n                    \n                                                        <li  class=\"dipi-breadcrumb-item dipi-breadcrumb-home\">\n\n                        \n                            <a  href=\"\">\n                                <span  content=\"Home\">\n                                                                        Accueil                                <\/span>\n                            <\/a>\n\n                                                <meta itemprop=\"position\" content=\"1\"\/>                    <\/li>\n\n                    <li class=\"dipi-breadcrumb-separator\">\n                    <span class=\"et-pb-icon dipi-separator-icon\">$<\/span>\n                <\/li>                            \n                <\/ul>\n            <\/div>\n\t\t\t\t<\/div>\n\t\t\t<\/div>Espacios Nacientes con Cherif ChalakaniESPACIOS NACIENTES se realiza en la continuidad natural del trabajo terap\u00e9utico con las figuras parentales. El espacio de reconciliaci\u00f3n logrado con los padres biol\u00f3gicos significa una disponibilidad psicol\u00f3gica que permite crear [&hellip;]<\/p>\n","protected":false},"author":1,"featured_media":0,"parent":0,"menu_order":0,"comment_status":"closed","ping_status":"closed","template":"","meta":{"_et_pb_use_builder":"on","_et_pb_old_content":"","_et_gb_content_width":"","footnotes":""},"dipi_cpt_category":[],"class_list":["post-6462","page","type-page","status-publish","hentry"],"aioseo_notices":[],"_links":{"self":[{"href":"https:\/\/www.naranjo-sat.com\/es\/wp-json\/wp\/v2\/pages\/6462","targetHints":{"allow":["GET"]}}],"collection":[{"href":"https:\/\/www.naranjo-sat.com\/es\/wp-json\/wp\/v2\/pages"}],"about":[{"href":"https:\/\/www.naranjo-sat.com\/es\/wp-json\/wp\/v2\/types\/page"}],"author":[{"embeddable":true,"href":"https:\/\/www.naranjo-sat.com\/es\/wp-json\/wp\/v2\/users\/1"}],"replies":[{"embeddable":true,"href":"https:\/\/www.naranjo-sat.com\/es\/wp-json\/wp\/v2\/comments?post=6462"}],"version-history":[{"count":13,"href":"https:\/\/www.naranjo-sat.com\/es\/wp-json\/wp\/v2\/pages\/6462\/revisions"}],"predecessor-version":[{"id":7244,"href":"https:\/\/www.naranjo-sat.com\/es\/wp-json\/wp\/v2\/pages\/6462\/revisions\/7244"}],"wp:attachment":[{"href":"https:\/\/www.naranjo-sat.com\/es\/wp-json\/wp\/v2\/media?parent=6462"}],"wp:term":[{"taxonomy":"dipi_cpt_category","embeddable":true,"href":"https:\/\/www.naranjo-sat.com\/es\/wp-json\/wp\/v2\/dipi_cpt_category?post=6462"}],"curies":[{"name":"wp","href":"https:\/\/api.w.org\/{rel}","templated":true}]}}