{"id":3050,"date":"2022-02-14T13:44:08","date_gmt":"2022-02-14T12:44:08","guid":{"rendered":"https:\/\/hoffman.kelab.io\/?page_id=3050"},"modified":"2022-03-30T20:31:38","modified_gmt":"2022-03-30T18:31:38","slug":"covid-19","status":"publish","type":"page","link":"https:\/\/www.naranjo-sat.com\/fr\/qui-sommes-nous\/covid-19\/","title":{"rendered":"Covid-19"},"content":{"rendered":"<p>[et_pb_section fb_built=\u00a0\u00bb1&Prime; _builder_version=\u00a0\u00bb4.15&Prime; _module_preset=\u00a0\u00bbdefault\u00a0\u00bb background_image=\u00a0\u00bbhttps:\/\/www.naranjo-sat.com\/wp-content\/uploads\/2021\/07\/hoffman-france-bck-symbole-half.png\u00a0\u00bb background_size=\u00a0\u00bbcontain\u00a0\u00bb background_position=\u00a0\u00bbbottom_left\u00a0\u00bb custom_margin=\u00a0\u00bb0px||0px||false|false\u00a0\u00bb custom_padding=\u00a0\u00bb0px||115px||false|false\u00a0\u00bb global_colors_info=\u00a0\u00bb{}\u00a0\u00bb][et_pb_row _builder_version=\u00a0\u00bb4.14.9&Prime; _module_preset=\u00a0\u00bbdefault\u00a0\u00bb module_alignment=\u00a0\u00bbright\u00a0\u00bb custom_margin=\u00a0\u00bb||0px|0px|false|false\u00a0\u00bb custom_margin_tablet=\u00a0\u00bb66px||0px|0px|false|false\u00a0\u00bb custom_margin_phone=\u00a0\u00bb66px||0px|0px|false|false\u00a0\u00bb custom_margin_last_edited=\u00a0\u00bbon|tablet\u00a0\u00bb custom_padding=\u00a0\u00bb0px|46px|0px|0px|false|false\u00a0\u00bb global_module=\u00a0\u00bb4422&Prime; saved_tabs=\u00a0\u00bball\u00a0\u00bb global_colors_info=\u00a0\u00bb{}\u00a0\u00bb][et_pb_column type=\u00a0\u00bb4_4&Prime; _builder_version=\u00a0\u00bb4.15&Prime; _module_preset=\u00a0\u00bbdefault\u00a0\u00bb global_colors_info=\u00a0\u00bb{}\u00a0\u00bb][dipi_breadcrumbs bc_custom_home=\u00a0\u00bbon\u00a0\u00bb bc_home_text=\u00a0\u00bbAccueil\u00a0\u00bb bc_home_icon=\u00a0\u00bboff\u00a0\u00bb bc_items_alignment=\u00a0\u00bbdipi-bc-right\u00a0\u00bb bc_schema=\u00a0\u00bboff\u00a0\u00bb bc_separator_color=\u00a0\u00bb#897470&Prime; bc_active_item_color=\u00a0\u00bbRGBA(255,255,255,0)\u00a0\u00bb disabled_on=\u00a0\u00bbon|off|off\u00a0\u00bb _builder_version=\u00a0\u00bb4.14.9&Prime; _module_preset=\u00a0\u00bbdefault\u00a0\u00bb items_font=\u00a0\u00bbFira Sans|300|||||||\u00a0\u00bb items_font_size=\u00a0\u00bb0.9em\u00a0\u00bb hover_text_color=\u00a0\u00bb#897470&Prime; active_text_color=\u00a0\u00bb#897470&Prime; module_alignment=\u00a0\u00bbcenter\u00a0\u00bb custom_margin=\u00a0\u00bb0px||||false|false\u00a0\u00bb custom_padding=\u00a0\u00bb69px||||false|false\u00a0\u00bb locked=\u00a0\u00bboff\u00a0\u00bb global_colors_info=\u00a0\u00bb{}\u00a0\u00bb][\/dipi_breadcrumbs][\/et_pb_column][\/et_pb_row][et_pb_row _builder_version=\u00a0\u00bb4.15&Prime; custom_margin=\u00a0\u00bb0px|auto|0px|auto|false|false\u00a0\u00bb custom_margin_tablet=\u00a0\u00bb\u00a0\u00bb custom_margin_phone=\u00a0\u00bb15px|auto|2px|auto|false|false\u00a0\u00bb custom_margin_last_edited=\u00a0\u00bbon|phone\u00a0\u00bb custom_padding=\u00a0\u00bb0px||0px||false|false\u00a0\u00bb global_colors_info=\u00a0\u00bb{}\u00a0\u00bb][et_pb_column type=\u00a0\u00bb4_4&Prime; _builder_version=\u00a0\u00bb4.15&Prime; global_colors_info=\u00a0\u00bb{}\u00a0\u00bb][et_pb_text _builder_version=\u00a0\u00bb4.15&Prime; text_font=\u00a0\u00bbMerriweather Sans|600|||||||\u00a0\u00bb header_font=\u00a0\u00bb|700|||||||\u00a0\u00bb custom_margin=\u00a0\u00bb50px||40px||false|false\u00a0\u00bb custom_padding_phone=\u00a0\u00bb15px||||false|false\u00a0\u00bb text_font_size_phone=\u00a0\u00bb26px\u00a0\u00bb header_font_size_phone=\u00a0\u00bb26px\u00a0\u00bb global_colors_info=\u00a0\u00bb{}\u00a0\u00bb]<\/p>\n<h1 style=\"text-align: center;\">Covid-19<\/h1>\n<div id=\"gtx-trans\" style=\"position: absolute; left: 86px; top: 51.9062px;\">\n<div class=\"gtx-trans-icon\"><\/div>\n<\/div>\n<p>[\/et_pb_text][\/et_pb_column][\/et_pb_row][et_pb_row column_structure=\u00a0\u00bb2_3,1_3&Prime; _builder_version=\u00a0\u00bb4.15&Prime; _module_preset=\u00a0\u00bbdefault\u00a0\u00bb custom_padding=\u00a0\u00bb||17px||false|false\u00a0\u00bb global_colors_info=\u00a0\u00bb{}\u00a0\u00bb][et_pb_column type=\u00a0\u00bb2_3&Prime; _builder_version=\u00a0\u00bb4.15&Prime; _module_preset=\u00a0\u00bbdefault\u00a0\u00bb global_colors_info=\u00a0\u00bb{}\u00a0\u00bb][et_pb_text _builder_version=\u00a0\u00bb4.15.1&Prime; _module_preset=\u00a0\u00bbdefault\u00a0\u00bb hover_enabled=\u00a0\u00bb0&Prime; global_colors_info=\u00a0\u00bb{}\u00a0\u00bb custom_padding_phone=\u00a0\u00bb0px|0px|15px|15px|false|false\u00a0\u00bb sticky_enabled=\u00a0\u00bb0&Prime;]<\/p>\n<p>L&rsquo;Institut donne la priorit\u00e9 \u00e0 la s\u00e9curit\u00e9. En ces temps de pand\u00e9mie, nous avons mis en place des directives et des protocoles pour assurer la s\u00e9curit\u00e9 et la sant\u00e9 de nos participants et de nos enseignants.<\/p>\n<p>Nous demandons \u00e0 tous les participants, ind\u00e9pendamment de leur statut vaccinal, un test PCR r\u00e9alis\u00e9 dans les 48 h pr\u00e9c\u00e9dant l\u00b4arriv\u00e9e au stage. Durant les s\u00e9jours, les gestes barri\u00e8res seront soigneusement respect\u00e9s et plusieurs tests antig\u00e9niques seront effectu\u00e9s pour tout le groupe.<\/p>\n<p>Pendant la pand\u00e9mie, nous mettons en place une grande flexibilit\u00e9 pour la gestion des inscriptions. En cas d\u2019annulation ou de report du stage en raison de restrictions li\u00e9es au coronavirus, vous pouvez soit reporter votre inscription vers un autre stage, soit annuler sans probl\u00e8me.<\/p>\n<p>La pand\u00e9mie nous demande beaucoup d&rsquo;efforts sur un plan individuel et collectif. Nos stages offrent des espaces pour aborder les questions et probl\u00e8mes personnels soulev\u00e9s \u00e0 travers de cette crise.<\/p>\n<p>[\/et_pb_text][\/et_pb_column][et_pb_column type=\u00a0\u00bb1_3&Prime; _builder_version=\u00a0\u00bb4.15&Prime; _module_preset=\u00a0\u00bbdefault\u00a0\u00bb global_colors_info=\u00a0\u00bb{}\u00a0\u00bb][et_pb_image src=\u00a0\u00bbhttps:\/\/www.naranjo-sat.com\/wp-content\/uploads\/2022\/02\/infinitud.jpg\u00a0\u00bb title_text=\u00a0\u00bbinfinitud\u00a0\u00bb _builder_version=\u00a0\u00bb4.15&Prime; _module_preset=\u00a0\u00bbdefault\u00a0\u00bb global_colors_info=\u00a0\u00bb{}\u00a0\u00bb][\/et_pb_image][\/et_pb_column][\/et_pb_row][\/et_pb_section]<\/p>\n","protected":false},"excerpt":{"rendered":"<p><div class=\"et_pb_module dipi_breadcrumbs dipi_breadcrumbs_0\">\n\t\t\t\t\n\t\t\t\t\n\t\t\t\t\n\t\t\t\t\n\t\t\t\t\n\t\t\t\t\n\t\t\t\t<div class=\"et_pb_module_inner\">\n\t\t\t\t\t<div class=\"dipi-breadcrumbs dipi-bc-right\">\n                <ul >\n                    \n                                                        <li  class=\"dipi-breadcrumb-item dipi-breadcrumb-home\">\n\n                        \n                            <a  href=\"\">\n                                <span  content=\"Accueil\">\n                                                                        Accueil                                <\/span>\n                            <\/a>\n\n                                                <meta itemprop=\"position\" content=\"1\"\/>                    <\/li>\n\n                    <li class=\"dipi-breadcrumb-separator\">\n                    <span class=\"et-pb-icon dipi-separator-icon\">$<\/span>\n                <\/li>                            \n                <\/ul>\n            <\/div>\n\t\t\t\t<\/div>\n\t\t\t<\/div>Covid-19 L&rsquo;Institut donne la priorit\u00e9 \u00e0 la s\u00e9curit\u00e9. En ces temps de pand\u00e9mie, nous avons mis en place des directives et des protocoles pour assurer la s\u00e9curit\u00e9 et la sant\u00e9 de nos participants et de [&hellip;]<\/p>\n","protected":false},"author":1,"featured_media":0,"parent":418,"menu_order":0,"comment_status":"closed","ping_status":"closed","template":"","meta":{"_et_pb_use_builder":"on","_et_pb_old_content":"","_et_gb_content_width":"","footnotes":""},"dipi_cpt_category":[],"class_list":["post-3050","page","type-page","status-publish","hentry"],"aioseo_notices":[],"_links":{"self":[{"href":"https:\/\/www.naranjo-sat.com\/fr\/wp-json\/wp\/v2\/pages\/3050","targetHints":{"allow":["GET"]}}],"collection":[{"href":"https:\/\/www.naranjo-sat.com\/fr\/wp-json\/wp\/v2\/pages"}],"about":[{"href":"https:\/\/www.naranjo-sat.com\/fr\/wp-json\/wp\/v2\/types\/page"}],"author":[{"embeddable":true,"href":"https:\/\/www.naranjo-sat.com\/fr\/wp-json\/wp\/v2\/users\/1"}],"replies":[{"embeddable":true,"href":"https:\/\/www.naranjo-sat.com\/fr\/wp-json\/wp\/v2\/comments?post=3050"}],"version-history":[{"count":13,"href":"https:\/\/www.naranjo-sat.com\/fr\/wp-json\/wp\/v2\/pages\/3050\/revisions"}],"predecessor-version":[{"id":4586,"href":"https:\/\/www.naranjo-sat.com\/fr\/wp-json\/wp\/v2\/pages\/3050\/revisions\/4586"}],"up":[{"embeddable":true,"href":"https:\/\/www.naranjo-sat.com\/fr\/wp-json\/wp\/v2\/pages\/418"}],"wp:attachment":[{"href":"https:\/\/www.naranjo-sat.com\/fr\/wp-json\/wp\/v2\/media?parent=3050"}],"wp:term":[{"taxonomy":"dipi_cpt_category","embeddable":true,"href":"https:\/\/www.naranjo-sat.com\/fr\/wp-json\/wp\/v2\/dipi_cpt_category?post=3050"}],"curies":[{"name":"wp","href":"https:\/\/api.w.org\/{rel}","templated":true}]}}