{"id":448,"date":"2021-06-14T19:51:25","date_gmt":"2021-06-14T17:51:25","guid":{"rendered":"https:\/\/hoffman.kelab.io\/?page_id=448"},"modified":"2026-01-19T14:55:37","modified_gmt":"2026-01-19T13:55:37","slug":"mentions-legales","status":"publish","type":"page","link":"https:\/\/www.naranjo-sat.com\/fr\/mentions-legales\/","title":{"rendered":"Mentions l\u00e9gales"},"content":{"rendered":"<p>[et_pb_section fb_built=\u00a0\u00bb1&Prime; _builder_version=\u00a0\u00bb4.27.4&Prime; _module_preset=\u00a0\u00bbdefault\u00a0\u00bb background_color=\u00a0\u00bbRGBA(255,255,255,0)\u00a0\u00bb global_colors_info=\u00a0\u00bb{}\u00a0\u00bb][et_pb_row column_structure=\u00a0\u00bb3_4,1_4&Prime; _builder_version=\u00a0\u00bb4.16&Prime; _module_preset=\u00a0\u00bbdefault\u00a0\u00bb global_colors_info=\u00a0\u00bb{}\u00a0\u00bb][et_pb_column type=\u00a0\u00bb3_4&Prime; _builder_version=\u00a0\u00bb4.16&Prime; _module_preset=\u00a0\u00bbdefault\u00a0\u00bb global_colors_info=\u00a0\u00bb{}\u00a0\u00bb][et_pb_text _builder_version=\u00a0\u00bb4.27.4&Prime; _module_preset=\u00a0\u00bbdefault\u00a0\u00bb header_font=\u00a0\u00bbFira Sans|600|||||||\u00a0\u00bb header_2_font=\u00a0\u00bbFira Sans|600|||||||\u00a0\u00bb header_2_font_size=\u00a0\u00bb18px\u00a0\u00bb custom_margin_phone=\u00a0\u00bb50px||||false|false\u00a0\u00bb header_font_size_phone=\u00a0\u00bb26px\u00a0\u00bb global_colors_info=\u00a0\u00bb{}\u00a0\u00bb]<\/p>\n<h1>MENTIONS L\u00c9GALES<\/h1>\n<p>&nbsp;<\/p>\n<p>Ce site web <a href=\"https:\/\/www.naranjo-sat.com\">www.naranjo-sat.com<\/a> appartient et est g\u00e9r\u00e9\u0301 par IH&amp;SAT UG (haftungsbeschr\u00e4nkt).<\/p>\n<p>IH&amp;SAT UG (haftungsbeschr\u00e4nkt)<br \/>Stadtstrasse 11,<br \/>79104 Freiburg,<br \/>Allemagne<br \/>T\u00e9l. : +49 761 55 29 66<br \/>E-Mail : <a href=\"mailto:info@naranjo-sat.com\">info@naranjo-sat.com<\/a><\/p>\n<p>Num\u00e9ro fiscal : 06433\/42777<br \/>Num\u00e9ro de TVA : DE351106782<\/p>\n<p>Registre du Commerce<br \/>Tribunal d\u2019Instance de Freiburg, HRB 725857<\/p>\n<p>Responsable du Site<br \/>Dr. Katrin Reuter<br \/>Psychologue et Psychoth\u00e9rapeute<br \/>Directrice g\u00e9n\u00e9rale de IH&amp;SAT UG<\/p>\n<p><strong>1) Conditions g\u00e9n\u00e9rales d\u2019Utilisation<\/strong><br \/>L\u2019utilisation de ce site et de ses services implique votre acceptation en tant qu\u2019utilisateur, sans aucune r\u00e9serve, de chacune des pr\u00e9sentes conditions g\u00e9n\u00e9rales ainsi que des <a href=\"\/?page_id=6682\">conditions g\u00e9n\u00e9rales de vente<\/a>.<\/p>\n<p><strong>2) Droits d\u2019Auteur<\/strong><br \/>Tout contenu publie\u0301 et mis a\u0300 disposition sur ce site est la propri\u00e9t\u00e9 de IH&amp;SAT UG et de ses cr\u00e9ateurs. Cela comprend, mais n\u2019est pas limite\u0301 aux images, textes, logos, documents, fichiers t\u00e9l\u00e9chargeables, structure g\u00e9n\u00e9rale, la charte graphique, les sons, les photographies et l\u2019iconographie, et tout ce qui contribue a\u0300 la composition de ce site. L\u2019utilisation du site de IH&amp;SAT UG ne conf\u00e8re aucun droit sur ce site et\/ou son contenu, seul un usage strictement personnel de ce site et de son contenu est autoris\u00e9.<\/p>\n<p>Toute reproduction et\/ou repr\u00e9sentation et\/ou diffusion, en tout ou partie, sur tout support \u00e9lectronique ou non, pr\u00e9sent ou futur, du site et\/ou de tout ou partie de son contenu sont interdites sauf autorisation pr\u00e9alable, \u00e9crite et expresse de IH&amp;SAT UG.<\/p>\n<p><strong>3) Description des services fournis<\/strong><br \/>Le site www.naranjo-sat.com a pour objet de fournir une information concernant l\u2019ensemble des activit\u00e9s propos\u00e9es par IH&amp;SAT UG. Les services propos\u00e9s comprennent, de fa\u00e7on non exhaustive : S\u00e9minaires de d\u00e9veloppement personnel \u2013 en pr\u00e9sentiel et a\u0300 distance. S\u00e9ances d\u2019accompagnement individuel \u2013 a\u0300 distance.<br \/>Les services li\u00e9s a\u0300 ce document sont les services qui sont affich\u00e9s sur notre site au moment o\u00f9 l\u2019utilisateur y acc\u00e8de. Toutes les informations, descriptions ou images fourni(e)s par IH&amp;SAT UG sont de\u0301crites et pr\u00e9sent\u00e9es avec la plus grande pr\u00e9cision possible. Cependant, il ne pourra \u00eatre tenu responsable des omissions, des inexactitudes et des carences dans la mise \u00e0 jour, qu\u2019elles soient de son fait ou du fait des tiers partenaires qui lui fournissent ces informations.<\/p>\n<p><strong>4) Protection des Donn\u00e9es<br \/><\/strong>La politique d\u2019utilisation des donn\u00e9es personnelles de IH&amp;SAT UG, conforme aux dispositions du R\u00e8glement G\u00e9n\u00e9ral sur la protection des Donn\u00e9es Personnelles (\u00ab RGDP \u00bb), est applicable aux utilisateurs du site, clients et abonn\u00e9s \u00e0 nos communications. Consultez-le <a href=\"\/?page_id=6675\">ici<\/a>.<\/p>\n<p><strong>5) Limitation de Responsabilit\u00e9<\/strong><br \/>IH&amp;SAT UG apporte le plus grand soin et met en \u0153uvre tout moyen pour diffuser sur son site des informations de qualit\u00e9. IH&amp;SAT UG ne peut toutefois pas garantir de mani\u00e8re absolue l\u2019exactitude et l\u2019exhaustivit\u00e9 de l\u2019ensemble de ces informations. Les internautes utilisent le site sous leur seule et enti\u00e8re responsabilit\u00e9.<\/p>\n<p>IH&amp;SAT UG d\u00e9cline toute responsabilit\u00e9 pour d\u2019\u00e9ventuels dommages r\u00e9sultant de l\u2019utilisation, d\u2019interruptions ou d\u2019indisponibilit\u00e9s du site et de ses services.<\/p>\n<p>Le site contient \u00e9galement des informations provenant de tierces personnes, et des liens vers d\u2019autres sites Internet. IH&amp;SAT UG ne contr\u00f4le ni la qualit\u00e9, les sp\u00e9cifications des produits ou services propos\u00e9s, ni l\u2019exactitude des informations qui se trouvent sur les sites de tiers ni leur contenu. Le fait que IH&amp;SAT UG propose des liens n\u2019implique en aucun cas l\u2019approbation implicite du contenu de ces sites ou pages web.<\/p>\n<p><strong>6) Design et Cr\u00e9ation<\/strong><br \/>Sarah Buyo | www.sarah-buyo.com<\/p>\n<p><strong>7) H\u00e9bergement<\/strong><br \/>Infomaniak Network SA | www.infomaniak.ch<\/p>\n<p><strong>8) Mises \u00e0 Jour et Modifications<\/strong><br \/>IH&amp;SAT UG se r\u00e9serve le droit de modifier et\/ou remplacer les dispositions des pr\u00e9sentes conditions g\u00e9n\u00e9rales d\u2019utilisation ou d\u2019impl\u00e9menter des changements de ses services. Toute modification prend effet au moment de sa publication.<\/p>\n<p>Derni\u00e8re version de mention l\u00e9gales : 11\/2024<\/p>\n<p>&nbsp;<\/p>\n<p>[\/et_pb_text][\/et_pb_column][et_pb_column type=\u00a0\u00bb1_4&Prime; _builder_version=\u00a0\u00bb4.16&Prime; _module_preset=\u00a0\u00bbdefault\u00a0\u00bb global_colors_info=\u00a0\u00bb{}\u00a0\u00bb][\/et_pb_column][\/et_pb_row][\/et_pb_section]<\/p>\n","protected":false},"excerpt":{"rendered":"<p>MENTIONS L\u00c9GALES &nbsp; Ce site web www.naranjo-sat.com appartient et est g\u00e9r\u00e9\u0301 par IH&amp;SAT UG (haftungsbeschr\u00e4nkt). IH&amp;SAT UG (haftungsbeschr\u00e4nkt)Stadtstrasse 11,79104 Freiburg,AllemagneT\u00e9l. : +49 761 55 29 66E-Mail : info@naranjo-sat.com Num\u00e9ro fiscal : 06433\/42777Num\u00e9ro de TVA : DE351106782 Registre du CommerceTribunal d\u2019Instance de Freiburg, HRB 725857 Responsable du SiteDr. Katrin ReuterPsychologue et Psychoth\u00e9rapeuteDirectrice g\u00e9n\u00e9rale de IH&amp;SAT UG [&hellip;]<\/p>\n","protected":false},"author":1,"featured_media":0,"parent":0,"menu_order":0,"comment_status":"closed","ping_status":"closed","template":"","meta":{"_et_pb_use_builder":"on","_et_pb_old_content":"","_et_gb_content_width":"","footnotes":""},"dipi_cpt_category":[],"class_list":["post-448","page","type-page","status-publish","hentry"],"aioseo_notices":[],"_links":{"self":[{"href":"https:\/\/www.naranjo-sat.com\/fr\/wp-json\/wp\/v2\/pages\/448","targetHints":{"allow":["GET"]}}],"collection":[{"href":"https:\/\/www.naranjo-sat.com\/fr\/wp-json\/wp\/v2\/pages"}],"about":[{"href":"https:\/\/www.naranjo-sat.com\/fr\/wp-json\/wp\/v2\/types\/page"}],"author":[{"embeddable":true,"href":"https:\/\/www.naranjo-sat.com\/fr\/wp-json\/wp\/v2\/users\/1"}],"replies":[{"embeddable":true,"href":"https:\/\/www.naranjo-sat.com\/fr\/wp-json\/wp\/v2\/comments?post=448"}],"version-history":[{"count":20,"href":"https:\/\/www.naranjo-sat.com\/fr\/wp-json\/wp\/v2\/pages\/448\/revisions"}],"predecessor-version":[{"id":11068,"href":"https:\/\/www.naranjo-sat.com\/fr\/wp-json\/wp\/v2\/pages\/448\/revisions\/11068"}],"wp:attachment":[{"href":"https:\/\/www.naranjo-sat.com\/fr\/wp-json\/wp\/v2\/media?parent=448"}],"wp:term":[{"taxonomy":"dipi_cpt_category","embeddable":true,"href":"https:\/\/www.naranjo-sat.com\/fr\/wp-json\/wp\/v2\/dipi_cpt_category?post=448"}],"curies":[{"name":"wp","href":"https:\/\/api.w.org\/{rel}","templated":true}]}}