{"id":454,"date":"2021-06-14T19:52:12","date_gmt":"2021-06-14T17:52:12","guid":{"rendered":"https:\/\/hoffman.kelab.io\/?page_id=454"},"modified":"2025-08-18T21:34:56","modified_gmt":"2025-08-18T19:34:56","slug":"cgv","status":"publish","type":"page","link":"https:\/\/www.naranjo-sat.com\/fr\/cgv\/","title":{"rendered":"Conditions g\u00e9n\u00e9rales de vente"},"content":{"rendered":"<p>[et_pb_section fb_built=\u00a0\u00bb1&Prime; _builder_version=\u00a0\u00bb4.27.4&Prime; _module_preset=\u00a0\u00bbdefault\u00a0\u00bb background_color=\u00a0\u00bbRGBA(255,255,255,0)\u00a0\u00bb global_colors_info=\u00a0\u00bb{}\u00a0\u00bb][et_pb_row column_structure=\u00a0\u00bb3_4,1_4&Prime; _builder_version=\u00a0\u00bb4.27.4&Prime; _module_preset=\u00a0\u00bbdefault\u00a0\u00bb hover_enabled=\u00a0\u00bb0&Prime; global_colors_info=\u00a0\u00bb{}\u00a0\u00bb sticky_enabled=\u00a0\u00bb0&Prime;][et_pb_column type=\u00a0\u00bb3_4&Prime; _builder_version=\u00a0\u00bb4.16&Prime; _module_preset=\u00a0\u00bbdefault\u00a0\u00bb global_colors_info=\u00a0\u00bb{}\u00a0\u00bb][et_pb_text _builder_version=\u00a0\u00bb4.27.4&Prime; _module_preset=\u00a0\u00bbdefault\u00a0\u00bb ul_font=\u00a0\u00bb|700|||||||\u00a0\u00bb ol_font=\u00a0\u00bb||||||||\u00a0\u00bb ol_text_color=\u00a0\u00bb#393D41&Prime; header_font=\u00a0\u00bbFira Sans|600|||||||\u00a0\u00bb header_2_font=\u00a0\u00bbFira Sans|600|||||||\u00a0\u00bb header_2_font_size=\u00a0\u00bb18px\u00a0\u00bb custom_padding=\u00a0\u00bb0px|0px|15px|0px|false|true\u00a0\u00bb hover_enabled=\u00a0\u00bb0&Prime; global_colors_info=\u00a0\u00bb{}\u00a0\u00bb header_font_size_phone=\u00a0\u00bb26px\u00a0\u00bb custom_margin_phone=\u00a0\u00bb50px||||false|false\u00a0\u00bb sticky_enabled=\u00a0\u00bb0&Prime;]<\/p>\n<h1>CONDITIONS G\u00c9N\u00c9RALES DE VENTE<\/h1>\n<p>&nbsp;<\/p>\n<p><span data-contrast=\"none\">IH&amp;SAT UG (haftungsbeschr\u00e4nkt) est un organisme de d\u00e9veloppement personnel, dont le si\u00e8ge social est \u00e9tabli \u00e0 Stadtstrasse 11, D- 79104 Freiburg, (Allemagne). IH&amp;SAT UG d\u00e9veloppe, et dispense des s\u00e9minaires en pr\u00e9sentiel, \u00e0 distance en mode en ligne (en direct ou par cours enregistr\u00e9) ainsi que des formations hybrides associant \u00e0 la fois le pr\u00e9sentiel et le format en ligne.<\/span><span data-ccp-props=\"{&quot;201341983&quot;:0,&quot;335551550&quot;:6,&quot;335551620&quot;:6,&quot;335557856&quot;:16777215,&quot;335559740&quot;:240}\">\u00a0<\/span><\/p>\n<p><span data-ccp-props=\"{&quot;201341983&quot;:0,&quot;335551550&quot;:6,&quot;335551620&quot;:6,&quot;335557856&quot;:16777215,&quot;335559740&quot;:240}\">\u00a0<\/span><span data-contrast=\"none\">Les pr\u00e9sentes conditions g\u00e9n\u00e9rales de vente s&rsquo;appliquent \u00e0 tous les \u00e9v\u00e9nements organis\u00e9s par IH&amp;SAT UG.<\/span><span data-ccp-props=\"{&quot;201341983&quot;:0,&quot;335551550&quot;:6,&quot;335551620&quot;:6,&quot;335557856&quot;:16777215,&quot;335559740&quot;:240}\">\u00a0<\/span><\/p>\n<p><span data-ccp-props=\"{&quot;201341983&quot;:0,&quot;335551550&quot;:6,&quot;335551620&quot;:6,&quot;335557856&quot;:16777215,&quot;335559740&quot;:240}\">\u00a0<\/span><\/p>\n<p><span data-contrast=\"none\"><strong>1. LA CONCLUSION DU CONTRAT :<\/strong> Une inscription peut \u00eatre effectu\u00e9e par \u00e9crit ou en ligne via les pages Internet de IH&amp;SAT UG. Lorsqu\u2019une demande d\u2018inscription est effectu\u00e9 en ligne, l\u00b4exp\u00e9diteur re\u00e7oit \u00e0 l\u2019adresse e-mail fournie, une copie des donn\u00e9es d\u2019inscription et un lien individuel de confirmation. L&rsquo;inscription ne constitue pas encore une conclusion de contrat. Le contrat n\u2019est pas conclu tant qu\u2019IH&amp;SAT UG n\u2019a pas confirm\u00e9 par \u00e9crit l\u2019inscription au s\u00e9minaire.<\/span><\/p>\n<p style=\"text-align: left;\"><span data-ccp-props=\"{&quot;201341983&quot;:0,&quot;335551550&quot;:6,&quot;335551620&quot;:6,&quot;335557856&quot;:16777215,&quot;335559740&quot;:240}\">\u00a0<\/span><\/p>\n<p><span data-contrast=\"none\"><strong>2. L\u2019EX\u00c9CUTION DU CONTRAT :<\/strong> Le contrat sera ex\u00e9cut\u00e9 par la r\u00e9alisation du s\u00e9minaire. IH&amp;SAT UG se r\u00e9serve le droit d\u2019annuler les \u00e9v\u00e9nements jusqu\u2019\u00e0 14 jours avant la date pr\u00e9vue si le nombre minimum de participants n\u2019est pas atteint. Si l\u2019\u00e9v\u00e9nement est annul\u00e9 pour cette raison ou \u2013 m\u00eame ult\u00e9rieurement \u2013 en raison de l\u2019absence justifi\u00e9 du formateur, d\u2019un cas de force majeure, de directives officielles ou d\u2019autres \u00e9v\u00e9nements impr\u00e9visibles et non imputables \u00e0 IH&amp;SAT, IH&amp;SAT UG ne sera pas oblig\u00e9 \u00e0 maintenir l\u2019\u00e9v\u00e9nement. Il s\u2019engage \u00e0 informer imm\u00e9diatement le participant par \u00e9crit. Dans le cas o\u00f9 le formateur serait dans l\u2019impossibilit\u00e9 d\u2019assister, IH&amp;SAT UG se r\u00e9serve le droit de remplacer par un conf\u00e9rencier de valeur \u00e9gale. Le cas \u00e9ch\u00e9ant, il n\u2019y a pas de droit \u00e0 un remboursement des frais de participation.<\/span><\/p>\n<p style=\"text-align: left;\"><span data-ccp-props=\"{&quot;201341983&quot;:0,&quot;335551550&quot;:6,&quot;335551620&quot;:6,&quot;335557856&quot;:16777215,&quot;335559740&quot;:240}\">\u00a0<\/span><\/p>\n<p><span data-contrast=\"none\"><strong>3. ANNULATION :<\/strong> En cas d\u2019annulation de l\u2019\u00e9v\u00e8nement, IH&amp;SAT UG tentera de r\u00e9inscrire le participant \u00e0 une autre date de s\u00e9minaire, \u00e0 condition que le participant y consente. Dans le cas contraire, les frais de s\u00e9minaire d\u00e9j\u00e0 pay\u00e9s seront int\u00e9gralement rembours\u00e9s. Si une annulation a lieu pendant le s\u00e9minaire pour l\u2019une des raisons susmentionn\u00e9es, seul un remboursement au prorata sera effectu\u00e9. Toute autre pr\u00e9tention du participant, en particulier les demandes de dommages et int\u00e9r\u00eats de toute nature, qui ne concernent pas l&rsquo;atteinte \u00e0 la vie, au corps ou \u00e0 la sant\u00e9 est exclue, sauf en cas de comportement intentionnel ou de n\u00e9gligence grave des employ\u00e9s ou membres de l\u2019\u00e9quipe d\u2019IH&amp;SAT UG. Ceci est \u00e9galement valable pour les d\u00e9penses vaines (par ex. chambres d&rsquo;h\u00f4tel r\u00e9serv\u00e9es, billets d&rsquo;avion ou de train). Pour le reste, les dispositions du paragraphe \u00ab Limitation de responsabilit\u00e9 \u00bb s&rsquo;appliquent.<\/span><\/p>\n<p style=\"text-align: left;\"><span data-ccp-props=\"{&quot;201341983&quot;:0,&quot;335551550&quot;:6,&quot;335551620&quot;:6,&quot;335557856&quot;:16777215,&quot;335559740&quot;:240}\">\u00a0<\/span><\/p>\n<p><span data-contrast=\"none\"><strong>4. CONTENU DU S\u00c9MINAIRE :<\/strong> Le contenu et l\u2019ex\u00e9cution du s\u00e9minaire respectif sont r\u00e9gis par le programme du s\u00e9minaire respectif qui, \u00e0 cet \u00e9gard, fait partie int\u00e9grante du pr\u00e9sent contrat. IH&amp;SAT UG se r\u00e9serve la possibilit\u00e9 de modifier le contenu de certains s\u00e9minaires pour des raisons techniques sans l\u2019accord du participant, \u00e0 condition que cela n\u2019affecte pas le c\u0153ur du s\u00e9minaire convenu.<\/span><\/p>\n<p style=\"text-align: left;\"><span data-ccp-props=\"{&quot;201341983&quot;:0,&quot;335551550&quot;:6,&quot;335551620&quot;:6,&quot;335557856&quot;:16777215,&quot;335559740&quot;:240}\">\u00a0<\/span><\/p>\n<p><span data-contrast=\"none\"><strong>5. LIMITATION DE RESPONSABILIT\u00c9 :<\/strong> Les limitations de responsabilit\u00e9 suivantes ne s\u2019appliquent pas aux dommages caus\u00e9s par une faute lourde, dolosive ou intentionnelle, ni aux atteintes \u00e0 la vie, au corps ou \u00e0 la sant\u00e9. IH&amp;SAT UG n\u2019est responsable d\u2019autres dommages que si ceux-ci reposent sur des actes intentionnels ou de n\u00e9gligence grave ou sur la violation coupable d\u2019une obligation contractuelle essentielle par IH&amp;SAT UG et\/ou membres de son \u00e9quipe. Toute autre responsabilit\u00e9 en mati\u00e8re de dommages est exclue y compris la responsabilit\u00e9 pour les dommages de toute nature en raison du manque d\u2019observation ou du non-respect des r\u00e8gles de base du s\u00e9minaire de la part du participant, dans la mesure permise par la loi. Une responsabilit\u00e9 pr\u00e9contractuelle n\u2019est pas applicable. IH&amp;SAT UG n\u2019est pas responsable des dommages caus\u00e9s par des accidents et\/ou la perte ou le vol d\u2019objets apport\u00e9s dans les salles de s\u00e9minaire\/locaux de s\u00e9minaire, en particulier les objets de vestiaire ou de valeur.<\/span><\/p>\n<p style=\"text-align: left;\"><span data-ccp-props=\"{&quot;201341983&quot;:0,&quot;335551550&quot;:6,&quot;335551620&quot;:6,&quot;335557856&quot;:16777215,&quot;335559740&quot;:240}\">\u00a0<\/span><\/p>\n<p><span data-contrast=\"none\"><strong>6. RESPONSABILIT\u00c9 ET AUTONOMIE DU PARTICIPANT AU S\u00c9MINAIRE :<\/strong> En s\u2019inscrivant, chaque participant affirme qu\u2019il assume l\u2019enti\u00e8re responsabilit\u00e9 de ses actes. Il\/elle s\u2019engage \u00e0 fournir des informations v\u00e9ridiques sur ses probl\u00e8mes physiques ou psychologiques avant l\u2019\u00e9v\u00e9nement. Si le participant suit un traitement m\u00e9dical ou psychoth\u00e9rapeutique, nous nous r\u00e9servons le droit de demander l\u2019accord du praticien pour participer au s\u00e9minaire souhait\u00e9. Nous nous r\u00e9servons le droit d\u2019exclure les participants de toute participation ult\u00e9rieure dans des cas justifi\u00e9s, le cas \u00e9ch\u00e9ant les frais de participation ne seront pas rembours\u00e9s.<\/span><\/p>\n<p style=\"text-align: left;\"><span data-ccp-props=\"{&quot;201341983&quot;:0,&quot;335551550&quot;:6,&quot;335551620&quot;:6,&quot;335557856&quot;:16777215,&quot;335559740&quot;:240}\">\u00a0<\/span><\/p>\n<p><span data-contrast=\"none\"><strong>7. CONDITIONS DE PAIEMENT :<\/strong> Les frais de s\u00e9minaire comprennent tous les services d\u00e9crits dans l\u2019offre ou dans la confirmation d\u2019inscription au s\u00e9minaire. Lors de l\u2019inscription \u00e0 un s\u00e9minaire, des frais de r\u00e9servation du montant indiqu\u00e9 sur le site web sont dus. IH&amp;SAT UG donnera ensuite, le cas \u00e9ch\u00e9ant, son approbation \u00e0 l\u2019inscription. \u00c0 ce stade, les frais de r\u00e9servation deviennent un acompte des frais du s\u00e9minaire. Le montant restant est d\u00fb au plus tard 4 semaines avant le d\u00e9but du s\u00e9minaire. Toutefois, en cas d\u2019utilisation de la r\u00e9duction des frais pour r\u00e9servation anticip\u00e9e, le montant total est d\u00fb imm\u00e9diatement apr\u00e8s la confirmation de l\u2019inscription par IH&amp;SAT UG. En s\u00b4inscrivant et\/ou en effectuant le virement moins de 14 jours avant le d\u00e9but du cours et en se pr\u00e9sentant au d\u00e9but du cours, le participant accepte que la prestation de service de IH&amp;SAT UG commence d\u00e9j\u00e0 pendant le d\u00e9lai de r\u00e9tractation en vigueur (voir informations sur la r\u00e9tractation). Aucun frais de r\u00e9servation n\u2019est factur\u00e9 pour les s\u00e9minaires en ligne. Apr\u00e8s confirmation de l\u2019inscription par IH&amp;SAT UG, la totalit\u00e9 des frais de participation est due. <\/span>Lors des s\u00e9minaires en pr\u00e9sentiel et hybrides, des paiements \u00e9chelonn\u00e9s sont possibles moyennant des frais de traitement suppl\u00e9mentaires de 100 \u20ac pour les Processus Hoffman et 70 \u20ac pour les modules SAT. Le report de la participation \u00e0 une date ult\u00e9rieure du s\u00e9minaire est possible une seule fois, sans frais suppl\u00e9mentaires, jusqu&rsquo;\u00e0 4 semaines avant le d\u00e9but du s\u00e9minaire. Pass\u00e9 ce d\u00e9lai les conditions de r\u00e9siliation du point 8 s&rsquo;appliquent.<span data-ccp-props=\"{&quot;201341983&quot;:0,&quot;335551550&quot;:6,&quot;335551620&quot;:6,&quot;335557856&quot;:16777215,&quot;335559740&quot;:240}\">\u00a0<\/span><\/p>\n<p><span data-ccp-props=\"{&quot;201341983&quot;:0,&quot;335551550&quot;:6,&quot;335551620&quot;:6,&quot;335557856&quot;:16777215,&quot;335559740&quot;:240}\"><\/span><\/p>\n<p><span data-ccp-props=\"{&quot;201341983&quot;:0,&quot;335551550&quot;:6,&quot;335551620&quot;:6,&quot;335557856&quot;:16777215,&quot;335559740&quot;:240}\"><\/span><\/p>\n<p><span data-contrast=\"none\"><span data-contrast=\"none\"><strong>8. R\u00c9SILIATION :<\/strong> Une r\u00e9siliation du contrat est possible \u00e0 tout moment sous forme de texte. Afin de respecter le d\u00e9lai, la d\u00e9claration de r\u00e9siliation doit parvenir \u00e0 IH&amp;SAT UG par \u00e9crit, par courrier, par fax ou par e-mail.<\/span><\/span>Si le participant se r\u00e9tracte apr\u00e8s la confirmation de l\u2019inscription et l\u2019expiration du d\u00e9lai de r\u00e9tractation, l\u2019IH&amp;SAT UG rembourse l\u2019acompte en appliquant une retenue de 100 \u20ac pour les Processus Hoffman et de 70 \u20ac pour les modules SAT pour frais de traitement de dossier jusqu\u2019\u00e0 4 semaines avant le d\u00e9but du s\u00e9minaire. \u00c0 partir de 4 semaines avant le d\u00e9but du s\u00e9minaire, 50 % des frais de participation seront factur\u00e9s, \u00e0 partir d\u2019une semaine avant le d\u00e9but du s\u00e9minaire 100 % des frais de participation seront factur\u00e9s. Les annulations doivent \u00eatre faites par \u00e9crit. En cas de non-pr\u00e9sentation du participant \u00e0 l\u2019\u00e9v\u00e9nement, l\u2019int\u00e9gralit\u00e9 des frais de participation sera factur\u00e9e.<\/p>\n<p>Pour les s\u00e9minaires en ligne, il est possible d&rsquo;annuler sans frais jusqu&rsquo;\u00e0 2 semaines avant la date de l&rsquo;\u00e9v\u00e9nement. En cas d&rsquo;annulation plus tardive, le prix complet sera factur\u00e9.<span data-ccp-props=\"{&quot;201341983&quot;:0,&quot;335551550&quot;:6,&quot;335551620&quot;:6,&quot;335557856&quot;:16777215,&quot;335559740&quot;:240}\">\u00a0<\/span><\/p>\n<p style=\"text-align: left;\"><span data-ccp-props=\"{&quot;201341983&quot;:0,&quot;335551550&quot;:6,&quot;335551620&quot;:6,&quot;335557856&quot;:16777215,&quot;335559740&quot;:240}\">\u00a0<\/span><\/p>\n<p><span data-contrast=\"none\"><strong>9. PROPRI\u00c9T\u00c9 INTELLECTUELLE :<\/strong> Tous les documents de travail \u00e9mis sont prot\u00e9g\u00e9s par le droit d\u2019auteur. Ils sont mis \u00e0 la disposition exclusive aux participants d\u2019un s\u00e9minaire. IH&amp;SAT UG se r\u00e9serve tous les droits, y compris la traduction, la r\u00e9impression et la reproduction des documents ou de parties de ceux-ci. Tous les documents, y compris les extraits, ne peuvent \u00eatre reproduits, trait\u00e9s, copi\u00e9s, distribu\u00e9s ou utilis\u00e9s pour la reproduction publique sous quelque forme que ce soit sans l\u2019autorisation \u00e9crite d\u2019IH&amp;SAT UG.<\/span><\/p>\n<p style=\"text-align: left;\"><span data-ccp-props=\"{&quot;201341983&quot;:0,&quot;335551550&quot;:6,&quot;335551620&quot;:6,&quot;335557856&quot;:16777215,&quot;335559740&quot;:240}\">\u00a0<\/span><\/p>\n<p><span data-contrast=\"none\"><strong>10. CONFIDENTIALIT\u00c9 :<\/strong> Le participant s\u2019engage express\u00e9ment \u00e0 respecter la confidentialit\u00e9 des donn\u00e9es personnelles et des exp\u00e9riences des autres participants au s\u00e9minaire. Pendant un s\u00e9minaire, aucune photographie ni aucun enregistrement vid\u00e9o ou audio ne peut \u00eatre r\u00e9alis\u00e9 et publi\u00e9 de quelque mani\u00e8re que ce soit sans le consentement expr\u00e8s d\u2019IH&amp;SAT UG et des participants concern\u00e9s. Les coordonn\u00e9es des participants ne peuvent \u00eatre utilis\u00e9es de quelque mani\u00e8re que ce soit sans l&rsquo;accord expr\u00e8s d&rsquo;IH&amp;SAT UG et des personnes concern\u00e9es.<\/span><\/p>\n<p style=\"text-align: left;\"><span data-ccp-props=\"{&quot;201341983&quot;:0,&quot;335551550&quot;:6,&quot;335551620&quot;:6,&quot;335557856&quot;:16777215,&quot;335559740&quot;:240}\">\u00a0<\/span><\/p>\n<p><span data-contrast=\"none\"><strong>11. CO\u00dbTS SUPPL\u00c9MENTAIRES :<\/strong> Les frais d\u2019inscriptions indiqu\u00e9s pour les s\u00e9minaires en pr\u00e9sentiel couvrent les frais nets du s\u00e9minaire, les frais d\u2019h\u00e9bergement et de restauration ne sont pas inclus dans l\u2019offre d\u2019IH&amp;SAT UG. Si la participation au s\u00e9minaire implique le service d\u2019h\u00e9bergement et de restauration, le participant au s\u00e9minaire doit en assumer lui-m\u00eame les frais.<\/span><\/p>\n<p style=\"text-align: left;\"><span data-ccp-props=\"{&quot;201341983&quot;:0,&quot;335551550&quot;:6,&quot;335551620&quot;:6,&quot;335557856&quot;:16777215,&quot;335559740&quot;:240}\">\u00a0<\/span><\/p>\n<p><span data-contrast=\"none\"><strong>12. H\u00c9BERGEMENT ET RESTAURATION :<\/strong> Les s\u00e9minaires ont lieu dans diff\u00e9rents centres de s\u00e9minaires. Avec la conclusion du contrat de s\u00e9minaire, le participant charge IH&amp;SAT UG de la r\u00e9servation du logement en son nom et pour son compte aupr\u00e8s du centre de s\u00e9minaires. IH&amp;SAT UG transmet les demandes d&rsquo;h\u00e9bergement au centre de s\u00e9minaire et s&rsquo;efforce de r\u00e9pondre aux souhaits d&rsquo;h\u00e9bergement des participants mais ne garantit pas le premier choix. L&rsquo;attribution de chambres individuelles est prioritaire pour les participants qui paient la totalit\u00e9 des frais de s\u00e9minaire (sans r\u00e9duction pour les \u00e9l\u00e8ves, les \u00e9tudiants et les demandeurs d&#8217;emploi). <\/span>Le participant r\u00e8gle la facture de l\u2019h\u00e9bergement et des repas directement aupr\u00e8s de la maison de s\u00e9minaire concern\u00e9e. En cas de d\u00e9sistement ou de d\u00e9part anticip\u00e9 du participant, les frais d\u2019annulation sont \u00e0 sa charge.<span data-ccp-props=\"{&quot;201341983&quot;:0,&quot;335551550&quot;:6,&quot;335551620&quot;:6,&quot;335557856&quot;:16777215,&quot;335559740&quot;:240}\">\u00a0<\/span><\/p>\n<p style=\"text-align: left;\"><span data-ccp-props=\"{&quot;201341983&quot;:0,&quot;335551550&quot;:6,&quot;335551620&quot;:6,&quot;335557856&quot;:16777215,&quot;335559740&quot;:240}\">\u00a0<\/span><\/p>\n<p><span data-contrast=\"none\"><strong>13. DISPOSITIONS FINALES :<\/strong> Les pr\u00e9sentes conditions de participation contiennent tous les droits et obligations des parties contractantes. Si le participant est un commer\u00e7ant ou n\u2019a pas de r\u00e9sidence dans l\u2019Union europ\u00e9enne, le si\u00e8ge social de IH&amp;SAT UG est le seul lieu de juridiction pour tous les litiges entre les parties contractantes, y compris les actions sur les lettres de change et les ch\u00e8ques. Le droit allemand s\u2019applique exclusivement \u00e0 l\u2019exclusion des dispositions de la Convention des Nations unies sur les contrats de vente internationale de marchandises. Dans les relations avec les participants finaux au sein de l\u2019Union europ\u00e9enne, la loi du lieu de r\u00e9sidence du participant final peut \u00e9galement \u00eatre applicable, \u00e0 condition que les dispositions obligatoires du droit de la consommation soient concern\u00e9es. Si l\u2019une de ces dispositions est invalide, cela n\u2019affecte pas la validit\u00e9 des autres dispositions. En cas de litige survenant entre le participant et IH&amp;SAT UG il sera recherch\u00e9 une solution \u00e0 l\u2019amiable.<\/span><\/p>\n<p>[\/et_pb_text][\/et_pb_column][et_pb_column type=\u00a0\u00bb1_4&Prime; _builder_version=\u00a0\u00bb4.16&Prime; _module_preset=\u00a0\u00bbdefault\u00a0\u00bb global_colors_info=\u00a0\u00bb{}\u00a0\u00bb][\/et_pb_column][\/et_pb_row][\/et_pb_section]<\/p>\n","protected":false},"excerpt":{"rendered":"<p>CONDITIONS G\u00c9N\u00c9RALES DE VENTE &nbsp; IH&amp;SAT UG (haftungsbeschr\u00e4nkt) est un organisme de d\u00e9veloppement personnel, dont le si\u00e8ge social est \u00e9tabli \u00e0 Stadtstrasse 11, D- 79104 Freiburg, (Allemagne). IH&amp;SAT UG d\u00e9veloppe, et dispense des s\u00e9minaires en pr\u00e9sentiel, \u00e0 distance en mode en ligne (en direct ou par cours enregistr\u00e9) ainsi que des formations hybrides associant \u00e0 [&hellip;]<\/p>\n","protected":false},"author":1,"featured_media":0,"parent":0,"menu_order":0,"comment_status":"closed","ping_status":"closed","template":"","meta":{"_et_pb_use_builder":"on","_et_pb_old_content":"","_et_gb_content_width":"","footnotes":""},"dipi_cpt_category":[],"class_list":["post-454","page","type-page","status-publish","hentry"],"aioseo_notices":[],"_links":{"self":[{"href":"https:\/\/www.naranjo-sat.com\/fr\/wp-json\/wp\/v2\/pages\/454","targetHints":{"allow":["GET"]}}],"collection":[{"href":"https:\/\/www.naranjo-sat.com\/fr\/wp-json\/wp\/v2\/pages"}],"about":[{"href":"https:\/\/www.naranjo-sat.com\/fr\/wp-json\/wp\/v2\/types\/page"}],"author":[{"embeddable":true,"href":"https:\/\/www.naranjo-sat.com\/fr\/wp-json\/wp\/v2\/users\/1"}],"replies":[{"embeddable":true,"href":"https:\/\/www.naranjo-sat.com\/fr\/wp-json\/wp\/v2\/comments?post=454"}],"version-history":[{"count":27,"href":"https:\/\/www.naranjo-sat.com\/fr\/wp-json\/wp\/v2\/pages\/454\/revisions"}],"predecessor-version":[{"id":9729,"href":"https:\/\/www.naranjo-sat.com\/fr\/wp-json\/wp\/v2\/pages\/454\/revisions\/9729"}],"wp:attachment":[{"href":"https:\/\/www.naranjo-sat.com\/fr\/wp-json\/wp\/v2\/media?parent=454"}],"wp:term":[{"taxonomy":"dipi_cpt_category","embeddable":true,"href":"https:\/\/www.naranjo-sat.com\/fr\/wp-json\/wp\/v2\/dipi_cpt_category?post=454"}],"curies":[{"name":"wp","href":"https:\/\/api.w.org\/{rel}","templated":true}]}}