{"id":4700,"date":"2022-05-03T15:13:47","date_gmt":"2022-05-03T13:13:47","guid":{"rendered":"https:\/\/www.institut-hoffman.com\/?page_id=4700"},"modified":"2024-12-11T17:19:16","modified_gmt":"2024-12-11T16:19:16","slug":"confirmation-a-votre-inscription","status":"publish","type":"page","link":"https:\/\/www.naranjo-sat.com\/fr\/confirmation-a-votre-inscription\/","title":{"rendered":"Confirmation \u00e0 votre inscription"},"content":{"rendered":"<p>[et_pb_section fb_built=\u00a0\u00bb1&Prime; _builder_version=\u00a0\u00bb4.27.4&Prime; _module_preset=\u00a0\u00bbdefault\u00a0\u00bb background_color=\u00a0\u00bbRGBA(255,255,255,0)\u00a0\u00bb background_image=\u00a0\u00bbhttps:\/\/www.naranjo-sat.com\/wp-content\/uploads\/2024\/11\/naranjo-sat-ennea-symbole-bck.png\u00a0\u00bb background_position=\u00a0\u00bbbottom_center\u00a0\u00bb hover_enabled=\u00a0\u00bb0&Prime; global_colors_info=\u00a0\u00bb{}\u00a0\u00bb title_text=\u00a0\u00bbnaranjo-sat-ennea-symbole-bck\u00a0\u00bb sticky_enabled=\u00a0\u00bb0&Prime; custom_padding_last_edited=\u00a0\u00bbon|phone\u00a0\u00bb custom_padding_tablet=\u00a0\u00bb454px||0px||false|false\u00a0\u00bb custom_padding_phone=\u00a0\u00bb454px||0px||false|false\u00a0\u00bb][et_pb_row column_structure=\u00a0\u00bb3_4,1_4&Prime; _builder_version=\u00a0\u00bb4.27.4&Prime; _module_preset=\u00a0\u00bbdefault\u00a0\u00bb hover_enabled=\u00a0\u00bb0&Prime; global_colors_info=\u00a0\u00bb{}\u00a0\u00bb custom_padding_last_edited=\u00a0\u00bbon|desktop\u00a0\u00bb custom_padding=\u00a0\u00bb||119px||false|false\u00a0\u00bb sticky_enabled=\u00a0\u00bb0&Prime; custom_padding_tablet=\u00a0\u00bb||119px||false|false\u00a0\u00bb custom_padding_phone=\u00a0\u00bb||119px||false|false\u00a0\u00bb][et_pb_column type=\u00a0\u00bb3_4&Prime; _builder_version=\u00a0\u00bb4.16&Prime; _module_preset=\u00a0\u00bbdefault\u00a0\u00bb global_colors_info=\u00a0\u00bb{}\u00a0\u00bb][et_pb_code _builder_version=\u00a0\u00bb4.17.4&Prime; _module_preset=\u00a0\u00bbdefault\u00a0\u00bb custom_margin=\u00a0\u00bb96px||||false|false\u00a0\u00bb global_colors_info=\u00a0\u00bb{}\u00a0\u00bb]<b>Confirmation de votre r\u00e9servation en ligne<\/b><!-- [et_pb_line_break_holder] --><!\u2013- [et_pb_br_holder] -\u2013><!-- [et_pb_line_break_holder] --><!\u2013- [et_pb_br_holder] -\u2013><!-- [et_pb_line_break_holder] --><!\u2013- [et_pb_br_holder] -\u2013><!-- [et_pb_line_break_holder] -->\u00c9venement : <!-- [et_pb_line_break_holder] --><!\u2013- [et_pb_br_holder] -\u2013><!-- [et_pb_line_break_holder] -->Votre nom : <!-- [et_pb_line_break_holder] --><!\u2013- [et_pb_br_holder] -\u2013><!-- [et_pb_line_break_holder] -->Votre pr\u00e9nom : <!-- [et_pb_line_break_holder] --><!\u2013- [et_pb_br_holder] -\u2013><!-- [et_pb_line_break_holder] -->Heure de d\u00e9but : 07\/04\/2026 - 14:20<!-- [et_pb_line_break_holder] --><!\u2013- [et_pb_br_holder] -\u2013><!-- [et_pb_line_break_holder] -->Heure de fin : 07\/04\/2026 - 14:20[\/et_pb_code][et_pb_text _builder_version=\u00a0\u00bb4.27.4&Prime; _module_preset=\u00a0\u00bbdefault\u00a0\u00bb custom_margin=\u00a0\u00bb0px||42px|0px|false|false\u00a0\u00bb custom_padding=\u00a0\u00bb0px|0px|15px|0px|false|true\u00a0\u00bb global_colors_info=\u00a0\u00bb{}\u00a0\u00bb]<\/p>\n<p>Nous vous informons que 48h avant l&rsquo;\u00e9venement, un rappel vous sera envoy\u00e9 \u00e0 votre adresse email .<\/p>\n<p>[\/et_pb_text][et_pb_button button_url=\u00a0\u00bbhttps:\/\/www.naranjo-sat.com\u00a0\u00bb button_text=\u00a0\u00bbRETOURNER \u00c0 LA PAGE D&rsquo;ACCUEIL\u00a0\u00bb _builder_version=\u00a0\u00bb4.17.4&Prime; _module_preset=\u00a0\u00bbdefault\u00a0\u00bb custom_margin=\u00a0\u00bb2px|0px||0px|false|false\u00a0\u00bb global_colors_info=\u00a0\u00bb{}\u00a0\u00bb][\/et_pb_button][\/et_pb_column][et_pb_column type=\u00a0\u00bb1_4&Prime; _builder_version=\u00a0\u00bb4.16&Prime; _module_preset=\u00a0\u00bbdefault\u00a0\u00bb global_colors_info=\u00a0\u00bb{}\u00a0\u00bb][\/et_pb_column][\/et_pb_row][\/et_pb_section]<\/p>\n","protected":false},"excerpt":{"rendered":"<p>Confirmation de votre r\u00e9servation en ligne\u00c9venement : Votre nom : Votre pr\u00e9nom : Heure de d\u00e9but : 07\/04\/2026 - 14:20Heure de fin : 07\/04\/2026 - 14:20Nous vous informons que 48h avant l&rsquo;\u00e9venement, un rappel vous sera envoy\u00e9 \u00e0 votre adresse email .<\/p>\n","protected":false},"author":1,"featured_media":0,"parent":0,"menu_order":0,"comment_status":"closed","ping_status":"closed","template":"","meta":{"_et_pb_use_builder":"on","_et_pb_old_content":"","_et_gb_content_width":"","footnotes":""},"dipi_cpt_category":[],"class_list":["post-4700","page","type-page","status-publish","hentry"],"aioseo_notices":[],"_links":{"self":[{"href":"https:\/\/www.naranjo-sat.com\/fr\/wp-json\/wp\/v2\/pages\/4700","targetHints":{"allow":["GET"]}}],"collection":[{"href":"https:\/\/www.naranjo-sat.com\/fr\/wp-json\/wp\/v2\/pages"}],"about":[{"href":"https:\/\/www.naranjo-sat.com\/fr\/wp-json\/wp\/v2\/types\/page"}],"author":[{"embeddable":true,"href":"https:\/\/www.naranjo-sat.com\/fr\/wp-json\/wp\/v2\/users\/1"}],"replies":[{"embeddable":true,"href":"https:\/\/www.naranjo-sat.com\/fr\/wp-json\/wp\/v2\/comments?post=4700"}],"version-history":[{"count":16,"href":"https:\/\/www.naranjo-sat.com\/fr\/wp-json\/wp\/v2\/pages\/4700\/revisions"}],"predecessor-version":[{"id":8975,"href":"https:\/\/www.naranjo-sat.com\/fr\/wp-json\/wp\/v2\/pages\/4700\/revisions\/8975"}],"wp:attachment":[{"href":"https:\/\/www.naranjo-sat.com\/fr\/wp-json\/wp\/v2\/media?parent=4700"}],"wp:term":[{"taxonomy":"dipi_cpt_category","embeddable":true,"href":"https:\/\/www.naranjo-sat.com\/fr\/wp-json\/wp\/v2\/dipi_cpt_category?post=4700"}],"curies":[{"name":"wp","href":"https:\/\/api.w.org\/{rel}","templated":true}]}}