{"id":479,"date":"2021-06-14T20:02:09","date_gmt":"2021-06-14T18:02:09","guid":{"rendered":"https:\/\/hoffman.kelab.io\/?page_id=479"},"modified":"2022-05-17T18:27:16","modified_gmt":"2022-05-17T16:27:16","slug":"linstitut","status":"publish","type":"page","link":"https:\/\/www.naranjo-sat.com\/fr\/qui-sommes-nous\/notre-equipe\/linstitut\/","title":{"rendered":"L&rsquo;Institut"},"content":{"rendered":"<p>[et_pb_section fb_built=\u00a0\u00bb1&Prime; _builder_version=\u00a0\u00bb4.16&Prime; _module_preset=\u00a0\u00bbdefault\u00a0\u00bb background_image=\u00a0\u00bbhttps:\/\/www.naranjo-sat.com\/wp-content\/uploads\/2021\/07\/hoffman-france-bck-symbole.png\u00a0\u00bb background_size=\u00a0\u00bbinitial\u00a0\u00bb custom_margin=\u00a0\u00bb0px||0px||false|false\u00a0\u00bb custom_margin_tablet=\u00a0\u00bb\u00a0\u00bb custom_margin_phone=\u00a0\u00bb0px||-34px||false|false\u00a0\u00bb custom_margin_last_edited=\u00a0\u00bbon|phone\u00a0\u00bb custom_padding=\u00a0\u00bb0px||0px||false|false\u00a0\u00bb global_colors_info=\u00a0\u00bb{}\u00a0\u00bb][et_pb_row _builder_version=\u00a0\u00bb4.14.9&Prime; _module_preset=\u00a0\u00bbdefault\u00a0\u00bb module_alignment=\u00a0\u00bbright\u00a0\u00bb custom_margin=\u00a0\u00bb||0px|0px|false|false\u00a0\u00bb custom_margin_tablet=\u00a0\u00bb66px||0px|0px|false|false\u00a0\u00bb custom_margin_phone=\u00a0\u00bb66px||0px|0px|false|false\u00a0\u00bb custom_margin_last_edited=\u00a0\u00bbon|tablet\u00a0\u00bb custom_padding=\u00a0\u00bb0px|46px|0px|0px|false|false\u00a0\u00bb global_module=\u00a0\u00bb4422&Prime; saved_tabs=\u00a0\u00bball\u00a0\u00bb global_colors_info=\u00a0\u00bb{}\u00a0\u00bb][et_pb_column type=\u00a0\u00bb4_4&Prime; _builder_version=\u00a0\u00bb4.16&Prime; _module_preset=\u00a0\u00bbdefault\u00a0\u00bb global_colors_info=\u00a0\u00bb{}\u00a0\u00bb][dipi_breadcrumbs bc_custom_home=\u00a0\u00bbon\u00a0\u00bb bc_home_text=\u00a0\u00bbAccueil\u00a0\u00bb bc_home_icon=\u00a0\u00bboff\u00a0\u00bb bc_items_alignment=\u00a0\u00bbdipi-bc-right\u00a0\u00bb bc_schema=\u00a0\u00bboff\u00a0\u00bb bc_separator_color=\u00a0\u00bb#897470&Prime; bc_active_item_color=\u00a0\u00bbRGBA(255,255,255,0)\u00a0\u00bb disabled_on=\u00a0\u00bbon|off|off\u00a0\u00bb _builder_version=\u00a0\u00bb4.16&Prime; _module_preset=\u00a0\u00bbdefault\u00a0\u00bb items_font=\u00a0\u00bbFira Sans|300|||||||\u00a0\u00bb items_font_size=\u00a0\u00bb0.9em\u00a0\u00bb hover_text_color=\u00a0\u00bb#897470&Prime; active_text_color=\u00a0\u00bb#897470&Prime; module_alignment=\u00a0\u00bbcenter\u00a0\u00bb custom_margin=\u00a0\u00bb0px||||false|false\u00a0\u00bb custom_padding=\u00a0\u00bb69px||||false|false\u00a0\u00bb locked=\u00a0\u00bboff\u00a0\u00bb global_colors_info=\u00a0\u00bb{}\u00a0\u00bb][\/dipi_breadcrumbs][\/et_pb_column][\/et_pb_row][et_pb_row _builder_version=\u00a0\u00bb4.16&Prime; custom_margin=\u00a0\u00bb15px|auto|26px|auto|false|false\u00a0\u00bb custom_margin_tablet=\u00a0\u00bb\u00a0\u00bb custom_margin_phone=\u00a0\u00bb15px|auto|2px|auto|false|false\u00a0\u00bb custom_margin_last_edited=\u00a0\u00bbon|phone\u00a0\u00bb custom_padding=\u00a0\u00bb0px||||false|false\u00a0\u00bb global_colors_info=\u00a0\u00bb{}\u00a0\u00bb][et_pb_column type=\u00a0\u00bb4_4&Prime; _builder_version=\u00a0\u00bb4.16&Prime; global_colors_info=\u00a0\u00bb{}\u00a0\u00bb][et_pb_text content_tablet=\u00a0\u00bb<\/p>\n<h1 style=%22text-align: center;%22>Hoffman France : une \u00e9quipe multidisciplinaire<\/h1>\n<div id=%22gtx-trans%22 style=%22position: absolute; left: -36px; top: -4.09375px;%22>\n<div class=%22gtx-trans-icon%22><\/div>\n<\/div>\n<p>\u00a0\u00bb content_phone=\u00a0\u00bb<\/p>\n<h1 style=%22text-align: center;%22>Hoffman France :<br \/>une \u00e9quipe multidisciplinaire<\/h1>\n<div id=%22gtx-trans%22 style=%22position: absolute; left: -36px; top: -4.09375px;%22>\n<div class=%22gtx-trans-icon%22><\/div>\n<\/div>\n<p>\u00a0\u00bb content_last_edited=\u00a0\u00bbon|phone\u00a0\u00bb _builder_version=\u00a0\u00bb4.16&Prime; _module_preset=\u00a0\u00bb61b2e47c-56be-4bb9-b370-20b9669b204b\u00a0\u00bb custom_margin=\u00a0\u00bb100px||40px||false|false\u00a0\u00bb custom_padding_phone=\u00a0\u00bb15px||||false|false\u00a0\u00bb global_colors_info=\u00a0\u00bb{}\u00a0\u00bb]<\/p>\n<h1 style=\"text-align: center;\">Hoffman France : une \u00e9quipe multidisciplinaire<\/h1>\n<div id=\"gtx-trans\" style=\"position: absolute; left: -36px; top: -4.09375px;\">\n<div class=\"gtx-trans-icon\"><\/div>\n<\/div>\n<p>[\/et_pb_text][\/et_pb_column][\/et_pb_row][et_pb_row column_structure=\u00a0\u00bb3_4,1_4&Prime; use_custom_gutter=\u00a0\u00bbon\u00a0\u00bb gutter_width=\u00a0\u00bb1&Prime; custom_padding_last_edited=\u00a0\u00bbon|phone\u00a0\u00bb _builder_version=\u00a0\u00bb4.16&Prime; _module_preset=\u00a0\u00bbdefault\u00a0\u00bb custom_padding_tablet=\u00a0\u00bb\u00a0\u00bb custom_padding_phone=\u00a0\u00bb0px||0px||false|false\u00a0\u00bb global_colors_info=\u00a0\u00bb{}\u00a0\u00bb][et_pb_column type=\u00a0\u00bb3_4&Prime; _builder_version=\u00a0\u00bb4.16&Prime; _module_preset=\u00a0\u00bbdefault\u00a0\u00bb global_colors_info=\u00a0\u00bb{}\u00a0\u00bb][et_pb_text _builder_version=\u00a0\u00bb4.16&Prime; _module_preset=\u00a0\u00bbdefault\u00a0\u00bb custom_padding_phone=\u00a0\u00bb7px|0px|15px|15px|false|false\u00a0\u00bb global_colors_info=\u00a0\u00bb{}\u00a0\u00bb]<\/p>\n<h3><strong>Des professionnels au service du Processus <\/strong><\/h3>\n<p>Notre Institut s\u2019est entour\u00e9 d\u00b4une \u00e9quipe de professionnels multidisciplinaires, dont le r\u00f4le est de veiller \u00e0 ce que vous soyez accueilli dans des conditions optimales et dans un cadre propice \u00e0 la r\u00e9flexion et \u00e0 la qu\u00eate de soi.\u00a0<\/p>\n<p>[\/et_pb_text][\/et_pb_column][et_pb_column type=\u00a0\u00bb1_4&Prime; _builder_version=\u00a0\u00bb4.16&Prime; _module_preset=\u00a0\u00bbdefault\u00a0\u00bb global_colors_info=\u00a0\u00bb{}\u00a0\u00bb][\/et_pb_column][\/et_pb_row][\/et_pb_section][et_pb_section fb_built=\u00a0\u00bb1&Prime; _builder_version=\u00a0\u00bb4.16&Prime; _module_preset=\u00a0\u00bbdefault\u00a0\u00bb background_color=\u00a0\u00bb#f9f9f9&Prime; custom_padding=\u00a0\u00bb11px|||||\u00a0\u00bb global_colors_info=\u00a0\u00bb{}\u00a0\u00bb][et_pb_row column_structure=\u00a0\u00bb1_2,1_2&Prime; _builder_version=\u00a0\u00bb4.16&Prime; _module_preset=\u00a0\u00bbdefault\u00a0\u00bb width=\u00a0\u00bb70%\u00a0\u00bb global_colors_info=\u00a0\u00bb{}\u00a0\u00bb][et_pb_column type=\u00a0\u00bb1_2&Prime; _builder_version=\u00a0\u00bb4.16&Prime; _module_preset=\u00a0\u00bbdefault\u00a0\u00bb global_colors_info=\u00a0\u00bb{}\u00a0\u00bb][dipi_hover_box content_title=\u00a0\u00bbKatrin Reuter\u00a0\u00bb content_image=\u00a0\u00bbhttps:\/\/www.naranjo-sat.com\/wp-content\/uploads\/2021\/11\/hoffman-france-katrin-reuter-1.jpg\u00a0\u00bb body_text=\u00a0\u00bb<\/p>\n<p>Directrice<\/p>\n<p>\u00a0\u00bb content_hover_title=\u00a0\u00bbKatrin Reuter\u00a0\u00bb content_hover_content=\u00a0\u00bb<\/p>\n<p>Directrice<\/p>\n<p>\u00a0\u00bb hover_type=\u00a0\u00bbfade\u00a0\u00bb content_hover_bg_color=\u00a0\u00bbRGBA(255,255,255,0)\u00a0\u00bb content_hover_bg_enable_image=\u00a0\u00bboff\u00a0\u00bb _builder_version=\u00a0\u00bb4.16&Prime; _module_preset=\u00a0\u00bbdefault\u00a0\u00bb background_color=\u00a0\u00bbRGBA(0,0,0,0)\u00a0\u00bb global_colors_info=\u00a0\u00bb{}\u00a0\u00bb overlay_bg_color_gradient_type_tablet=\u00a0\u00bblinear\u00a0\u00bb overlay_bg_color_gradient_type_phone=\u00a0\u00bblinear\u00a0\u00bb overlay_bg_color_gradient_type__hover=\u00a0\u00bblinear\u00a0\u00bb image_bg_color_gradient_type__hover=\u00a0\u00bblinear\u00a0\u00bb item_bg_color_gradient_type=\u00a0\u00bblinear\u00a0\u00bb overlay_bg_color_gradient_type=\u00a0\u00bblinear\u00a0\u00bb image_bg_color_gradient_type=\u00a0\u00bblinear\u00a0\u00bb front_side_bg_color_gradient_type=\u00a0\u00bblinear\u00a0\u00bb back_side_bg_color_gradient_type=\u00a0\u00bblinear\u00a0\u00bb first_heading_color_gradient_type=\u00a0\u00bblinear\u00a0\u00bb second_heading_color_gradient_type=\u00a0\u00bblinear\u00a0\u00bb background_text_color_gradient_type=\u00a0\u00bblinear\u00a0\u00bb fh_reveal_effect_color_gradient_type=\u00a0\u00bblinear\u00a0\u00bb sh_reveal_effect_color_gradient_type=\u00a0\u00bblinear\u00a0\u00bb][\/dipi_hover_box][\/et_pb_column][et_pb_column type=\u00a0\u00bb1_2&Prime; _builder_version=\u00a0\u00bb4.16&Prime; _module_preset=\u00a0\u00bbdefault\u00a0\u00bb global_colors_info=\u00a0\u00bb{}\u00a0\u00bb][dipi_hover_box content_title=\u00a0\u00bbCherif Chalakani\u00a0\u00bb content_image=\u00a0\u00bbhttps:\/\/www.naranjo-sat.com\/wp-content\/uploads\/2021\/11\/hoffman-france-cherif-chalakani-1.jpg\u00a0\u00bb content_image_alt=\u00a0\u00bbCherif Chalakani\u00a0\u00bb body_text=\u00a0\u00bb<\/p>\n<p>Directeur<\/p>\n<p>\u00a0\u00bb content_hover_title=\u00a0\u00bbCherif Chalakani\u00a0\u00bb content_hover_content=\u00a0\u00bb<\/p>\n<p>Directeur<\/p>\n<p>\u00a0\u00bb hover_type=\u00a0\u00bbfade\u00a0\u00bb content_hover_bg_color=\u00a0\u00bbRGBA(255,255,255,0)\u00a0\u00bb _builder_version=\u00a0\u00bb4.17.3&Prime; _module_preset=\u00a0\u00bbdefault\u00a0\u00bb background_color=\u00a0\u00bbRGBA(0,0,0,0)\u00a0\u00bb hover_enabled=\u00a0\u00bb0&Prime; global_colors_info=\u00a0\u00bb{}\u00a0\u00bb overlay_bg_color_gradient_type_tablet=\u00a0\u00bblinear\u00a0\u00bb overlay_bg_color_gradient_type_phone=\u00a0\u00bblinear\u00a0\u00bb overlay_bg_color_gradient_type__hover=\u00a0\u00bblinear\u00a0\u00bb image_bg_color_gradient_type__hover=\u00a0\u00bblinear\u00a0\u00bb sticky_enabled=\u00a0\u00bb0&Prime;][\/dipi_hover_box][\/et_pb_column][\/et_pb_row][et_pb_row column_structure=\u00a0\u00bb1_2,1_2&Prime; _builder_version=\u00a0\u00bb4.16&Prime; _module_preset=\u00a0\u00bbdefault\u00a0\u00bb width=\u00a0\u00bb70%\u00a0\u00bb global_colors_info=\u00a0\u00bb{}\u00a0\u00bb][et_pb_column type=\u00a0\u00bb1_2&Prime; _builder_version=\u00a0\u00bb4.16&Prime; _module_preset=\u00a0\u00bbdefault\u00a0\u00bb global_colors_info=\u00a0\u00bb{}\u00a0\u00bb][dipi_hover_box content_title=\u00a0\u00bbSandra Berm\u00fadez\t\u00a0\u00bb content_image=\u00a0\u00bbhttps:\/\/www.naranjo-sat.com\/wp-content\/uploads\/2021\/11\/hoffman-france-sandra-bermudez-03-1.jpg\u00a0\u00bb body_text=\u00a0\u00bb<\/p>\n<p>Management et Communications<\/p>\n<div id=%22gtx-trans%22 style=%22position: absolute; left: -195px; top: -10px;%22>\n<div class=%22gtx-trans-icon%22><\/div>\n<\/div>\n<p>\u00a0\u00bb content_hover_title=\u00a0\u00bbSandra Berm\u00fadez\u00a0\u00bb content_hover_content=\u00a0\u00bb<\/p>\n<p>Management et Communication<\/p>\n<div id=%22gtx-trans%22 style=%22position: absolute; left: -63px; top: -10px;%22>\n<div class=%22gtx-trans-icon%22><\/div>\n<\/div>\n<p>\u00a0\u00bb hover_type=\u00a0\u00bbfade\u00a0\u00bb content_hover_bg_color=\u00a0\u00bbRGBA(255,255,255,0)\u00a0\u00bb _builder_version=\u00a0\u00bb4.16&Prime; _module_preset=\u00a0\u00bbdefault\u00a0\u00bb content_desc_line_height=\u00a0\u00bb1.4em\u00a0\u00bb content_hover_desc_line_height=\u00a0\u00bb1.4em\u00a0\u00bb background_color=\u00a0\u00bbRGBA(0,0,0,0)\u00a0\u00bb global_colors_info=\u00a0\u00bb{}\u00a0\u00bb overlay_bg_color_gradient_type_tablet=\u00a0\u00bblinear\u00a0\u00bb overlay_bg_color_gradient_type_phone=\u00a0\u00bblinear\u00a0\u00bb overlay_bg_color_gradient_type__hover=\u00a0\u00bblinear\u00a0\u00bb image_bg_color_gradient_type__hover=\u00a0\u00bblinear\u00a0\u00bb item_bg_color_gradient_type=\u00a0\u00bblinear\u00a0\u00bb overlay_bg_color_gradient_type=\u00a0\u00bblinear\u00a0\u00bb image_bg_color_gradient_type=\u00a0\u00bblinear\u00a0\u00bb front_side_bg_color_gradient_type=\u00a0\u00bblinear\u00a0\u00bb back_side_bg_color_gradient_type=\u00a0\u00bblinear\u00a0\u00bb first_heading_color_gradient_type=\u00a0\u00bblinear\u00a0\u00bb second_heading_color_gradient_type=\u00a0\u00bblinear\u00a0\u00bb background_text_color_gradient_type=\u00a0\u00bblinear\u00a0\u00bb fh_reveal_effect_color_gradient_type=\u00a0\u00bblinear\u00a0\u00bb sh_reveal_effect_color_gradient_type=\u00a0\u00bblinear\u00a0\u00bb][\/dipi_hover_box][\/et_pb_column][et_pb_column type=\u00a0\u00bb1_2&Prime; _builder_version=\u00a0\u00bb4.16&Prime; _module_preset=\u00a0\u00bbdefault\u00a0\u00bb global_colors_info=\u00a0\u00bb{}\u00a0\u00bb][dipi_hover_box content_title=\u00a0\u00bbJos\u00e9e Roy\u00a0\u00bb content_image=\u00a0\u00bbhttps:\/\/www.naranjo-sat.com\/wp-content\/uploads\/2021\/11\/hoffman-france-josee-roy_01.jpg\u00a0\u00bb body_text=\u00a0\u00bb<\/p>\n<p>Gestion du Secr\u00e9tariat<\/p>\n<p>\u00a0\u00bb content_hover_title=\u00a0\u00bbJos\u00e9e Roy\u00a0\u00bb content_hover_content=\u00a0\u00bbGestion du Secr\u00e9tariat \u00a0\u00bb hover_type=\u00a0\u00bbfade\u00a0\u00bb content_hover_bg_color=\u00a0\u00bbRGBA(255,255,255,0)\u00a0\u00bb _builder_version=\u00a0\u00bb4.16&Prime; _module_preset=\u00a0\u00bbdefault\u00a0\u00bb background_color=\u00a0\u00bbRGBA(0,0,0,0)\u00a0\u00bb global_colors_info=\u00a0\u00bb{}\u00a0\u00bb overlay_bg_color_gradient_type_tablet=\u00a0\u00bblinear\u00a0\u00bb overlay_bg_color_gradient_type_phone=\u00a0\u00bblinear\u00a0\u00bb overlay_bg_color_gradient_type__hover=\u00a0\u00bblinear\u00a0\u00bb image_bg_color_gradient_type__hover=\u00a0\u00bblinear\u00a0\u00bb item_bg_color_gradient_type=\u00a0\u00bblinear\u00a0\u00bb overlay_bg_color_gradient_type=\u00a0\u00bblinear\u00a0\u00bb image_bg_color_gradient_type=\u00a0\u00bblinear\u00a0\u00bb front_side_bg_color_gradient_type=\u00a0\u00bblinear\u00a0\u00bb back_side_bg_color_gradient_type=\u00a0\u00bblinear\u00a0\u00bb first_heading_color_gradient_type=\u00a0\u00bblinear\u00a0\u00bb second_heading_color_gradient_type=\u00a0\u00bblinear\u00a0\u00bb background_text_color_gradient_type=\u00a0\u00bblinear\u00a0\u00bb fh_reveal_effect_color_gradient_type=\u00a0\u00bblinear\u00a0\u00bb sh_reveal_effect_color_gradient_type=\u00a0\u00bblinear\u00a0\u00bb][\/dipi_hover_box][\/et_pb_column][\/et_pb_row][et_pb_row column_structure=\u00a0\u00bb1_2,1_2&Prime; _builder_version=\u00a0\u00bb4.16&Prime; _module_preset=\u00a0\u00bbdefault\u00a0\u00bb width=\u00a0\u00bb70%\u00a0\u00bb global_colors_info=\u00a0\u00bb{}\u00a0\u00bb][et_pb_column type=\u00a0\u00bb1_2&Prime; _builder_version=\u00a0\u00bb4.16&Prime; _module_preset=\u00a0\u00bbdefault\u00a0\u00bb global_colors_info=\u00a0\u00bb{}\u00a0\u00bb][dipi_hover_box content_title=\u00a0\u00bbSarah  Buyo  \u00a0\u00bb content_image=\u00a0\u00bbhttps:\/\/www.naranjo-sat.com\/wp-content\/uploads\/2022\/03\/sbj-2022-bn-.jpg\u00a0\u00bb body_text=\u00a0\u00bb<\/p>\n<p>Graphisme &#038; Webdesign<\/p>\n<p>\u00a0\u00bb content_hover_title=\u00a0\u00bbSarah Buyo\u00a0\u00bb content_hover_content=\u00a0\u00bb<\/p>\n<p>Graphisme &#038; Webdesign<\/p>\n<p>\u00a0\u00bb hover_type=\u00a0\u00bbfade\u00a0\u00bb content_hover_bg_color=\u00a0\u00bbRGBA(255,255,255,0)\u00a0\u00bb _builder_version=\u00a0\u00bb4.16&Prime; _module_preset=\u00a0\u00bbdefault\u00a0\u00bb background_color=\u00a0\u00bbRGBA(0,0,0,0)\u00a0\u00bb global_colors_info=\u00a0\u00bb{}\u00a0\u00bb overlay_bg_color_gradient_type_tablet=\u00a0\u00bblinear\u00a0\u00bb overlay_bg_color_gradient_type_phone=\u00a0\u00bblinear\u00a0\u00bb overlay_bg_color_gradient_type__hover=\u00a0\u00bblinear\u00a0\u00bb image_bg_color_gradient_type__hover=\u00a0\u00bblinear\u00a0\u00bb item_bg_color_gradient_type=\u00a0\u00bblinear\u00a0\u00bb overlay_bg_color_gradient_type=\u00a0\u00bblinear\u00a0\u00bb image_bg_color_gradient_type=\u00a0\u00bblinear\u00a0\u00bb front_side_bg_color_gradient_type=\u00a0\u00bblinear\u00a0\u00bb back_side_bg_color_gradient_type=\u00a0\u00bblinear\u00a0\u00bb first_heading_color_gradient_type=\u00a0\u00bblinear\u00a0\u00bb second_heading_color_gradient_type=\u00a0\u00bblinear\u00a0\u00bb background_text_color_gradient_type=\u00a0\u00bblinear\u00a0\u00bb fh_reveal_effect_color_gradient_type=\u00a0\u00bblinear\u00a0\u00bb sh_reveal_effect_color_gradient_type=\u00a0\u00bblinear\u00a0\u00bb][\/dipi_hover_box][\/et_pb_column][et_pb_column type=\u00a0\u00bb1_2&Prime; _builder_version=\u00a0\u00bb4.16&Prime; _module_preset=\u00a0\u00bbdefault\u00a0\u00bb global_colors_info=\u00a0\u00bb{}\u00a0\u00bb][dipi_hover_box content_title=\u00a0\u00bbSophie Friedel\u00a0\u00bb content_image=\u00a0\u00bbhttps:\/\/www.naranjo-sat.com\/wp-content\/uploads\/2021\/11\/hoffman-france-sophie-friedel.jpg\u00a0\u00bb body_text=\u00a0\u00bb<\/p>\n<p>Organisation de s\u00e9minaires<\/p>\n<p>\u00a0\u00bb content_hover_title=\u00a0\u00bbSophie Friedel\u00a0\u00bb content_hover_content=\u00a0\u00bb<\/p>\n<p>Organisation de s\u00e9minaires<\/p>\n<p>\u00a0\u00bb hover_type=\u00a0\u00bbfade\u00a0\u00bb animation_speed=\u00a0\u00bb500ms\u00a0\u00bb content_hover_bg_color=\u00a0\u00bbRGBA(255,255,255,0)\u00a0\u00bb _builder_version=\u00a0\u00bb4.16&Prime; _module_preset=\u00a0\u00bbdefault\u00a0\u00bb background_color=\u00a0\u00bbRGBA(0,0,0,0)\u00a0\u00bb global_colors_info=\u00a0\u00bb{}\u00a0\u00bb overlay_bg_color_gradient_type_tablet=\u00a0\u00bblinear\u00a0\u00bb overlay_bg_color_gradient_type_phone=\u00a0\u00bblinear\u00a0\u00bb overlay_bg_color_gradient_type__hover=\u00a0\u00bblinear\u00a0\u00bb image_bg_color_gradient_type__hover=\u00a0\u00bblinear\u00a0\u00bb item_bg_color_gradient_type=\u00a0\u00bblinear\u00a0\u00bb overlay_bg_color_gradient_type=\u00a0\u00bblinear\u00a0\u00bb image_bg_color_gradient_type=\u00a0\u00bblinear\u00a0\u00bb front_side_bg_color_gradient_type=\u00a0\u00bblinear\u00a0\u00bb back_side_bg_color_gradient_type=\u00a0\u00bblinear\u00a0\u00bb first_heading_color_gradient_type=\u00a0\u00bblinear\u00a0\u00bb second_heading_color_gradient_type=\u00a0\u00bblinear\u00a0\u00bb background_text_color_gradient_type=\u00a0\u00bblinear\u00a0\u00bb fh_reveal_effect_color_gradient_type=\u00a0\u00bblinear\u00a0\u00bb sh_reveal_effect_color_gradient_type=\u00a0\u00bblinear\u00a0\u00bb][\/dipi_hover_box][\/et_pb_column][\/et_pb_row][et_pb_row column_structure=\u00a0\u00bb1_2,1_2&Prime; _builder_version=\u00a0\u00bb4.16&Prime; _module_preset=\u00a0\u00bbdefault\u00a0\u00bb width=\u00a0\u00bb70%\u00a0\u00bb global_colors_info=\u00a0\u00bb{}\u00a0\u00bb][et_pb_column type=\u00a0\u00bb1_2&Prime; _builder_version=\u00a0\u00bb4.16&Prime; _module_preset=\u00a0\u00bbdefault\u00a0\u00bb global_colors_info=\u00a0\u00bb{}\u00a0\u00bb][dipi_hover_box content_title=\u00a0\u00bbAndreas Eggebrecht \u00a0\u00bb content_image=\u00a0\u00bbhttps:\/\/www.naranjo-sat.com\/wp-content\/uploads\/2022\/02\/hoffman-france-andreas-eggebrecht_04.jpg\u00a0\u00bb body_text=\u00a0\u00bb<\/p>\n<p>Gestionnaire de base de donn\u00e9es<\/p>\n<div id=%22gtx-trans%22 style=%22position: absolute; left: -50px; top: -10px;%22>\n<div class=%22gtx-trans-icon%22><\/div>\n<\/div>\n<p>\u00a0\u00bb content_hover_title=\u00a0\u00bbAndreas Eggebrecht \u00a0\u00bb content_hover_image_alt=\u00a0\u00bbDatabase Manager\u00a0\u00bb content_hover_content=\u00a0\u00bb<\/p>\n<p>Gestionnaire de base de donn\u00e9es<\/p>\n<p>\u00a0\u00bb hover_type=\u00a0\u00bbfade\u00a0\u00bb content_hover_bg_color=\u00a0\u00bbRGBA(255,255,255,0)\u00a0\u00bb _builder_version=\u00a0\u00bb4.16&Prime; _module_preset=\u00a0\u00bbdefault\u00a0\u00bb background_color=\u00a0\u00bbRGBA(0,0,0,0)\u00a0\u00bb global_colors_info=\u00a0\u00bb{}\u00a0\u00bb overlay_bg_color_gradient_type_tablet=\u00a0\u00bblinear\u00a0\u00bb overlay_bg_color_gradient_type_phone=\u00a0\u00bblinear\u00a0\u00bb overlay_bg_color_gradient_type__hover=\u00a0\u00bblinear\u00a0\u00bb image_bg_color_gradient_type__hover=\u00a0\u00bblinear\u00a0\u00bb item_bg_color_gradient_type=\u00a0\u00bblinear\u00a0\u00bb overlay_bg_color_gradient_type=\u00a0\u00bblinear\u00a0\u00bb image_bg_color_gradient_type=\u00a0\u00bblinear\u00a0\u00bb front_side_bg_color_gradient_type=\u00a0\u00bblinear\u00a0\u00bb back_side_bg_color_gradient_type=\u00a0\u00bblinear\u00a0\u00bb first_heading_color_gradient_type=\u00a0\u00bblinear\u00a0\u00bb second_heading_color_gradient_type=\u00a0\u00bblinear\u00a0\u00bb background_text_color_gradient_type=\u00a0\u00bblinear\u00a0\u00bb fh_reveal_effect_color_gradient_type=\u00a0\u00bblinear\u00a0\u00bb sh_reveal_effect_color_gradient_type=\u00a0\u00bblinear\u00a0\u00bb][\/dipi_hover_box][\/et_pb_column][et_pb_column type=\u00a0\u00bb1_2&Prime; _builder_version=\u00a0\u00bb4.16&Prime; _module_preset=\u00a0\u00bbdefault\u00a0\u00bb global_colors_info=\u00a0\u00bb{}\u00a0\u00bb][dipi_hover_box content_title=\u00a0\u00bbKevin Lab\u00e9cot\u00a0\u00bb content_image=\u00a0\u00bbhttps:\/\/www.naranjo-sat.com\/wp-content\/uploads\/2022\/03\/hoffnan-france-k-l.jpg\u00a0\u00bb body_text=\u00a0\u00bb<\/p>\n<p>Infog\u00e9rance et d\u00e9veloppement<\/p>\n<div id=%22gtx-trans%22 style=%22position: absolute; left: -99px; top: -10px;%22>\n<div class=%22gtx-trans-icon%22><\/div>\n<\/div>\n<p>\u00a0\u00bb content_hover_title=\u00a0\u00bbKevin Lab\u00e9cot\u00a0\u00bb content_hover_content=\u00a0\u00bb<\/p>\n<p>Infog\u00e9rance et d\u00e9veloppement<\/p>\n<div id=%22gtx-trans%22 style=%22position: absolute; left: -98px; top: -10px;%22>\n<div class=%22gtx-trans-icon%22><\/div>\n<\/div>\n<p>\u00a0\u00bb hover_type=\u00a0\u00bbfade\u00a0\u00bb content_hover_bg_color=\u00a0\u00bbRGBA(255,255,255,0)\u00a0\u00bb _builder_version=\u00a0\u00bb4.16&Prime; _module_preset=\u00a0\u00bbdefault\u00a0\u00bb content_title_line_height=\u00a0\u00bb0.6em\u00a0\u00bb content_desc_line_height=\u00a0\u00bb1.4em\u00a0\u00bb content_hover_title_line_height=\u00a0\u00bb0em\u00a0\u00bb content_hover_desc_line_height=\u00a0\u00bb1.4em\u00a0\u00bb background_color=\u00a0\u00bbRGBA(0,0,0,0)\u00a0\u00bb global_colors_info=\u00a0\u00bb{}\u00a0\u00bb overlay_bg_color_gradient_type_tablet=\u00a0\u00bblinear\u00a0\u00bb overlay_bg_color_gradient_type_phone=\u00a0\u00bblinear\u00a0\u00bb overlay_bg_color_gradient_type__hover=\u00a0\u00bblinear\u00a0\u00bb image_bg_color_gradient_type__hover=\u00a0\u00bblinear\u00a0\u00bb item_bg_color_gradient_type=\u00a0\u00bblinear\u00a0\u00bb overlay_bg_color_gradient_type=\u00a0\u00bblinear\u00a0\u00bb image_bg_color_gradient_type=\u00a0\u00bblinear\u00a0\u00bb front_side_bg_color_gradient_type=\u00a0\u00bblinear\u00a0\u00bb back_side_bg_color_gradient_type=\u00a0\u00bblinear\u00a0\u00bb first_heading_color_gradient_type=\u00a0\u00bblinear\u00a0\u00bb second_heading_color_gradient_type=\u00a0\u00bblinear\u00a0\u00bb background_text_color_gradient_type=\u00a0\u00bblinear\u00a0\u00bb fh_reveal_effect_color_gradient_type=\u00a0\u00bblinear\u00a0\u00bb sh_reveal_effect_color_gradient_type=\u00a0\u00bblinear\u00a0\u00bb][\/dipi_hover_box][\/et_pb_column][\/et_pb_row][et_pb_row _builder_version=\u00a0\u00bb4.16&Prime; _module_preset=\u00a0\u00bbdefault\u00a0\u00bb global_colors_info=\u00a0\u00bb{}\u00a0\u00bb][et_pb_column type=\u00a0\u00bb4_4&Prime; _builder_version=\u00a0\u00bb4.16&Prime; _module_preset=\u00a0\u00bbdefault\u00a0\u00bb global_colors_info=\u00a0\u00bb{}\u00a0\u00bb][dipi_hover_box content_title=\u00a0\u00bbKarin Reuter\u00a0\u00bb content_image=\u00a0\u00bbhttps:\/\/www.naranjo-sat.com\/wp-content\/uploads\/2021\/11\/hoffman-france-karin-reuter.jpg\u00a0\u00bb body_text=\u00a0\u00bb<\/p>\n<p>Fondatrice de l\u00b4Institut<\/p>\n<p>\u00a0\u00bb content_hover_title=\u00a0\u00bbKarin Reuter\u00a0\u00bb content_hover_content=\u00a0\u00bb<\/p>\n<p>Fondatrice de l\u00b4Institut<\/p>\n<p>\u00a0\u00bb hover_type=\u00a0\u00bbfade\u00a0\u00bb content_hover_bg_color=\u00a0\u00bbRGBA(255,255,255,0)\u00a0\u00bb _builder_version=\u00a0\u00bb4.16&Prime; _module_preset=\u00a0\u00bbdefault\u00a0\u00bb background_color=\u00a0\u00bbRGBA(0,0,0,0)\u00a0\u00bb global_colors_info=\u00a0\u00bb{}\u00a0\u00bb overlay_bg_color_gradient_type_tablet=\u00a0\u00bblinear\u00a0\u00bb overlay_bg_color_gradient_type_phone=\u00a0\u00bblinear\u00a0\u00bb overlay_bg_color_gradient_type__hover=\u00a0\u00bblinear\u00a0\u00bb image_bg_color_gradient_type__hover=\u00a0\u00bblinear\u00a0\u00bb item_bg_color_gradient_type=\u00a0\u00bblinear\u00a0\u00bb overlay_bg_color_gradient_type=\u00a0\u00bblinear\u00a0\u00bb image_bg_color_gradient_type=\u00a0\u00bblinear\u00a0\u00bb front_side_bg_color_gradient_type=\u00a0\u00bblinear\u00a0\u00bb back_side_bg_color_gradient_type=\u00a0\u00bblinear\u00a0\u00bb first_heading_color_gradient_type=\u00a0\u00bblinear\u00a0\u00bb second_heading_color_gradient_type=\u00a0\u00bblinear\u00a0\u00bb background_text_color_gradient_type=\u00a0\u00bblinear\u00a0\u00bb fh_reveal_effect_color_gradient_type=\u00a0\u00bblinear\u00a0\u00bb sh_reveal_effect_color_gradient_type=\u00a0\u00bblinear\u00a0\u00bb][\/dipi_hover_box][\/et_pb_column][\/et_pb_row][\/et_pb_section]<\/p>\n","protected":false},"excerpt":{"rendered":"<p><div class=\"et_pb_module dipi_breadcrumbs dipi_breadcrumbs_0\">\n\t\t\t\t\n\t\t\t\t\n\t\t\t\t\n\t\t\t\t\n\t\t\t\t\n\t\t\t\t\n\t\t\t\t<div class=\"et_pb_module_inner\">\n\t\t\t\t\t<div class=\"dipi-breadcrumbs dipi-bc-right\">\n                <ul >\n                    \n                                                        <li  class=\"dipi-breadcrumb-item dipi-breadcrumb-home\">\n\n                        \n                            <a  href=\"\">\n                                <span  content=\"Accueil\">\n                                                                        Accueil                                <\/span>\n                            <\/a>\n\n                                                <meta itemprop=\"position\" content=\"1\"\/>                    <\/li>\n\n                    <li class=\"dipi-breadcrumb-separator\">\n                    <span class=\"et-pb-icon dipi-separator-icon\">$<\/span>\n                <\/li>                            \n                <\/ul>\n            <\/div>\n\t\t\t\t<\/div>\n\t\t\t<\/div>Hoffman France : une \u00e9quipe multidisciplinaire Des professionnels au service du Processus Notre Institut s\u2019est entour\u00e9 d\u00b4une \u00e9quipe de professionnels multidisciplinaires, dont le r\u00f4le est de veiller \u00e0 ce que vous soyez accueilli dans des [&hellip;]<\/p>\n","protected":false},"author":1,"featured_media":0,"parent":420,"menu_order":0,"comment_status":"closed","ping_status":"closed","template":"","meta":{"_et_pb_use_builder":"on","_et_pb_old_content":"","_et_gb_content_width":"","footnotes":""},"dipi_cpt_category":[],"class_list":["post-479","page","type-page","status-publish","hentry"],"aioseo_notices":[],"_links":{"self":[{"href":"https:\/\/www.naranjo-sat.com\/fr\/wp-json\/wp\/v2\/pages\/479","targetHints":{"allow":["GET"]}}],"collection":[{"href":"https:\/\/www.naranjo-sat.com\/fr\/wp-json\/wp\/v2\/pages"}],"about":[{"href":"https:\/\/www.naranjo-sat.com\/fr\/wp-json\/wp\/v2\/types\/page"}],"author":[{"embeddable":true,"href":"https:\/\/www.naranjo-sat.com\/fr\/wp-json\/wp\/v2\/users\/1"}],"replies":[{"embeddable":true,"href":"https:\/\/www.naranjo-sat.com\/fr\/wp-json\/wp\/v2\/comments?post=479"}],"version-history":[{"count":42,"href":"https:\/\/www.naranjo-sat.com\/fr\/wp-json\/wp\/v2\/pages\/479\/revisions"}],"predecessor-version":[{"id":4749,"href":"https:\/\/www.naranjo-sat.com\/fr\/wp-json\/wp\/v2\/pages\/479\/revisions\/4749"}],"up":[{"embeddable":true,"href":"https:\/\/www.naranjo-sat.com\/fr\/wp-json\/wp\/v2\/pages\/420"}],"wp:attachment":[{"href":"https:\/\/www.naranjo-sat.com\/fr\/wp-json\/wp\/v2\/media?parent=479"}],"wp:term":[{"taxonomy":"dipi_cpt_category","embeddable":true,"href":"https:\/\/www.naranjo-sat.com\/fr\/wp-json\/wp\/v2\/dipi_cpt_category?post=479"}],"curies":[{"name":"wp","href":"https:\/\/api.w.org\/{rel}","templated":true}]}}